{"id":168,"date":"2020-06-09T08:44:17","date_gmt":"2020-06-09T12:44:17","guid":{"rendered":"https:\/\/clx.artechdigital.net\/?page_id=168"},"modified":"2020-06-19T09:42:15","modified_gmt":"2020-06-19T13:42:15","slug":"quienes-somos","status":"publish","type":"page","link":"https:\/\/www.clxonline.com\/es\/quienes-somos\/","title":{"rendered":"Quienes Somos"},"content":{"rendered":"<p>[et_pb_section fb_built=\u00bb1&#8243; fullwidth=\u00bbon\u00bb _builder_version=\u00bb4.4.7&#8243;][et_pb_fullwidth_code _builder_version=\u00bb4.4.7&#8243; hover_enabled=\u00bb0&#8243;]<div id=\"metaslider-id-181\" style=\"max-width: 1920px;\" class=\"ml-slider-3-107-0 metaslider metaslider-flex metaslider-181 ml-slider has-dots-nav ms-theme-default\" role=\"region\" aria-label=\"slider about destock esp\" data-height=\"1080\" data-width=\"1920\">\n    <div id=\"metaslider_container_181\">\n        <div id=\"metaslider_181\">\n            <ul class='slides'>\n                <li style=\"display: block; width: 100%;\" class=\"slide-185 ms-image \" aria-roledescription=\"slide\" data-date=\"2020-06-09 10:02:34\" data-filename=\"nuevo-slider-about-clx-online.jpg\" data-slide-type=\"image\"><img loading=\"lazy\" decoding=\"async\" src=\"https:\/\/www.clxonline.com\/wp-content\/uploads\/2020\/06\/nuevo-slider-about-clx-online.jpg\" height=\"1080\" width=\"1920\" alt=\"\" class=\"slider-181 slide-185 msDefaultImage\" title=\"nuevo-slider-about-clx-online\" \/><\/li>\n            <\/ul>\n        <\/div>\n        \n    <\/div>\n<\/div>[\/et_pb_fullwidth_code][\/et_pb_section][et_pb_section fb_built=\u00bb1&#8243; admin_label=\u00bbFullwidth Image\u00bb _builder_version=\u00bb3.22&#8243; custom_padding=\u00bb110px|0px|110px|0px\u00bb][et_pb_row _builder_version=\u00bb3.25&#8243; background_size=\u00bbinitial\u00bb background_position=\u00bbtop_left\u00bb background_repeat=\u00bbrepeat\u00bb][et_pb_column type=\u00bb4_4&#8243; _builder_version=\u00bb3.25&#8243; custom_padding=\u00bb|||\u00bb custom_padding__hover=\u00bb|||\u00bb][et_pb_image src=\u00bbhttps:\/\/clx.artechdigital.net\/wp-content\/uploads\/2020\/06\/clx-abou-1-nuevo.png\u00bb title_text=\u00bbclx-abou-1-nuevo\u00bb show_in_lightbox=\u00bbon\u00bb align_tablet=\u00bbcenter\u00bb align_phone=\u00bb\u00bb align_last_edited=\u00bbon|desktop\u00bb _builder_version=\u00bb4.4.7&#8243; animation_style=\u00bbslide\u00bb animation_direction=\u00bbbottom\u00bb animation_intensity_slide=\u00bb2%\u00bb][\/et_pb_image][et_pb_text _builder_version=\u00bb3.27.4&#8243; text_text_color=\u00bb#747d88&#8243; text_font_size=\u00bb24px\u00bb text_line_height=\u00bb1.8em\u00bb background_size=\u00bbinitial\u00bb background_position=\u00bbtop_left\u00bb background_repeat=\u00bbrepeat\u00bb text_orientation=\u00bbcenter\u00bb max_width=\u00bb700px\u00bb module_alignment=\u00bbcenter\u00bb animation_style=\u00bbfade\u00bb animation_direction=\u00bbtop\u00bb]<\/p>\n<p><span>CLX Online Oficial Partner de la marca Samsung nace en el a\u00f1o 2020 y entra al mercado digital para ofrecer lo \u00faltimo en tecnolog\u00eda, a las principales ciudades de Am\u00e9rica Latina y el sur de los Estados Unidos.<\/span><\/p>\n<p>[\/et_pb_text][\/et_pb_column][\/et_pb_row][\/et_pb_section][et_pb_section fb_built=\u00bb1&#8243; admin_label=\u00bbText and Image\u00bb _builder_version=\u00bb3.22&#8243; background_color=\u00bb#f7f7f7&#8243; custom_padding=\u00bb110px|0px|110px|0px\u00bb][et_pb_row column_structure=\u00bb1_2,1_2&#8243; _builder_version=\u00bb3.25&#8243; background_size=\u00bbinitial\u00bb background_position=\u00bbtop_left\u00bb background_repeat=\u00bbrepeat\u00bb][et_pb_column type=\u00bb1_2&#8243; _builder_version=\u00bb3.25&#8243; custom_padding=\u00bb|||\u00bb custom_padding__hover=\u00bb|||\u00bb][et_pb_image src=\u00bbhttps:\/\/clx.artechdigital.net\/wp-content\/uploads\/2020\/06\/clx-abouy-nuevo-1.png\u00bb title_text=\u00bbclx-abouy-nuevo-1&#8243; align_tablet=\u00bbcenter\u00bb align_phone=\u00bb\u00bb align_last_edited=\u00bbon|desktop\u00bb _builder_version=\u00bb4.4.7&#8243; animation_style=\u00bbslide\u00bb animation_direction=\u00bbright\u00bb animation_intensity_slide=\u00bb10%\u00bb][\/et_pb_image][\/et_pb_column][et_pb_column type=\u00bb1_2&#8243; _builder_version=\u00bb3.25&#8243; custom_padding=\u00bb|||\u00bb custom_padding__hover=\u00bb|||\u00bb][et_pb_text _builder_version=\u00bb4.4.7&#8243; text_font=\u00bb||||||||\u00bb text_text_color=\u00bb#747d88&#8243; text_font_size=\u00bb20px\u00bb text_line_height=\u00bb1.8em\u00bb header_font=\u00bb||||||||\u00bb header_3_font=\u00bbMontserrat||||||||\u00bb header_3_line_height=\u00bb1.5em\u00bb background_size=\u00bbinitial\u00bb background_position=\u00bbtop_left\u00bb background_repeat=\u00bbrepeat\u00bb max_width=\u00bb700px\u00bb module_alignment=\u00bbcenter\u00bb custom_margin=\u00bb120px|||\u00bb animation_style=\u00bbfade\u00bb animation_direction=\u00bbtop\u00bb]<\/p>\n<h3>Actualmente ofrece la venta de productos para el hogar (home appliances), TV\u00bbs, smartphones y equipos electr\u00f3nicos, a trav\u00e9s de nuestra plataforma tecnol\u00f3gica y el portal web www.clxonline.com.\t<\/p>\n<p>A trav\u00e9s de nuestros asesores de ventas, que conforma un selecto equipo de trabajo, se atienden a diario a un gran n\u00famero de clientes.<\/h3>\n<p>[\/et_pb_text][\/et_pb_column][\/et_pb_row][\/et_pb_section][et_pb_section fb_built=\u00bb1&#8243; admin_label=\u00bbImage and Text\u00bb _builder_version=\u00bb3.22&#8243; background_color=\u00bb#ffffff\u00bb custom_padding=\u00bb110px|0px|110px|0px\u00bb][et_pb_row column_structure=\u00bb1_2,1_2&#8243; _builder_version=\u00bb3.25&#8243; background_size=\u00bbinitial\u00bb background_position=\u00bbtop_left\u00bb background_repeat=\u00bbrepeat\u00bb][et_pb_column type=\u00bb1_2&#8243; _builder_version=\u00bb3.25&#8243; custom_padding=\u00bb|||\u00bb custom_padding__hover=\u00bb|||\u00bb][et_pb_image src=\u00bbhttps:\/\/clx.artechdigital.net\/wp-content\/uploads\/2020\/06\/clx-about-5.jpg\u00bb title_text=\u00bbclx-about-5&#8243; show_in_lightbox=\u00bbon\u00bb align_tablet=\u00bbcenter\u00bb align_phone=\u00bb\u00bb align_last_edited=\u00bbon|desktop\u00bb _builder_version=\u00bb4.4.7&#8243; animation_style=\u00bbslide\u00bb animation_direction=\u00bbleft\u00bb animation_intensity_slide=\u00bb10%\u00bb][\/et_pb_image][\/et_pb_column][et_pb_column type=\u00bb1_2&#8243; _builder_version=\u00bb3.25&#8243; custom_padding=\u00bb|||\u00bb custom_padding__hover=\u00bb|||\u00bb][et_pb_text _builder_version=\u00bb4.4.7&#8243; text_font=\u00bb||||||||\u00bb text_text_color=\u00bb#747d88&#8243; text_font_size=\u00bb20px\u00bb text_line_height=\u00bb1.8em\u00bb header_font=\u00bb||||||||\u00bb header_3_font=\u00bbMontserrat||||||||\u00bb header_3_line_height=\u00bb1.5em\u00bb background_size=\u00bbinitial\u00bb background_position=\u00bbtop_left\u00bb background_repeat=\u00bbrepeat\u00bb max_width=\u00bb700px\u00bb module_alignment=\u00bbcenter\u00bb custom_margin=\u00bb24px|||||\u00bb animation_style=\u00bbfade\u00bb animation_direction=\u00bbtop\u00bb]<\/p>\n<h3>CLX Online se encuentra comprometida con su clientela, al reforzar constantemente sus plataformas digitales, en pro del bienestar de sus clientes, inmediatez en su compra y crecimiento tecnol\u00f3gico de la sociedad.<\/h3>\n<p>[\/et_pb_text][\/et_pb_column][\/et_pb_row][\/et_pb_section]<\/p>\n","protected":false},"excerpt":{"rendered":"<p><div id=\"metaslider-id-181\" style=\"max-width: 1920px;\" class=\"ml-slider-3-107-0 metaslider metaslider-flex metaslider-181 ml-slider has-dots-nav ms-theme-default\" role=\"region\" aria-label=\"slider about destock esp\" data-height=\"1080\" data-width=\"1920\">\n    <div id=\"metaslider_container_181\">\n        <div id=\"metaslider_181\">\n            <ul class='slides'>\n                <li style=\"display: block; width: 100%;\" class=\"slide-185 ms-image \" aria-roledescription=\"slide\" data-date=\"2020-06-09 10:02:34\" data-filename=\"nuevo-slider-about-clx-online.jpg\" data-slide-type=\"image\"><img loading=\"lazy\" decoding=\"async\" src=\"https:\/\/www.clxonline.com\/wp-content\/uploads\/2020\/06\/nuevo-slider-about-clx-online.jpg\" height=\"1080\" width=\"1920\" alt=\"\" class=\"slider-181 slide-185 msDefaultImage\" title=\"nuevo-slider-about-clx-online\" \/><\/li>\n            <\/ul>\n        <\/div>\n        \n    <\/div>\n<\/div>CLX Online Oficial Partner de la marca Samsung nace en el a\u00f1o 2020 y entra al mercado digital para ofrecer lo \u00faltimo en tecnolog\u00eda, a las principales ciudades de Am\u00e9rica Latina y el sur de los Estados Unidos.Actualmente ofrece la venta de productos para el hogar (home appliances), TV\u00bbs, smartphones y equipos electr\u00f3nicos, a [&hellip;]<\/p>\n","protected":false},"author":1,"featured_media":0,"parent":0,"menu_order":0,"comment_status":"closed","ping_status":"closed","template":"","meta":{"_et_pb_use_builder":"on","_et_pb_old_content":"","_et_gb_content_width":"","footnotes":""},"class_list":["post-168","page","type-page","status-publish","hentry"],"yoast_head":"<!-- This site is optimized with the Yoast SEO Premium plugin v21.9 (Yoast SEO v27.2) - https:\/\/yoast.com\/product\/yoast-seo-premium-wordpress\/ -->\n<title>Quienes Somos - CLX Online<\/title>\n<meta name=\"robots\" content=\"index, follow, max-snippet:-1, max-image-preview:large, max-video-preview:-1\" \/>\n<link rel=\"canonical\" href=\"https:\/\/www.clxonline.com\/es\/quienes-somos\/\" \/>\n<meta property=\"og:locale\" content=\"es_ES\" \/>\n<meta property=\"og:type\" content=\"article\" \/>\n<meta property=\"og:title\" content=\"Quienes Somos\" \/>\n<meta property=\"og:description\" content=\"CLX Online Oficial Partner de la marca Samsung nace en el a\u00f1o 2020 y entra al mercado digital para ofrecer lo \u00faltimo en tecnolog\u00eda, a las principales ciudades de Am\u00e9rica Latina y el sur de los Estados Unidos.Actualmente ofrece la venta de productos para el hogar (home appliances), TV&quot;s, smartphones y equipos electr\u00f3nicos, a [&hellip;]\" \/>\n<meta property=\"og:url\" content=\"https:\/\/www.clxonline.com\/es\/quienes-somos\/\" \/>\n<meta property=\"og:site_name\" content=\"CLX Online\" \/>\n<meta property=\"article:modified_time\" content=\"2020-06-19T13:42:15+00:00\" \/>\n<meta name=\"twitter:card\" content=\"summary_large_image\" \/>\n<meta name=\"twitter:label1\" content=\"Tiempo de lectura\" \/>\n\t<meta name=\"twitter:data1\" content=\"3 minutos\" \/>\n<script type=\"application\/ld+json\" class=\"yoast-schema-graph\">{\"@context\":\"https:\/\/schema.org\",\"@graph\":[{\"@type\":\"WebPage\",\"@id\":\"https:\/\/www.clxonline.com\/es\/quienes-somos\/\",\"url\":\"https:\/\/www.clxonline.com\/es\/quienes-somos\/\",\"name\":\"Quienes Somos - CLX Online\",\"isPartOf\":{\"@id\":\"https:\/\/www.clxonline.com\/es\/#website\"},\"datePublished\":\"2020-06-09T12:44:17+00:00\",\"dateModified\":\"2020-06-19T13:42:15+00:00\",\"breadcrumb\":{\"@id\":\"https:\/\/www.clxonline.com\/es\/quienes-somos\/#breadcrumb\"},\"inLanguage\":\"es\",\"potentialAction\":[{\"@type\":\"ReadAction\",\"target\":[\"https:\/\/www.clxonline.com\/es\/quienes-somos\/\"]}]},{\"@type\":\"BreadcrumbList\",\"@id\":\"https:\/\/www.clxonline.com\/es\/quienes-somos\/#breadcrumb\",\"itemListElement\":[{\"@type\":\"ListItem\",\"position\":1,\"name\":\"Home\",\"item\":\"https:\/\/www.clxonline.com\/\"},{\"@type\":\"ListItem\",\"position\":2,\"name\":\"Quienes Somos\"}]},{\"@type\":\"WebSite\",\"@id\":\"https:\/\/www.clxonline.com\/es\/#website\",\"url\":\"https:\/\/www.clxonline.com\/es\/\",\"name\":\"CLX Online\",\"description\":\"Offical Partner\",\"potentialAction\":[{\"@type\":\"SearchAction\",\"target\":{\"@type\":\"EntryPoint\",\"urlTemplate\":\"https:\/\/www.clxonline.com\/es\/?s={search_term_string}\"},\"query-input\":{\"@type\":\"PropertyValueSpecification\",\"valueRequired\":true,\"valueName\":\"search_term_string\"}}],\"inLanguage\":\"es\"}]}<\/script>\n<!-- \/ Yoast SEO Premium plugin. -->","yoast_head_json":{"title":"Quienes Somos - CLX Online","robots":{"index":"index","follow":"follow","max-snippet":"max-snippet:-1","max-image-preview":"max-image-preview:large","max-video-preview":"max-video-preview:-1"},"canonical":"https:\/\/www.clxonline.com\/es\/quienes-somos\/","og_locale":"es_ES","og_type":"article","og_title":"Quienes Somos","og_description":"CLX Online Oficial Partner de la marca Samsung nace en el a\u00f1o 2020 y entra al mercado digital para ofrecer lo \u00faltimo en tecnolog\u00eda, a las principales ciudades de Am\u00e9rica Latina y el sur de los Estados Unidos.Actualmente ofrece la venta de productos para el hogar (home appliances), TV\"s, smartphones y equipos electr\u00f3nicos, a [&hellip;]","og_url":"https:\/\/www.clxonline.com\/es\/quienes-somos\/","og_site_name":"CLX Online","article_modified_time":"2020-06-19T13:42:15+00:00","twitter_card":"summary_large_image","twitter_misc":{"Tiempo de lectura":"3 minutos"},"schema":{"@context":"https:\/\/schema.org","@graph":[{"@type":"WebPage","@id":"https:\/\/www.clxonline.com\/es\/quienes-somos\/","url":"https:\/\/www.clxonline.com\/es\/quienes-somos\/","name":"Quienes Somos - CLX Online","isPartOf":{"@id":"https:\/\/www.clxonline.com\/es\/#website"},"datePublished":"2020-06-09T12:44:17+00:00","dateModified":"2020-06-19T13:42:15+00:00","breadcrumb":{"@id":"https:\/\/www.clxonline.com\/es\/quienes-somos\/#breadcrumb"},"inLanguage":"es","potentialAction":[{"@type":"ReadAction","target":["https:\/\/www.clxonline.com\/es\/quienes-somos\/"]}]},{"@type":"BreadcrumbList","@id":"https:\/\/www.clxonline.com\/es\/quienes-somos\/#breadcrumb","itemListElement":[{"@type":"ListItem","position":1,"name":"Home","item":"https:\/\/www.clxonline.com\/"},{"@type":"ListItem","position":2,"name":"Quienes Somos"}]},{"@type":"WebSite","@id":"https:\/\/www.clxonline.com\/es\/#website","url":"https:\/\/www.clxonline.com\/es\/","name":"CLX Online","description":"Offical Partner","potentialAction":[{"@type":"SearchAction","target":{"@type":"EntryPoint","urlTemplate":"https:\/\/www.clxonline.com\/es\/?s={search_term_string}"},"query-input":{"@type":"PropertyValueSpecification","valueRequired":true,"valueName":"search_term_string"}}],"inLanguage":"es"}]}},"_links":{"self":[{"href":"https:\/\/www.clxonline.com\/es\/wp-json\/wp\/v2\/pages\/168","targetHints":{"allow":["GET"]}}],"collection":[{"href":"https:\/\/www.clxonline.com\/es\/wp-json\/wp\/v2\/pages"}],"about":[{"href":"https:\/\/www.clxonline.com\/es\/wp-json\/wp\/v2\/types\/page"}],"author":[{"embeddable":true,"href":"https:\/\/www.clxonline.com\/es\/wp-json\/wp\/v2\/users\/1"}],"replies":[{"embeddable":true,"href":"https:\/\/www.clxonline.com\/es\/wp-json\/wp\/v2\/comments?post=168"}],"version-history":[{"count":5,"href":"https:\/\/www.clxonline.com\/es\/wp-json\/wp\/v2\/pages\/168\/revisions"}],"predecessor-version":[{"id":241,"href":"https:\/\/www.clxonline.com\/es\/wp-json\/wp\/v2\/pages\/168\/revisions\/241"}],"wp:attachment":[{"href":"https:\/\/www.clxonline.com\/es\/wp-json\/wp\/v2\/media?parent=168"}],"curies":[{"name":"wp","href":"https:\/\/api.w.org\/{rel}","templated":true}]}}