{"id":2492,"date":"2022-03-22T14:35:16","date_gmt":"2022-03-22T18:35:16","guid":{"rendered":"https:\/\/www.clxonline.com\/?page_id=2492"},"modified":"2022-03-23T14:51:03","modified_gmt":"2022-03-23T18:51:03","slug":"nasar-ramadan-dagga-mujamad-prestigio-empresarial","status":"publish","type":"page","link":"https:\/\/www.clxonline.com\/es\/nasar-ramadan-dagga-mujamad-prestigio-empresarial\/","title":{"rendered":"Nasar Dagga prestigio empresarial"},"content":{"rendered":"<p><a title=\"Nasar Ramadan Dagga\" href=\"https:\/\/nasardagga.com\/\" target=\"_blank\" rel=\"noopener\"><img decoding=\"async\" class=\"aligncenter\" src=\"https:\/\/www.clxonline.com\/wp-content\/uploads\/2022\/03\/Nasar-Dagga-1.jpg\" alt=\"\u201cNasar\" \/><\/a><\/p>\n<p><strong>Carabobo es la tierra que eligieron los padres del empresario del a\u00f1o 2021, Nasar Ramadan Dagga Mujamad, para emprender un nuevo rumbo.\u00a0<\/strong><\/p>\n<p><span style=\"font-weight: 400;\"><strong>Nasar Dagga<\/strong>, naci\u00f3 en el a\u00f1o 1976, y vivi\u00f3 su infancia en las costas del estado carabobe\u00f1o, Puerto Cabello; Mor\u00f3n es el primer escenario para que el hoy el alto ejecutivo diera sus primeros pasos.\u00a0<\/span><\/p>\n<p><span style=\"font-weight: 400;\">Siendo entonces la Comercializadora \u201cLa Linda\u201d el cual le abri\u00f3 las puertas a <strong>Nasar Dagga<\/strong> en el campo de la gerencia y ventas. Esto a pesar que Nasar Dagga; estudi\u00f3 Derecho en el Instituto Universitario Polit\u00e9cnico \u00abSantiago Mari\u00f1o\u00bb.<\/span><\/p>\n<p><span style=\"font-weight: 400;\">En consecuencia con su trayectoria empresarial, el carabobe\u00f1o de ascendencia \u00e1rabe en el a\u00f1o 2004, obtuvo el cargo del \u00e1rea de la comercializaci\u00f3n en\u00a0 Cyberlux Venezuela; as\u00ed tambi\u00e9n se consolida como representante de las grandes marcas:\u00a0<\/span><\/p>\n<ul>\n<li style=\"font-weight: 400;\" aria-level=\"1\"><span style=\"font-weight: 400;\">Philco.<\/span><\/li>\n<li style=\"font-weight: 400;\" aria-level=\"1\"><span style=\"font-weight: 400;\">Hoover.\u00a0<\/span><\/li>\n<li style=\"font-weight: 400;\" aria-level=\"1\"><span style=\"font-weight: 400;\">Hyundai.\u00a0<\/span><\/li>\n<\/ul>\n<p><span style=\"font-weight: 400;\">As\u00ed tambi\u00e9n, <strong>Dagga<\/strong> comenz\u00f3 un nuevo emprendimiento empresarial, al haber desarrollado marcas propias como <strong>Cyberlux<\/strong> y <strong>Frigilux<\/strong>; que cuentan con una l\u00ednea de ensamblaje en Venezuela, con productos importados desde China y Brasil.\u00a0<\/span><\/p>\n<p><span style=\"font-weight: 400;\">Desarrollando marcas propias <strong>Cyberlux<\/strong> y <strong>Frigilux<\/strong>, que cuentan con l\u00edneas de ensamblaje en Venezuela; con productos importados desde China y Brasil.<\/span><\/p>\n<p><span style=\"font-weight: 400;\">En tal sentido, <strong>Dagga<\/strong> no solo se enfoc\u00f3 en crear estas marcas propias, sino en ir escalando en nuevas oportunidades en el \u00e0rea de la tecnolog\u00eda en Venezuela; consigo trajo la fundaci\u00f3n de Consorcio LUX C.A., teniendo esta misma subsidiaria en EEUU y Panam\u00e1.\u00a0<\/span><\/p>\n<p><span style=\"font-weight: 400;\"><strong>Ramadan Dagga<\/strong>, consolid\u00f3 en el mercado la primera tienda <em><strong>CLX Samsung,<\/strong><\/em> para llevar la mejor tecnolog\u00eda a todos los venezolanos; siendo entonces la oportunidad de oficializarse como el Official Partner de Samsung en Venezuela.\u00a0<\/span><\/p>\n<p><span style=\"font-weight: 400;\">Cabe resaltar que en agosto del 2013, se crea la primera tienda <em><strong>CLX Samsung<\/strong><\/em>; y ya actualmente cuenta con diez tiendas en Venezuela y Panam\u00e1.\u00a0<\/span><\/p>\n<h2><b>Innovaci\u00f3n y prestigio empresarial\u00a0<\/b><\/h2>\n<p><span style=\"font-weight: 400;\">El esfuerzo y dedicaci\u00f3n son virtudes que todo l\u00edder debe tener para emprender con fuerza en un sector ya consolidado y liderado por grandes marcas.\u00a0<\/span><\/p>\n<p><span style=\"font-weight: 400;\">Cabe destacar que el <strong><a href=\"https:\/\/noticias24carabobo.com\/tag\/nasar-dagga\/\">empresario venezolano<\/a><\/strong>, se consolid\u00f3 como \u201cEmpresario del A\u00f1o\u201d 2021; debido a su alto liderazgo en el sector de la tecnolog\u00eda.\u00a0<\/span><\/p>\n<p><span style=\"font-weight: 400;\">Siendo su compromiso y dedicaci\u00f3n, los dos valores que como marca personal han hecho que Dagga, se convierta en un alto ejecutivo en Venezuela; posicion\u00e1ndose como uno de los l\u00edderes empresariales con mayor prestigio.\u00a0<\/span><\/p>\n<h3><b>Virtud empresarial\u00a0<\/b><\/h3>\n<p><span style=\"font-weight: 400;\">Nasar Ramadan Dagga Mujamad al convertirse en un hombre con poder en el sector empresarial, ha ido escalando su liderazgo capaz de potenciar las capacidades de una persona.\u00a0<\/span><\/p>\n<p><span style=\"font-weight: 400;\">Resaltando que para Dagga llevar el cargo en la direcci\u00f3n ejecutivo de grandes empresas como lo son:\u00a0<\/span><\/p>\n<ul>\n<li style=\"font-weight: 400;\" aria-level=\"1\"><span style=\"font-weight: 400;\">CLX Samsung (Official Partner de Samsung Electronic),\u00a0<\/span><\/li>\n<li style=\"font-weight: 400;\" aria-level=\"1\"><span style=\"font-weight: 400;\">XIO Store (Official Partner de Xiaomi),\u00a0<\/span><\/li>\n<li style=\"font-weight: 400;\" aria-level=\"1\"><span style=\"font-weight: 400;\">La multimarca m\u00e1s grande de Venezuela, MultiMax.\u00a0<\/span><\/li>\n<li style=\"font-weight: 400;\" aria-level=\"1\"><span style=\"font-weight: 400;\">Gad Tecnology (Official Partner of LG Electronics).\u00a0<\/span><\/li>\n<\/ul>\n<p><span style=\"font-weight: 400;\">\u201c<strong>Representar y dirigir grandes marcas es una tarea llena de compromiso y dedicaci\u00f3n<\/strong>\u201d. <a href=\"https:\/\/www.cleanreputation.online\/nasar-dagga\/\"><strong>Nasar Ramadan Dagga<\/strong><\/a>.\u00a0<\/span><\/p>\n<p><span style=\"font-weight: 400;\">Tambi\u00e9n el empresario carabobe\u00f1o ha logrado aportar grandes beneficios en los m\u00e1s de 2500 empleados que hacen vida en las diferentes tiendas aperturadas en toda Venezuela.\u00a0<\/span><\/p>\n<p><span style=\"font-weight: 400;\">La clave de todo \u00e9xito, viene de la mano de\u00a0 un gran equipo de trabajo; por lo tanto, Nasar Dagga junto a su team ha logrado escalar las grandes marcas que hoy preside el <strong><a href=\"https:\/\/www.cmide.com.ve\/nasar-dagga\/\">empresario carabobe\u00f1o<\/a><\/strong>.\u00a0<\/span><\/p>\n<p><iframe loading=\"lazy\" title=\"CEO del Grupo CLX, Nasar Dagga: Nuestra participaci\u00f3n en el #MobileWorldCongress fue todo un \u00e9xito.\" width=\"1080\" height=\"608\" src=\"https:\/\/www.youtube.com\/embed\/JNbK8eex6JM?feature=oembed\"  allow=\"accelerometer; autoplay; clipboard-write; encrypted-media; gyroscope; picture-in-picture\" allowfullscreen><\/iframe><\/p>\n<h4><b>Grandes marcas en Venezuela\u00a0<\/b><\/h4>\n<p><span style=\"font-weight: 400;\">Siendo un amante de la innovaci\u00f3n, la tecnolog\u00eda y las obras sociales, abri\u00f3 paso a su sue\u00f1o de joven, en la Comercializadora La Linda, y a partir de la experiencia adquirida por 10 a\u00f1os; han hecho que Dagga sea un empresario consolidado en el sector de la tecnolog\u00eda.\u00a0<\/span><\/p>\n<p><span style=\"font-weight: 400;\">La innovaci\u00f3n es parte del cambio constante, es por ello que Dagga se centr\u00f3 en aportar grandes cambios significativos en el pa\u00eds.\u00a0<\/span><\/p>\n<p><span style=\"font-weight: 400;\">Cabe mencionar que <strong><a href=\"https:\/\/nasarramadandagga.com\/\">Nasar Dagga<\/a><\/strong>, un venezolano con ascendencia \u00e1rabe; se convirti\u00f3 en el representante de las marcas Philco, Hoover y Hyundai.\u00a0<\/span><\/p>\n<p><span style=\"font-weight: 400;\">Dagga, es un l\u00edder empresarial, y lo ha demostrado con cada paso agigantado que da.\u00a0\u00a0<\/span><\/p>\n<p><img loading=\"lazy\" decoding=\"async\" class=\"aligncenter wp-image-2496 size-full\" src=\"https:\/\/www.clxonline.com\/wp-content\/uploads\/2022\/03\/Nasar-Dagga-2-5.jpg\" alt=\"Nasar Ramadan Dagga Mujamad\" width=\"1600\" height=\"995\" srcset=\"https:\/\/www.clxonline.com\/wp-content\/uploads\/2022\/03\/Nasar-Dagga-2-5.jpg 1600w, https:\/\/www.clxonline.com\/wp-content\/uploads\/2022\/03\/Nasar-Dagga-2-5-1280x796.jpg 1280w, https:\/\/www.clxonline.com\/wp-content\/uploads\/2022\/03\/Nasar-Dagga-2-5-980x609.jpg 980w, https:\/\/www.clxonline.com\/wp-content\/uploads\/2022\/03\/Nasar-Dagga-2-5-480x299.jpg 480w\" sizes=\"(min-width: 0px) and (max-width: 480px) 480px, (min-width: 481px) and (max-width: 980px) 980px, (min-width: 981px) and (max-width: 1280px) 1280px, (min-width: 1281px) 1600px, 100vw\" \/><\/p>\n<h4><b>Oportunidades y sue\u00f1os realizados\u00a0<\/b><\/h4>\n<p><span style=\"font-weight: 400;\">Nasar Dagga trajo consigo dos grandes corporaciones asi\u00e1ticas; adem\u00e1s las ha consolidado en el mercado venezolano, logrando que Venezuela se convirtiera en un pa\u00eds con tecnolog\u00eda de punta.\u00a0<\/span><\/p>\n<p><span style=\"font-weight: 400;\">\u201c<strong>Triunfar en el mercado venezolano no ha sido f\u00e1cil, existen muchas limitantes que hemos sorteado para poder crecer durante la crisis. Sin embargo, soy venezolano, aqu\u00ed est\u00e1n mis ra\u00edces y sigo apostando a mi pa\u00eds y su gente<\/strong>\u201d Nasar Dagga.\u00a0<\/span><\/p>\n<p><span style=\"font-weight: 400;\">Su visi\u00f3n empresarial lo llev\u00f3 a crear una tienda capaz de almacenar diferentes marcas; siendo entonces la mente maestra de las grandes ideas de innovaci\u00f3n en ventas, creando la multimarca <strong>MultiMax<\/strong>.\u00a0<\/span><\/p>\n<p><span style=\"font-weight: 400;\">As\u00ed tambi\u00e9n, <strong>MultiMax<\/strong> ha escalado a nivel nacional y ha generado miles de empleos; posicion\u00e1ndose en diferentes estados con 18 tiendas a nivel nacional, con una alta expansi\u00f3n en otros estados del pa\u00eds.\u00a0<\/span><\/p>\n<p><iframe loading=\"lazy\" title=\"CEO de Grupo CLX, Nasar Dagga: As\u00ed somos los venezolanos... #Aqu\u00edSeguimos\" width=\"1080\" height=\"608\" src=\"https:\/\/www.youtube.com\/embed\/YQhTszHfQJA?feature=oembed\"  allow=\"accelerometer; autoplay; clipboard-write; encrypted-media; gyroscope; picture-in-picture\" allowfullscreen><\/iframe><\/p>\n<h4><span style=\"font-weight: 400;\">Grupo CLX Samsung\u00a0<\/span><\/h4>\n<p><span style=\"font-weight: 400;\">El carabobe\u00f1o ha logrado a trav\u00e9s de la creaci\u00f3n del <strong>Grupo CLX Samsung<\/strong>; consolidarse como pionero en traer la marca Surcoreana a territorio venezolano y latinoamerica.\u00a0<\/span><\/p>\n<p><span style=\"font-weight: 400;\">As\u00ed tambi\u00e9n fue el pionero en oficializarse como el Partner de la marca Xiaomi en Venezuela, con la empresa XIO Store; donde se podr\u00e1 encontrar diferentes opciones en innovaci\u00f3n\u00a0 tecnol\u00f3gica.\u00a0\u00a0<\/span><\/p>\n<p><span style=\"font-weight: 400;\">Mientras empresarios como <strong>Nasar Ramadan Dagga Mujamad<\/strong>, mantienen un firme compromiso por el pa\u00eds, juntos lograremos el cambio.\u00a0<\/span><\/p>\n<p><span style=\"font-weight: 400;\">\u201c<strong>Nuestro compromiso es con Venezuela y con su gente, queremos darles la oportunidad de estar siempre a la vanguardia tecnol\u00f3gica del mundo<\/strong>\u201d, afirm\u00f3 Nasar Dagga.<\/span><\/p>\n<h5><span style=\"font-weight: 400;\">Liderazgo y compromiso\u00a0<\/span><\/h5>\n<p><span style=\"font-weight: 400;\">Nasar Ramadan Dagga Mujamad, es uno de los empresarios que han apostado por un mejor futuro; asegur\u00e1ndose de ello, crea la Fundaci\u00f3n CLX. Siendo esta la organizaci\u00f3n sin fines de lucro que se enfoca en apoyar el talento de ni\u00f1os; j\u00f3venes y adultos convirti\u00e9ndolos en embajadores de la Fundaci\u00f3n.\u00a0<\/span><\/p>\n<p><span style=\"font-weight: 400;\">En tal sentido, el empresario carabobe\u00f1o, ha llevado de la mano grandes labores a trav\u00e9s de la Fundaci\u00f3n CLX y Funcamama.\u00a0<\/span><\/p>\n<p><span style=\"font-weight: 400;\">Recordando que Funcamama es una organizaci\u00f3n sin fines de lucro que busca concienciar, fomentar, tratar y proteger a las mujeres a luchar contra el c\u00e1ncer de mama.\u00a0<\/span><\/p>\n<p><span style=\"font-weight: 400;\">Por su parte, el<strong><a href=\"https:\/\/www.noticias-ahora.com\/tag\/nasar-dagga\/\"> presidente del Grupo CLX<\/a><\/strong> a trav\u00e9s de la Fundaci\u00f3n CLX logr\u00f3 una alianza significativa con Funcamama; el cual tiene el enfoque de apoyar el valor que motiva a esta organizaci\u00f3n a seguir escalando y luchando contra esta enfermedad; donde miles de mujeres son v\u00edctimas y que desean una mano amiga en esta situaci\u00f3n de lucha.\u00a0<\/span><\/p>\n<p><img loading=\"lazy\" decoding=\"async\" class=\"alignnone wp-image-2498 size-full\" src=\"https:\/\/www.clxonline.com\/wp-content\/uploads\/2022\/03\/Nasar-Dagga-3-9.jpg\" alt=\"Nasar Ramadan Dagga Mujamad\" width=\"1600\" height=\"995\" srcset=\"https:\/\/www.clxonline.com\/wp-content\/uploads\/2022\/03\/Nasar-Dagga-3-9.jpg 1600w, https:\/\/www.clxonline.com\/wp-content\/uploads\/2022\/03\/Nasar-Dagga-3-9-1280x796.jpg 1280w, https:\/\/www.clxonline.com\/wp-content\/uploads\/2022\/03\/Nasar-Dagga-3-9-980x609.jpg 980w, https:\/\/www.clxonline.com\/wp-content\/uploads\/2022\/03\/Nasar-Dagga-3-9-480x299.jpg 480w\" sizes=\"(min-width: 0px) and (max-width: 480px) 480px, (min-width: 481px) and (max-width: 980px) 980px, (min-width: 981px) and (max-width: 1280px) 1280px, (min-width: 1281px) 1600px, 100vw\" \/><\/p>\n<p><span style=\"font-weight: 400;\">Recordando que Funcamama atiende a m\u00e1s de 10.000 mujeres por a\u00f1o en prevenci\u00f3n y tratamiento del c\u00e1ncer de mama;\u00a0 y en conjunto con la Fundaci\u00f3n CLX; ha impulsado el desarrollo de la ayuda en la mujer a trav\u00e9s de Funcamama.\u00a0<\/span><\/p>\n<p><span style=\"font-weight: 400;\">Por ello, en el aniversario 19\u00ba de Funcamama en el a\u00f1o 2021, fue lanzada la campa\u00f1a \u201c\u00a1Juntos lo podemos todo!; siendo la misma\u00a0 auspiciada por la Fundaci\u00f3n CLX.\u00a0<\/span><\/p>\n<p><span style=\"font-weight: 400;\">Dicha campa\u00f1a se llev\u00f3 a cabo debido a la colaboraci\u00f3n de las tiendas CLX Samsung; ya que por cada compra de un Galaxy en las tiendas oficiales de la marca a nivel nacional; se destinar\u00e1 un aporte para colaborar con la labor de Funcamama.<\/span><\/p>\n<p><span style=\"font-weight: 400;\">Recordando que la alianza hecha por ambas organizaciones comenz\u00f3 en el 2013, en favor de iniciativas que favorezcan la salud y el bienestar de los venezolanos.<\/span><\/p>\n<blockquote>\n<h5 style=\"text-align: center;\"><span style=\"font-weight: 400;\">\u201cEstamos muy contentos y agradecidos de poder celebrar una vez m\u00e1s esta alianza que se ha desarrollado a lo largo del tiempo con CLX Samsung. M\u00e1s all\u00e1 de los v\u00ednculos que sostenemos entre las organizaciones, cabe destacar la importancia y la solidaridad de lo que ha sido el aporte de su presidente Nasar Dagga con la causa de Funcamama. Gracias a esta nueva fase en la alianza, lograremos llegar a un mayor n\u00famero de personas beneficiadas por los servicios de salud que ofrece Funcamama y mantener el derecho a la salud para todos los venezolanos\u201d, manifest\u00f3 la presidenta de Funcamama.<\/span><\/h5>\n<\/blockquote>\n<p><span style=\"font-weight: 400;\"><em><strong>\u201cCada esfuerzo cuenta y ser parte de la labor de Funcamama es una ayuda significativa para toda Venezuela. Esta alianza con Funcamama es prioridad para nosotros y seguir\u00e1 siendo as\u00ed; nos sentimos identificados con su compromiso, su lucha por una mejor calidad de vida para los venezolanos. Esta iniciativa nace para incluir a todos nuestros clientes a sumar esfuerzos para lograr grandes cosas con una fundaci\u00f3n que se ha preocupado por la salud de todas nuestras guerreras\u201d.<\/strong><\/em> Nasar Dagga, <strong><a href=\"https:\/\/www.clxonline.com\/es\/nasar-ramadan-dagga-mujamad\/\">presidente de CLX Samsung<\/a><\/strong>.<\/span><\/p>\n<p><img loading=\"lazy\" decoding=\"async\" class=\"aligncenter wp-image-2503 size-full\" src=\"https:\/\/www.clxonline.com\/wp-content\/uploads\/2022\/03\/Nasar-Dagga-Infografia.....jpg\" alt=\"Nasar-Dagga-Infografia\" width=\"700\" height=\"1500\" srcset=\"https:\/\/www.clxonline.com\/wp-content\/uploads\/2022\/03\/Nasar-Dagga-Infografia.....jpg 700w, https:\/\/www.clxonline.com\/wp-content\/uploads\/2022\/03\/Nasar-Dagga-Infografia....-480x1029.jpg 480w\" sizes=\"(min-width: 0px) and (max-width: 480px) 480px, (min-width: 481px) 700px, 100vw\" \/><\/p>\n","protected":false},"excerpt":{"rendered":"<p>Carabobo es la tierra que eligieron los padres del empresario del a\u00f1o 2021, Nasar Ramadan Dagga Mujamad, para emprender un nuevo rumbo.\u00a0 Nasar Dagga, naci\u00f3 en el a\u00f1o 1976, y vivi\u00f3 su infancia en las costas del estado carabobe\u00f1o, Puerto Cabello; Mor\u00f3n es el primer escenario para que el hoy el alto ejecutivo diera sus [&hellip;]<\/p>\n","protected":false},"author":4,"featured_media":2494,"parent":0,"menu_order":0,"comment_status":"closed","ping_status":"closed","template":"","meta":{"_et_pb_use_builder":"","_et_pb_old_content":"","_et_gb_content_width":"","footnotes":""},"class_list":["post-2492","page","type-page","status-publish","has-post-thumbnail","hentry"],"yoast_head":"<!-- This site is optimized with the Yoast SEO Premium plugin v21.9 (Yoast SEO v27.2) - https:\/\/yoast.com\/product\/yoast-seo-premium-wordpress\/ -->\n<title>Nasar Ramadan Dagga Mujamad prestigio empresarial<\/title>\n<meta name=\"description\" content=\"Nasar Dagga comenz\u00f3 un nuevo emprendimiento empresarial, al haber desarrollado marcas propias como Cyberlux y Frigilux.\" \/>\n<meta name=\"robots\" content=\"index, follow, max-snippet:-1, max-image-preview:large, max-video-preview:-1\" \/>\n<link rel=\"canonical\" href=\"https:\/\/www.clxonline.com\/es\/nasar-ramadan-dagga-mujamad-prestigio-empresarial\/\" \/>\n<meta property=\"og:locale\" content=\"es_ES\" \/>\n<meta property=\"og:type\" content=\"article\" \/>\n<meta property=\"og:title\" content=\"Nasar Dagga prestigio empresarial\" \/>\n<meta property=\"og:description\" content=\"Nasar Dagga comenz\u00f3 un nuevo emprendimiento empresarial, al haber desarrollado marcas propias como Cyberlux y Frigilux.\" \/>\n<meta property=\"og:url\" content=\"https:\/\/www.clxonline.com\/es\/nasar-ramadan-dagga-mujamad-prestigio-empresarial\/\" \/>\n<meta property=\"og:site_name\" content=\"CLX Online\" \/>\n<meta property=\"article:modified_time\" content=\"2022-03-23T18:51:03+00:00\" \/>\n<meta property=\"og:image\" content=\"https:\/\/www.clxonline.com\/wp-content\/uploads\/2022\/03\/Nasar-Dagga-1.jpg\" \/>\n\t<meta property=\"og:image:width\" content=\"1600\" \/>\n\t<meta property=\"og:image:height\" content=\"995\" \/>\n\t<meta property=\"og:image:type\" content=\"image\/jpeg\" \/>\n<meta name=\"twitter:card\" content=\"summary_large_image\" \/>\n<meta name=\"twitter:label1\" content=\"Tiempo de lectura\" \/>\n\t<meta name=\"twitter:data1\" content=\"7 minutos\" \/>\n<script type=\"application\/ld+json\" class=\"yoast-schema-graph\">{\"@context\":\"https:\/\/schema.org\",\"@graph\":[{\"@type\":\"WebPage\",\"@id\":\"https:\/\/www.clxonline.com\/es\/nasar-ramadan-dagga-mujamad-prestigio-empresarial\/\",\"url\":\"https:\/\/www.clxonline.com\/es\/nasar-ramadan-dagga-mujamad-prestigio-empresarial\/\",\"name\":\"Nasar Ramadan Dagga Mujamad prestigio empresarial\",\"isPartOf\":{\"@id\":\"https:\/\/www.clxonline.com\/es\/#website\"},\"primaryImageOfPage\":{\"@id\":\"https:\/\/www.clxonline.com\/es\/nasar-ramadan-dagga-mujamad-prestigio-empresarial\/#primaryimage\"},\"image\":{\"@id\":\"https:\/\/www.clxonline.com\/es\/nasar-ramadan-dagga-mujamad-prestigio-empresarial\/#primaryimage\"},\"thumbnailUrl\":\"https:\/\/www.clxonline.com\/wp-content\/uploads\/2022\/03\/Nasar-Dagga-1.jpg\",\"datePublished\":\"2022-03-22T18:35:16+00:00\",\"dateModified\":\"2022-03-23T18:51:03+00:00\",\"description\":\"Nasar Dagga comenz\u00f3 un nuevo emprendimiento empresarial, al haber desarrollado marcas propias como Cyberlux y Frigilux.\",\"breadcrumb\":{\"@id\":\"https:\/\/www.clxonline.com\/es\/nasar-ramadan-dagga-mujamad-prestigio-empresarial\/#breadcrumb\"},\"inLanguage\":\"es\",\"potentialAction\":[{\"@type\":\"ReadAction\",\"target\":[\"https:\/\/www.clxonline.com\/es\/nasar-ramadan-dagga-mujamad-prestigio-empresarial\/\"]}]},{\"@type\":\"ImageObject\",\"inLanguage\":\"es\",\"@id\":\"https:\/\/www.clxonline.com\/es\/nasar-ramadan-dagga-mujamad-prestigio-empresarial\/#primaryimage\",\"url\":\"https:\/\/www.clxonline.com\/wp-content\/uploads\/2022\/03\/Nasar-Dagga-1.jpg\",\"contentUrl\":\"https:\/\/www.clxonline.com\/wp-content\/uploads\/2022\/03\/Nasar-Dagga-1.jpg\",\"width\":1600,\"height\":995,\"caption\":\"Nasar Ramadan Dagga Mujamad\"},{\"@type\":\"BreadcrumbList\",\"@id\":\"https:\/\/www.clxonline.com\/es\/nasar-ramadan-dagga-mujamad-prestigio-empresarial\/#breadcrumb\",\"itemListElement\":[{\"@type\":\"ListItem\",\"position\":1,\"name\":\"Home\",\"item\":\"https:\/\/www.clxonline.com\/\"},{\"@type\":\"ListItem\",\"position\":2,\"name\":\"Nasar Dagga prestigio empresarial\"}]},{\"@type\":\"WebSite\",\"@id\":\"https:\/\/www.clxonline.com\/es\/#website\",\"url\":\"https:\/\/www.clxonline.com\/es\/\",\"name\":\"CLX Online\",\"description\":\"Offical Partner\",\"potentialAction\":[{\"@type\":\"SearchAction\",\"target\":{\"@type\":\"EntryPoint\",\"urlTemplate\":\"https:\/\/www.clxonline.com\/es\/?s={search_term_string}\"},\"query-input\":{\"@type\":\"PropertyValueSpecification\",\"valueRequired\":true,\"valueName\":\"search_term_string\"}}],\"inLanguage\":\"es\"}]}<\/script>\n<!-- \/ Yoast SEO Premium plugin. -->","yoast_head_json":{"title":"Nasar Ramadan Dagga Mujamad prestigio empresarial","description":"Nasar Dagga comenz\u00f3 un nuevo emprendimiento empresarial, al haber desarrollado marcas propias como Cyberlux y Frigilux.","robots":{"index":"index","follow":"follow","max-snippet":"max-snippet:-1","max-image-preview":"max-image-preview:large","max-video-preview":"max-video-preview:-1"},"canonical":"https:\/\/www.clxonline.com\/es\/nasar-ramadan-dagga-mujamad-prestigio-empresarial\/","og_locale":"es_ES","og_type":"article","og_title":"Nasar Dagga prestigio empresarial","og_description":"Nasar Dagga comenz\u00f3 un nuevo emprendimiento empresarial, al haber desarrollado marcas propias como Cyberlux y Frigilux.","og_url":"https:\/\/www.clxonline.com\/es\/nasar-ramadan-dagga-mujamad-prestigio-empresarial\/","og_site_name":"CLX Online","article_modified_time":"2022-03-23T18:51:03+00:00","og_image":[{"width":1600,"height":995,"url":"https:\/\/www.clxonline.com\/wp-content\/uploads\/2022\/03\/Nasar-Dagga-1.jpg","type":"image\/jpeg"}],"twitter_card":"summary_large_image","twitter_misc":{"Tiempo de lectura":"7 minutos"},"schema":{"@context":"https:\/\/schema.org","@graph":[{"@type":"WebPage","@id":"https:\/\/www.clxonline.com\/es\/nasar-ramadan-dagga-mujamad-prestigio-empresarial\/","url":"https:\/\/www.clxonline.com\/es\/nasar-ramadan-dagga-mujamad-prestigio-empresarial\/","name":"Nasar Ramadan Dagga Mujamad prestigio empresarial","isPartOf":{"@id":"https:\/\/www.clxonline.com\/es\/#website"},"primaryImageOfPage":{"@id":"https:\/\/www.clxonline.com\/es\/nasar-ramadan-dagga-mujamad-prestigio-empresarial\/#primaryimage"},"image":{"@id":"https:\/\/www.clxonline.com\/es\/nasar-ramadan-dagga-mujamad-prestigio-empresarial\/#primaryimage"},"thumbnailUrl":"https:\/\/www.clxonline.com\/wp-content\/uploads\/2022\/03\/Nasar-Dagga-1.jpg","datePublished":"2022-03-22T18:35:16+00:00","dateModified":"2022-03-23T18:51:03+00:00","description":"Nasar Dagga comenz\u00f3 un nuevo emprendimiento empresarial, al haber desarrollado marcas propias como Cyberlux y Frigilux.","breadcrumb":{"@id":"https:\/\/www.clxonline.com\/es\/nasar-ramadan-dagga-mujamad-prestigio-empresarial\/#breadcrumb"},"inLanguage":"es","potentialAction":[{"@type":"ReadAction","target":["https:\/\/www.clxonline.com\/es\/nasar-ramadan-dagga-mujamad-prestigio-empresarial\/"]}]},{"@type":"ImageObject","inLanguage":"es","@id":"https:\/\/www.clxonline.com\/es\/nasar-ramadan-dagga-mujamad-prestigio-empresarial\/#primaryimage","url":"https:\/\/www.clxonline.com\/wp-content\/uploads\/2022\/03\/Nasar-Dagga-1.jpg","contentUrl":"https:\/\/www.clxonline.com\/wp-content\/uploads\/2022\/03\/Nasar-Dagga-1.jpg","width":1600,"height":995,"caption":"Nasar Ramadan Dagga Mujamad"},{"@type":"BreadcrumbList","@id":"https:\/\/www.clxonline.com\/es\/nasar-ramadan-dagga-mujamad-prestigio-empresarial\/#breadcrumb","itemListElement":[{"@type":"ListItem","position":1,"name":"Home","item":"https:\/\/www.clxonline.com\/"},{"@type":"ListItem","position":2,"name":"Nasar Dagga prestigio empresarial"}]},{"@type":"WebSite","@id":"https:\/\/www.clxonline.com\/es\/#website","url":"https:\/\/www.clxonline.com\/es\/","name":"CLX Online","description":"Offical Partner","potentialAction":[{"@type":"SearchAction","target":{"@type":"EntryPoint","urlTemplate":"https:\/\/www.clxonline.com\/es\/?s={search_term_string}"},"query-input":{"@type":"PropertyValueSpecification","valueRequired":true,"valueName":"search_term_string"}}],"inLanguage":"es"}]}},"_links":{"self":[{"href":"https:\/\/www.clxonline.com\/es\/wp-json\/wp\/v2\/pages\/2492","targetHints":{"allow":["GET"]}}],"collection":[{"href":"https:\/\/www.clxonline.com\/es\/wp-json\/wp\/v2\/pages"}],"about":[{"href":"https:\/\/www.clxonline.com\/es\/wp-json\/wp\/v2\/types\/page"}],"author":[{"embeddable":true,"href":"https:\/\/www.clxonline.com\/es\/wp-json\/wp\/v2\/users\/4"}],"replies":[{"embeddable":true,"href":"https:\/\/www.clxonline.com\/es\/wp-json\/wp\/v2\/comments?post=2492"}],"version-history":[{"count":5,"href":"https:\/\/www.clxonline.com\/es\/wp-json\/wp\/v2\/pages\/2492\/revisions"}],"predecessor-version":[{"id":2506,"href":"https:\/\/www.clxonline.com\/es\/wp-json\/wp\/v2\/pages\/2492\/revisions\/2506"}],"wp:featuredmedia":[{"embeddable":true,"href":"https:\/\/www.clxonline.com\/es\/wp-json\/wp\/v2\/media\/2494"}],"wp:attachment":[{"href":"https:\/\/www.clxonline.com\/es\/wp-json\/wp\/v2\/media?parent=2492"}],"curies":[{"name":"wp","href":"https:\/\/api.w.org\/{rel}","templated":true}]}}