{"id":474,"date":"2021-01-25T15:48:30","date_gmt":"2021-01-25T19:48:30","guid":{"rendered":"https:\/\/www.clxonline.com\/?page_id=474"},"modified":"2025-07-24T11:36:23","modified_gmt":"2025-07-24T15:36:23","slug":"nasar-ramadan-dagga-mujamad","status":"publish","type":"page","link":"https:\/\/www.clxonline.com\/es\/nasar-ramadan-dagga-mujamad\/","title":{"rendered":"Biograf\u00eda de Nasar Dagga Mujamad"},"content":{"rendered":"<p>[et_pb_section fb_built=\u00bb1&#8243; fullwidth=\u00bbon\u00bb _builder_version=\u00bb4.16&#8243; global_colors_info=\u00bb{}\u00bb][et_pb_fullwidth_code _builder_version=\u00bb4.16&#8243; global_colors_info=\u00bb{}\u00bb]<div id=\"metaslider-id-433\" style=\"width: 100%;\" class=\"ml-slider-3-107-0 metaslider metaslider-flex metaslider-433 ml-slider has-dots-nav ms-theme-default\" role=\"region\" aria-label=\"Slide Biograf\u00eda ND\" data-height=\"1080\" data-width=\"1920\">\n    <div id=\"metaslider_container_433\">\n        <div id=\"metaslider_433\">\n            <ul class='slides'>\n                <li style=\"display: block; width: 100%;\" class=\"slide-438 ms-image \" aria-roledescription=\"slide\" data-date=\"2021-01-23 21:03:43\" data-filename=\"biografia-nasar.jpg\" data-slide-type=\"image\"><img loading=\"lazy\" decoding=\"async\" src=\"https:\/\/www.clxonline.com\/wp-content\/uploads\/2021\/01\/biografia-nasar.jpg\" height=\"1080\" width=\"1920\" alt=\"Nasar Ramadan Dagga Mujamad\" class=\"slider-433 slide-438 msDefaultImage\" title=\"Nasar Dagga\" \/><div class=\"caption-wrap\"><div class=\"caption\">Distribuidor oficial de la marca Samsung para Centroam\u00e9rica, Caribe, Ecuador y Venezuela.<\/div><\/div><\/li>\n            <\/ul>\n        <\/div>\n        \n    <\/div>\n<\/div>[\/et_pb_fullwidth_code][\/et_pb_section][et_pb_section fb_built=\u00bb1&#8243; admin_label=\u00bbText and Image\u00bb _builder_version=\u00bb4.16&#8243; background_color=\u00bb#f7f7f7&#8243; custom_padding=\u00bb50px|0px|50px|0px||\u00bb global_colors_info=\u00bb{}\u00bb][et_pb_row _builder_version=\u00bb4.16&#8243; _module_preset=\u00bbdefault\u00bb global_colors_info=\u00bb{}\u00bb][et_pb_column type=\u00bb4_4&#8243; _builder_version=\u00bb4.16&#8243; _module_preset=\u00bbdefault\u00bb global_colors_info=\u00bb{}\u00bb][et_pb_text _builder_version=\u00bb4.16&#8243; _module_preset=\u00bbdefault\u00bb global_colors_info=\u00bb{}\u00bb]<\/p>\n<h2 style=\"text-align: center;\">Biograf\u00eda Nasar Ramadan Dagga Mujamad<\/h2>\n<p>[\/et_pb_text][\/et_pb_column][\/et_pb_row][et_pb_row column_structure=\u00bb1_2,1_2&#8243; _builder_version=\u00bb4.16&#8243; background_size=\u00bbinitial\u00bb background_position=\u00bbtop_left\u00bb background_repeat=\u00bbrepeat\u00bb global_colors_info=\u00bb{}\u00bb][et_pb_column type=\u00bb1_2&#8243; _builder_version=\u00bb4.16&#8243; custom_padding=\u00bb|||\u00bb global_colors_info=\u00bb{}\u00bb custom_padding__hover=\u00bb|||\u00bb][et_pb_image src=\u00bbhttps:\/\/www.clxonline.com\/wp-content\/uploads\/2021\/01\/nasar-dagga-1.jpg\u00bb alt=\u00bbnasar dagga\u00bb title_text=\u00bbNasar Dagga CLX Samsung\u00bb url=\u00bbhttps:\/\/nasardagga.com\/\u00bb url_new_window=\u00bbon\u00bb align_tablet=\u00bbcenter\u00bb align_phone=\u00bb\u00bb align_last_edited=\u00bbon|desktop\u00bb _builder_version=\u00bb4.20.4&#8243; custom_margin=\u00bb42px|||||\u00bb animation_style=\u00bbslide\u00bb animation_direction=\u00bbright\u00bb animation_intensity_slide=\u00bb10%\u00bb box_shadow_style=\u00bbpreset1&#8243; global_colors_info=\u00bb{}\u00bb][\/et_pb_image][\/et_pb_column][et_pb_column type=\u00bb1_2&#8243; _builder_version=\u00bb4.16&#8243; custom_padding=\u00bb|||\u00bb global_colors_info=\u00bb{}\u00bb custom_padding__hover=\u00bb|||\u00bb][et_pb_text _builder_version=\u00bb4.27.4&#8243; text_font=\u00bb||||||||\u00bb text_text_color=\u00bb#747d88&#8243; text_font_size=\u00bb20px\u00bb text_line_height=\u00bb1.8em\u00bb header_font=\u00bb||||||||\u00bb header_3_font=\u00bbMontserrat||||||||\u00bb header_3_line_height=\u00bb1.5em\u00bb background_size=\u00bbinitial\u00bb background_position=\u00bbtop_left\u00bb background_repeat=\u00bbrepeat\u00bb max_width=\u00bb700px\u00bb module_alignment=\u00bbcenter\u00bb custom_margin=\u00bb7px|||||\u00bb animation_style=\u00bbfade\u00bb animation_direction=\u00bbtop\u00bb global_colors_info=\u00bb{}\u00bb]<\/p>\n<p>Nasar Ramadan Dagga Mujamad naci\u00f3 en el estado Carabobo, el 9 de julio del a\u00f1o 1976. Es un exitoso empresario venezolano que actualmente dirige la empresa <strong><a href=\"http:\/\/clxlatin.com\/\">CLX Official<\/a> <\/strong>Partner de Samsung.<\/p>\n<p>Nasar Dagga es de ascendencia \u00e1rabe y se gradu\u00f3 de bachiller en la Unidad Educativa Centro de Estudio Carabobo. Asimismo, \u00a0obtuvo el t\u00edtulo de abogado en el Instituto Universitario Polit\u00e9cnico \u00abSantiago Mari\u00f1o\u00bb.<\/p>\n<p>[\/et_pb_text][\/et_pb_column][\/et_pb_row][\/et_pb_section][et_pb_section fb_built=\u00bb1&#8243; admin_label=\u00bbImage and Text\u00bb _builder_version=\u00bb4.16&#8243; background_color=\u00bb#ffffff\u00bb custom_padding=\u00bb50px|0px|51px|0px||\u00bb global_colors_info=\u00bb{}\u00bb][et_pb_row _builder_version=\u00bb4.16&#8243; _module_preset=\u00bbdefault\u00bb global_colors_info=\u00bb{}\u00bb][et_pb_column type=\u00bb4_4&#8243; _builder_version=\u00bb4.16&#8243; _module_preset=\u00bbdefault\u00bb global_colors_info=\u00bb{}\u00bb][et_pb_text _builder_version=\u00bb4.16&#8243; _module_preset=\u00bbdefault\u00bb global_colors_info=\u00bb{}\u00bb]<\/p>\n<h2 style=\"text-align: center;\"><span lang=\"ES-VE\"><strong>Trayectoria de Nasar Dagga<\/strong><o:p><\/o:p><\/span><\/h2>\n<p>[\/et_pb_text][\/et_pb_column][\/et_pb_row][et_pb_row column_structure=\u00bb1_2,1_2&#8243; _builder_version=\u00bb4.16&#8243; background_size=\u00bbinitial\u00bb background_position=\u00bbtop_left\u00bb background_repeat=\u00bbrepeat\u00bb global_colors_info=\u00bb{}\u00bb][et_pb_column type=\u00bb1_2&#8243; _builder_version=\u00bb4.16&#8243; custom_padding=\u00bb|||\u00bb global_colors_info=\u00bb{}\u00bb custom_padding__hover=\u00bb|||\u00bb][et_pb_text _builder_version=\u00bb4.16&#8243; text_font=\u00bb||||||||\u00bb text_text_color=\u00bb#747d88&#8243; text_font_size=\u00bb20px\u00bb text_line_height=\u00bb1.8em\u00bb header_font=\u00bb||||||||\u00bb header_3_font=\u00bbMontserrat||||||||\u00bb header_3_line_height=\u00bb1.5em\u00bb background_size=\u00bbinitial\u00bb background_position=\u00bbtop_left\u00bb background_repeat=\u00bbrepeat\u00bb max_width=\u00bb700px\u00bb module_alignment=\u00bbcenter\u00bb custom_margin=\u00bb24px|||||\u00bb animation_style=\u00bbfade\u00bb animation_direction=\u00bbtop\u00bb global_colors_info=\u00bb{}\u00bb]<\/p>\n<p><span>Durante 10 a\u00f1os estuvo desempe\u00f1\u00e1ndose como Gerente de Ventas de comercializadora \u201cLa linda\u201d, una tienda que se dedica a la venta de electrodom\u00e9sticos en Mor\u00f3n, Carabobo.<\/span><\/p>\n<p><span>Ya en el a\u00f1o 2004, se hace cargo del \u00e1rea de comercializaci\u00f3n en Cyberlux de Venezuela, representante de Philco, Hoover y Hyundai. Creando marcas meramente propias como Cyberlux y Frigilux, que adem\u00e1s cuentan con l\u00edneas de ensamblaje en Venezuela, con productos importados desde China y Brasil.<\/span><\/p>\n<p><span>En el a\u00f1o 2013 cre\u00f3 el <a href=\"https:\/\/clxlatin.com\/quien-es-clx-samsung\/\">Consorcio LUX C.A<\/a>, quien mantiene subsidiarias en EE. UU. Y Panam\u00e1, delegando la distribuci\u00f3n de productos Samsung para Latinoam\u00e9rica.<\/span><\/p>\n<p>[\/et_pb_text][\/et_pb_column][et_pb_column type=\u00bb1_2&#8243; _builder_version=\u00bb4.16&#8243; custom_padding=\u00bb|||\u00bb global_colors_info=\u00bb{}\u00bb custom_padding__hover=\u00bb|||\u00bb][et_pb_image src=\u00bbhttps:\/\/www.clxonline.com\/wp-content\/uploads\/2021\/01\/nasar-dagga-8-2.jpg\u00bb title_text=\u00bbNasar Dagga\u00bb url=\u00bbhttps:\/\/dagganasar.com\/\u00bb url_new_window=\u00bbon\u00bb align_tablet=\u00bbcenter\u00bb align_phone=\u00bb\u00bb align_last_edited=\u00bbon|desktop\u00bb _builder_version=\u00bb4.20.4&#8243; animation_style=\u00bbslide\u00bb animation_direction=\u00bbleft\u00bb animation_intensity_slide=\u00bb10%\u00bb global_colors_info=\u00bb{}\u00bb][\/et_pb_image][\/et_pb_column][\/et_pb_row][et_pb_row _builder_version=\u00bb4.16&#8243; _module_preset=\u00bbdefault\u00bb global_colors_info=\u00bb{}\u00bb][et_pb_column type=\u00bb4_4&#8243; _builder_version=\u00bb4.16&#8243; _module_preset=\u00bbdefault\u00bb global_colors_info=\u00bb{}\u00bb][et_pb_text _builder_version=\u00bb4.22.2&#8243; text_font=\u00bb||||||||\u00bb text_text_color=\u00bb#747d88&#8243; text_font_size=\u00bb20px\u00bb text_line_height=\u00bb1.8em\u00bb header_font=\u00bb||||||||\u00bb header_3_font=\u00bbMontserrat||||||||\u00bb header_3_line_height=\u00bb1.5em\u00bb background_size=\u00bbinitial\u00bb background_position=\u00bbtop_left\u00bb background_repeat=\u00bbrepeat\u00bb module_alignment=\u00bbcenter\u00bb custom_margin=\u00bb24px|||||\u00bb animation_style=\u00bbfade\u00bb animation_direction=\u00bbtop\u00bb global_colors_info=\u00bb{}\u00bb]<\/p>\n<p><span>Para el mes de agosto de ese mismo a\u00f1o fund\u00f3 la primera tienda <a href=\"https:\/\/www.clxonline.com\/es\/\"><strong>CLX Samsung<\/strong><\/a>. En la actualidad existen trece tiendas en Venezuela\u200b y una en Panam\u00e1.<\/span><\/p>\n<p><span>Luego en el a\u00f1o 2018 recibe la autorizaci\u00f3n por parte de LG Corporation como representante de la marca para Venezuela e inaugur\u00f3 la segunda tienda LG a escala mundial.<\/span><\/p>\n<p>[\/et_pb_text][\/et_pb_column][\/et_pb_row][\/et_pb_section][et_pb_section fb_built=\u00bb1&#8243; admin_label=\u00bbText and Image\u00bb _builder_version=\u00bb4.16&#8243; background_color=\u00bb#f7f7f7&#8243; custom_margin=\u00bb3px|||||\u00bb custom_padding=\u00bb54px|0px|110px|0px||\u00bb global_colors_info=\u00bb{}\u00bb][et_pb_row column_structure=\u00bb1_2,1_2&#8243; _builder_version=\u00bb4.16&#8243; background_size=\u00bbinitial\u00bb background_position=\u00bbtop_left\u00bb background_repeat=\u00bbrepeat\u00bb global_colors_info=\u00bb{}\u00bb][et_pb_column type=\u00bb1_2&#8243; _builder_version=\u00bb4.16&#8243; custom_padding=\u00bb|||\u00bb global_colors_info=\u00bb{}\u00bb custom_padding__hover=\u00bb|||\u00bb][et_pb_image src=\u00bbhttps:\/\/www.clxonline.com\/wp-content\/uploads\/2021\/01\/nasar-dagga-12.jpg\u00bb alt=\u00bbNasar Dagga\u00bb title_text=\u00bbNasar Dagga Samsung\u00bb url=\u00bbhttps:\/\/www.youtube.com\/@NasarDagga\u00bb url_new_window=\u00bbon\u00bb align_tablet=\u00bbcenter\u00bb align_phone=\u00bb\u00bb align_last_edited=\u00bbon|desktop\u00bb _builder_version=\u00bb4.20.4&#8243; custom_margin=\u00bb87px|||||\u00bb animation_style=\u00bbslide\u00bb animation_direction=\u00bbright\u00bb animation_intensity_slide=\u00bb10%\u00bb box_shadow_style=\u00bbpreset1&#8243; global_colors_info=\u00bb{}\u00bb][\/et_pb_image][\/et_pb_column][et_pb_column type=\u00bb1_2&#8243; _builder_version=\u00bb4.16&#8243; custom_padding=\u00bb|||\u00bb global_colors_info=\u00bb{}\u00bb custom_padding__hover=\u00bb|||\u00bb][et_pb_text _builder_version=\u00bb4.16&#8243; text_font=\u00bb||||||||\u00bb text_text_color=\u00bb#747d88&#8243; text_font_size=\u00bb20px\u00bb text_line_height=\u00bb1.8em\u00bb header_font=\u00bb||||||||\u00bb header_3_font=\u00bbMontserrat||||||||\u00bb header_3_line_height=\u00bb1.5em\u00bb background_size=\u00bbinitial\u00bb background_position=\u00bbtop_left\u00bb background_repeat=\u00bbrepeat\u00bb max_width=\u00bb700px\u00bb module_alignment=\u00bbcenter\u00bb custom_margin=\u00bb7px|||||\u00bb custom_padding=\u00bb||0px|||\u00bb animation_style=\u00bbfade\u00bb animation_direction=\u00bbtop\u00bb global_colors_info=\u00bb{}\u00bb]<\/p>\n<p><span>Asimismo, en enero del 2019 CLX Samsung asiste por tercera vez al Consumer Electronics Show en Las Vegas; Dagga inaugur\u00f3 en junio de 2019 una nueva tienda CLX en Barinas y a finales de ese mismo a\u00f1o introdujo en el mercado la primera tienda oficial Xiaomi en Venezuela.<\/span><\/p>\n<p><span>En octubre de 2019, se inaugur\u00f3 la tienda Multimax en la ciudad de Valencia, Estado Carabobo y Dagga forma parte de su junta directiva.<\/span><\/p>\n<p><span>El exitoso empresario viene impulsando actividades sociales para el sector m\u00e1s vulnerable de la poblaci\u00f3n a trav\u00e9s del programa CLX Contigo.<\/span><\/p>\n<p><span><\/span><\/p>\n<p>[\/et_pb_text][\/et_pb_column][\/et_pb_row][et_pb_row _builder_version=\u00bb4.16&#8243; _module_preset=\u00bbdefault\u00bb custom_margin=\u00bb-4px|auto||auto||\u00bb custom_padding=\u00bb7px|||||\u00bb global_colors_info=\u00bb{}\u00bb][et_pb_column type=\u00bb4_4&#8243; _builder_version=\u00bb4.16&#8243; _module_preset=\u00bbdefault\u00bb global_colors_info=\u00bb{}\u00bb][et_pb_text _builder_version=\u00bb4.16&#8243; text_font=\u00bb||||||||\u00bb text_text_color=\u00bb#747d88&#8243; text_font_size=\u00bb20px\u00bb text_line_height=\u00bb1.8em\u00bb header_font=\u00bb||||||||\u00bb header_3_font=\u00bbMontserrat||||||||\u00bb header_3_line_height=\u00bb1.5em\u00bb background_size=\u00bbinitial\u00bb background_position=\u00bbtop_left\u00bb background_repeat=\u00bbrepeat\u00bb max_width=\u00bb800px\u00bb module_alignment=\u00bbcenter\u00bb custom_margin=\u00bb7px||65px|||\u00bb custom_padding=\u00bb||1px|||\u00bb animation_style=\u00bbfade\u00bb animation_direction=\u00bbtop\u00bb global_colors_info=\u00bb{}\u00bb]<\/p>\n<p><span>Ha formado parte de la Fundaci\u00f3n Magallanes, llevando a cabo una serie de programas dentro y fuera de la temporada de b\u00e9isbol.<\/span><\/p>\n<p><span>Con respecto al \u00e1rea cultural patrocin\u00f3 el proyecto cinematogr\u00e1fico Muerte Suspendida del director Oscar Rivas Gamboa, basado en hechos reales.<\/span><\/p>\n<p>[\/et_pb_text][et_pb_text _builder_version=\u00bb4.16&#8243; _module_preset=\u00bbdefault\u00bb global_colors_info=\u00bb{}\u00bb]<\/p>\n<h2 style=\"text-align: center;\"><strong>Comprometido con Venezuela <\/strong><\/h2>\n<p>[\/et_pb_text][et_pb_text admin_label=\u00bbTexto\u00bb _builder_version=\u00bb4.19.4&#8243; text_font=\u00bb||||||||\u00bb text_text_color=\u00bb#747d88&#8243; text_font_size=\u00bb20px\u00bb text_line_height=\u00bb1.8em\u00bb header_font=\u00bb||||||||\u00bb header_3_font=\u00bbMontserrat||||||||\u00bb header_3_line_height=\u00bb1.5em\u00bb background_size=\u00bbinitial\u00bb background_position=\u00bbtop_left\u00bb background_repeat=\u00bbrepeat\u00bb max_width=\u00bb800px\u00bb module_alignment=\u00bbcenter\u00bb custom_margin=\u00bb7px||22px|||\u00bb custom_padding=\u00bb||1px|||\u00bb animation_style=\u00bbfade\u00bb animation_direction=\u00bbtop\u00bb global_colors_info=\u00bb{}\u00bb]<\/p>\n<p>El alto ejecutivo ha demostrado ser un gran fan\u00e1tico de la tecnolog\u00eda, dedic\u00e1ndose a proveer de servicios y de los m\u00e1s novedosos electrodom\u00e9sticos a todo el territorio venezolano. Logr\u00e1ndolo mediante alianzas con LG Corporation y Samsung, utilizando sus empresas CLX Samsung y <strong><a href=\"https:\/\/gadtecnology.com\/\">Gad Tecnology<\/a><\/strong>.<\/p>\n<p>&nbsp;<\/p>\n<p>Distribuidas en 10 estados del pa\u00eds, la marca CLX Samsung ofrece los mejores precios de dispositivos inteligentes, haci\u00e9ndolo accesible para sus clientes.<\/p>\n<p><a href=\"https:\/\/www.cleanreputation.online\/nasar-dagga\/\">Nasar Ramadan Dagga<\/a> est\u00e1 al frente y forma parte de la Fundaci\u00f3n de Lucha Contra el C\u00e1ncer de Mama (Funcamama). Dicha organizaci\u00f3n atiende a la comunidad a trav\u00e9s de sus diversos programas que \u00a0impulsa y promueve servicios de consultas m\u00e9dicas, prevenci\u00f3n, detecci\u00f3n, tratamiento y actividades orientadas a la salud, bienestar y apoyo emocional. En el presente Funcamama atiende a m\u00e1s de 10.000 mujeres por a\u00f1o en prevenci\u00f3n y tratamiento del c\u00e1ncer de mama.<\/p>\n<p>A pesar de la crisis pol\u00edtica, social y econ\u00f3mica que atraviesa el pa\u00eds, Nasar Ramadan Dagga Mujamad ha logrado ser un emblema empresarial del sector tecnol\u00f3gico venezolano, logrando que sea reconocido como una labor admirable.<\/p>\n<p>[\/et_pb_text][\/et_pb_column][\/et_pb_row][\/et_pb_section]<\/p>\n","protected":false},"excerpt":{"rendered":"<p><div id=\"metaslider-id-433\" style=\"width: 100%;\" class=\"ml-slider-3-107-0 metaslider metaslider-flex metaslider-433 ml-slider has-dots-nav ms-theme-default\" role=\"region\" aria-label=\"Slide Biograf\u00eda ND\" data-height=\"1080\" data-width=\"1920\">\n    <div id=\"metaslider_container_433\">\n        <div id=\"metaslider_433\">\n            <ul class='slides'>\n                <li style=\"display: block; width: 100%;\" class=\"slide-438 ms-image \" aria-roledescription=\"slide\" data-date=\"2021-01-23 21:03:43\" data-filename=\"biografia-nasar.jpg\" data-slide-type=\"image\"><img loading=\"lazy\" decoding=\"async\" src=\"https:\/\/www.clxonline.com\/wp-content\/uploads\/2021\/01\/biografia-nasar.jpg\" height=\"1080\" width=\"1920\" alt=\"Nasar Ramadan Dagga Mujamad\" class=\"slider-433 slide-438 msDefaultImage\" title=\"Nasar Dagga\" \/><div class=\"caption-wrap\"><div class=\"caption\">Distribuidor oficial de la marca Samsung para Centroam\u00e9rica, Caribe, Ecuador y Venezuela.<\/div><\/div><\/li>\n            <\/ul>\n        <\/div>\n        \n    <\/div>\n<\/div>Biograf\u00eda Nasar Ramadan Dagga MujamadNasar Ramadan Dagga Mujamad naci\u00f3 en el estado Carabobo, el 9 de julio del a\u00f1o 1976. Es un exitoso empresario venezolano que actualmente dirige la empresa CLX Official Partner de Samsung. Nasar Dagga es de ascendencia \u00e1rabe y se gradu\u00f3 de bachiller en la Unidad Educativa Centro de Estudio Carabobo. [&hellip;]<\/p>\n","protected":false},"author":1,"featured_media":434,"parent":0,"menu_order":0,"comment_status":"closed","ping_status":"closed","template":"","meta":{"_et_pb_use_builder":"on","_et_pb_old_content":"","_et_gb_content_width":"","footnotes":""},"class_list":["post-474","page","type-page","status-publish","has-post-thumbnail","hentry"],"yoast_head":"<!-- This site is optimized with the Yoast SEO Premium plugin v21.9 (Yoast SEO v27.2) - https:\/\/yoast.com\/product\/yoast-seo-premium-wordpress\/ -->\n<title>Biograf\u00eda de Nasar Dagga Mujamad empresario venezolano lider de CLX<\/title>\n<meta name=\"description\" content=\"La biograf\u00eda de Nasar Dagga relata como este exitoso empresario apuesta diariamente por el desarrollo de Venezuela, inspirando a millones de personas\" \/>\n<meta name=\"robots\" content=\"index, follow, max-snippet:-1, max-image-preview:large, max-video-preview:-1\" \/>\n<link rel=\"canonical\" href=\"https:\/\/www.clxonline.com\/es\/nasar-ramadan-dagga-mujamad\/\" \/>\n<meta property=\"og:locale\" content=\"es_ES\" \/>\n<meta property=\"og:type\" content=\"article\" \/>\n<meta property=\"og:title\" content=\"Biograf\u00eda de Nasar Dagga Mujamad\" \/>\n<meta property=\"og:description\" content=\"La biograf\u00eda de Nasar Dagga relata como este exitoso empresario apuesta diariamente por el desarrollo de Venezuela, inspirando a millones de personas\" \/>\n<meta property=\"og:url\" content=\"https:\/\/www.clxonline.com\/es\/nasar-ramadan-dagga-mujamad\/\" \/>\n<meta property=\"og:site_name\" content=\"CLX Online\" \/>\n<meta property=\"article:modified_time\" content=\"2025-07-24T15:36:23+00:00\" \/>\n<meta property=\"og:image\" content=\"https:\/\/www.clxonline.com\/wp-content\/uploads\/2021\/01\/biografia-nasar.jpg\" \/>\n\t<meta property=\"og:image:width\" content=\"1920\" \/>\n\t<meta property=\"og:image:height\" content=\"1080\" \/>\n\t<meta property=\"og:image:type\" content=\"image\/jpeg\" \/>\n<meta name=\"twitter:card\" content=\"summary_large_image\" \/>\n<meta name=\"twitter:label1\" content=\"Tiempo de lectura\" \/>\n\t<meta name=\"twitter:data1\" content=\"4 minutos\" \/>\n<script type=\"application\/ld+json\" class=\"yoast-schema-graph\">{\"@context\":\"https:\/\/schema.org\",\"@graph\":[{\"@type\":\"WebPage\",\"@id\":\"https:\/\/www.clxonline.com\/es\/nasar-ramadan-dagga-mujamad\/\",\"url\":\"https:\/\/www.clxonline.com\/es\/nasar-ramadan-dagga-mujamad\/\",\"name\":\"Biograf\u00eda de Nasar Dagga Mujamad empresario venezolano lider de CLX\",\"isPartOf\":{\"@id\":\"https:\/\/www.clxonline.com\/es\/#website\"},\"primaryImageOfPage\":{\"@id\":\"https:\/\/www.clxonline.com\/es\/nasar-ramadan-dagga-mujamad\/#primaryimage\"},\"image\":{\"@id\":\"https:\/\/www.clxonline.com\/es\/nasar-ramadan-dagga-mujamad\/#primaryimage\"},\"thumbnailUrl\":\"https:\/\/www.clxonline.com\/wp-content\/uploads\/2021\/01\/biografia-nasar.jpg\",\"datePublished\":\"2021-01-25T19:48:30+00:00\",\"dateModified\":\"2025-07-24T15:36:23+00:00\",\"description\":\"La biograf\u00eda de Nasar Dagga relata como este exitoso empresario apuesta diariamente por el desarrollo de Venezuela, inspirando a millones de personas\",\"breadcrumb\":{\"@id\":\"https:\/\/www.clxonline.com\/es\/nasar-ramadan-dagga-mujamad\/#breadcrumb\"},\"inLanguage\":\"es\",\"potentialAction\":[{\"@type\":\"ReadAction\",\"target\":[\"https:\/\/www.clxonline.com\/es\/nasar-ramadan-dagga-mujamad\/\"]}]},{\"@type\":\"ImageObject\",\"inLanguage\":\"es\",\"@id\":\"https:\/\/www.clxonline.com\/es\/nasar-ramadan-dagga-mujamad\/#primaryimage\",\"url\":\"https:\/\/www.clxonline.com\/wp-content\/uploads\/2021\/01\/biografia-nasar.jpg\",\"contentUrl\":\"https:\/\/www.clxonline.com\/wp-content\/uploads\/2021\/01\/biografia-nasar.jpg\",\"width\":1920,\"height\":1080,\"caption\":\"Distribuidor oficial de la marca Samsung para Centroam\u00e9rica, Caribe, Ecuador y Venezuela.\"},{\"@type\":\"BreadcrumbList\",\"@id\":\"https:\/\/www.clxonline.com\/es\/nasar-ramadan-dagga-mujamad\/#breadcrumb\",\"itemListElement\":[{\"@type\":\"ListItem\",\"position\":1,\"name\":\"Home\",\"item\":\"https:\/\/www.clxonline.com\/\"},{\"@type\":\"ListItem\",\"position\":2,\"name\":\"Biograf\u00eda de Nasar Dagga Mujamad\"}]},{\"@type\":\"WebSite\",\"@id\":\"https:\/\/www.clxonline.com\/es\/#website\",\"url\":\"https:\/\/www.clxonline.com\/es\/\",\"name\":\"CLX Online\",\"description\":\"Offical Partner\",\"potentialAction\":[{\"@type\":\"SearchAction\",\"target\":{\"@type\":\"EntryPoint\",\"urlTemplate\":\"https:\/\/www.clxonline.com\/es\/?s={search_term_string}\"},\"query-input\":{\"@type\":\"PropertyValueSpecification\",\"valueRequired\":true,\"valueName\":\"search_term_string\"}}],\"inLanguage\":\"es\"}]}<\/script>\n<!-- \/ Yoast SEO Premium plugin. -->","yoast_head_json":{"title":"Biograf\u00eda de Nasar Dagga Mujamad empresario venezolano lider de CLX","description":"La biograf\u00eda de Nasar Dagga relata como este exitoso empresario apuesta diariamente por el desarrollo de Venezuela, inspirando a millones de personas","robots":{"index":"index","follow":"follow","max-snippet":"max-snippet:-1","max-image-preview":"max-image-preview:large","max-video-preview":"max-video-preview:-1"},"canonical":"https:\/\/www.clxonline.com\/es\/nasar-ramadan-dagga-mujamad\/","og_locale":"es_ES","og_type":"article","og_title":"Biograf\u00eda de Nasar Dagga Mujamad","og_description":"La biograf\u00eda de Nasar Dagga relata como este exitoso empresario apuesta diariamente por el desarrollo de Venezuela, inspirando a millones de personas","og_url":"https:\/\/www.clxonline.com\/es\/nasar-ramadan-dagga-mujamad\/","og_site_name":"CLX Online","article_modified_time":"2025-07-24T15:36:23+00:00","og_image":[{"width":1920,"height":1080,"url":"https:\/\/www.clxonline.com\/wp-content\/uploads\/2021\/01\/biografia-nasar.jpg","type":"image\/jpeg"}],"twitter_card":"summary_large_image","twitter_misc":{"Tiempo de lectura":"4 minutos"},"schema":{"@context":"https:\/\/schema.org","@graph":[{"@type":"WebPage","@id":"https:\/\/www.clxonline.com\/es\/nasar-ramadan-dagga-mujamad\/","url":"https:\/\/www.clxonline.com\/es\/nasar-ramadan-dagga-mujamad\/","name":"Biograf\u00eda de Nasar Dagga Mujamad empresario venezolano lider de CLX","isPartOf":{"@id":"https:\/\/www.clxonline.com\/es\/#website"},"primaryImageOfPage":{"@id":"https:\/\/www.clxonline.com\/es\/nasar-ramadan-dagga-mujamad\/#primaryimage"},"image":{"@id":"https:\/\/www.clxonline.com\/es\/nasar-ramadan-dagga-mujamad\/#primaryimage"},"thumbnailUrl":"https:\/\/www.clxonline.com\/wp-content\/uploads\/2021\/01\/biografia-nasar.jpg","datePublished":"2021-01-25T19:48:30+00:00","dateModified":"2025-07-24T15:36:23+00:00","description":"La biograf\u00eda de Nasar Dagga relata como este exitoso empresario apuesta diariamente por el desarrollo de Venezuela, inspirando a millones de personas","breadcrumb":{"@id":"https:\/\/www.clxonline.com\/es\/nasar-ramadan-dagga-mujamad\/#breadcrumb"},"inLanguage":"es","potentialAction":[{"@type":"ReadAction","target":["https:\/\/www.clxonline.com\/es\/nasar-ramadan-dagga-mujamad\/"]}]},{"@type":"ImageObject","inLanguage":"es","@id":"https:\/\/www.clxonline.com\/es\/nasar-ramadan-dagga-mujamad\/#primaryimage","url":"https:\/\/www.clxonline.com\/wp-content\/uploads\/2021\/01\/biografia-nasar.jpg","contentUrl":"https:\/\/www.clxonline.com\/wp-content\/uploads\/2021\/01\/biografia-nasar.jpg","width":1920,"height":1080,"caption":"Distribuidor oficial de la marca Samsung para Centroam\u00e9rica, Caribe, Ecuador y Venezuela."},{"@type":"BreadcrumbList","@id":"https:\/\/www.clxonline.com\/es\/nasar-ramadan-dagga-mujamad\/#breadcrumb","itemListElement":[{"@type":"ListItem","position":1,"name":"Home","item":"https:\/\/www.clxonline.com\/"},{"@type":"ListItem","position":2,"name":"Biograf\u00eda de Nasar Dagga Mujamad"}]},{"@type":"WebSite","@id":"https:\/\/www.clxonline.com\/es\/#website","url":"https:\/\/www.clxonline.com\/es\/","name":"CLX Online","description":"Offical Partner","potentialAction":[{"@type":"SearchAction","target":{"@type":"EntryPoint","urlTemplate":"https:\/\/www.clxonline.com\/es\/?s={search_term_string}"},"query-input":{"@type":"PropertyValueSpecification","valueRequired":true,"valueName":"search_term_string"}}],"inLanguage":"es"}]}},"_links":{"self":[{"href":"https:\/\/www.clxonline.com\/es\/wp-json\/wp\/v2\/pages\/474","targetHints":{"allow":["GET"]}}],"collection":[{"href":"https:\/\/www.clxonline.com\/es\/wp-json\/wp\/v2\/pages"}],"about":[{"href":"https:\/\/www.clxonline.com\/es\/wp-json\/wp\/v2\/types\/page"}],"author":[{"embeddable":true,"href":"https:\/\/www.clxonline.com\/es\/wp-json\/wp\/v2\/users\/1"}],"replies":[{"embeddable":true,"href":"https:\/\/www.clxonline.com\/es\/wp-json\/wp\/v2\/comments?post=474"}],"version-history":[{"count":5,"href":"https:\/\/www.clxonline.com\/es\/wp-json\/wp\/v2\/pages\/474\/revisions"}],"predecessor-version":[{"id":2749,"href":"https:\/\/www.clxonline.com\/es\/wp-json\/wp\/v2\/pages\/474\/revisions\/2749"}],"wp:featuredmedia":[{"embeddable":true,"href":"https:\/\/www.clxonline.com\/es\/wp-json\/wp\/v2\/media\/434"}],"wp:attachment":[{"href":"https:\/\/www.clxonline.com\/es\/wp-json\/wp\/v2\/media?parent=474"}],"curies":[{"name":"wp","href":"https:\/\/api.w.org\/{rel}","templated":true}]}}