{"id":101,"date":"2020-06-03T01:39:22","date_gmt":"2020-06-03T05:39:22","guid":{"rendered":"https:\/\/clx.artechdigital.net\/?post_type=product&#038;p=101"},"modified":"2022-05-06T19:16:27","modified_gmt":"2022-05-06T23:16:27","slug":"samsung-galaxy-s10-lite","status":"publish","type":"product","link":"https:\/\/www.clxonline.com\/es\/producto\/samsung-galaxy-s10-lite\/","title":{"rendered":"Samsung Galaxy S10 Lite"},"content":{"rendered":"<div class=\"wpb_text_column wpb_content_element \">\n<div class=\"wpb_wrapper\">\n<p>El\u00a0<a href=\"https:\/\/www.samsung.com\/latin\">Samsung<\/a>\u00a0Galaxy S10 Lite se asegura de que observes una gran gama de colores y contrastes sorprendentes justo como se capturaron con HDR10+. Ya sea que te encuentres en el exterior a la luz del sol o en el interior, el S10 Lite ofrece una experiencia cinematogr\u00e1fica real. Otro producto que te ofrece\u00a0<a href=\"https:\/\/clxlatin.com\/\">CLX.<\/a><\/p>\n<\/div>\n<\/div>\n","protected":false},"excerpt":{"rendered":"<ul>\n<li><b>Colores que fueron dise\u00f1ados para brillar cada vez que lo observas<\/b><\/li>\n<li><b>El poder que tiene la c\u00e1mara es de nivel profesional<\/b><\/li>\n<li><b>Tiene una bater\u00eda de 4500 mAh (uso t\u00edpico): bater\u00eda que tiene un periodo de duraci\u00f3n de 48 horas<\/b><\/li>\n<\/ul>\n","protected":false},"featured_media":104,"comment_status":"open","ping_status":"closed","template":"","meta":{"_et_pb_use_builder":"","_et_pb_old_content":"","_et_gb_content_width":""},"product_brand":[],"product_cat":[18],"product_tag":[22,21,20,25],"class_list":{"0":"post-101","1":"product","2":"type-product","3":"status-publish","4":"has-post-thumbnail","6":"product_cat-celulares","7":"product_tag-clx-online","8":"product_tag-clx-samsung","9":"product_tag-samsung","10":"product_tag-samsung-galaxy-s10-lite","12":"first","13":"instock","14":"shipping-taxable","15":"product-type-simple"},"yoast_head":"<!-- This site is optimized with the Yoast SEO Premium plugin v21.9 (Yoast SEO v27.5) - https:\/\/yoast.com\/product\/yoast-seo-premium-wordpress\/ -->\n<title>Samsung Galaxy S10 Lite - CLX Online<\/title>\n<meta name=\"robots\" content=\"index, follow, max-snippet:-1, max-image-preview:large, max-video-preview:-1\" \/>\n<link rel=\"canonical\" href=\"https:\/\/www.clxonline.com\/es\/producto\/samsung-galaxy-s10-lite\/\" \/>\n<meta property=\"og:locale\" content=\"es_ES\" \/>\n<meta property=\"og:type\" content=\"article\" \/>\n<meta property=\"og:title\" content=\"Samsung Galaxy S10 Lite\" \/>\n<meta property=\"og:description\" content=\"Colores que fueron dise\u00f1ados para brillar cada vez que lo observas  El poder que tiene la c\u00e1mara es de nivel profesional  Tiene una bater\u00eda de 4500 mAh (uso t\u00edpico): bater\u00eda que tiene un periodo de duraci\u00f3n de 48 horas\" \/>\n<meta property=\"og:url\" content=\"https:\/\/www.clxonline.com\/es\/producto\/samsung-galaxy-s10-lite\/\" \/>\n<meta property=\"og:site_name\" content=\"CLX Online\" \/>\n<meta property=\"article:modified_time\" content=\"2022-05-06T23:16:27+00:00\" \/>\n<meta property=\"og:image\" content=\"https:\/\/www.clxonline.com\/wp-content\/uploads\/2020\/06\/Samsumg-s10-lite-3.jpg\" \/>\n\t<meta property=\"og:image:width\" content=\"1000\" \/>\n\t<meta property=\"og:image:height\" content=\"1000\" \/>\n\t<meta property=\"og:image:type\" content=\"image\/jpeg\" \/>\n<meta name=\"twitter:card\" content=\"summary_large_image\" \/>\n<script type=\"application\/ld+json\" class=\"yoast-schema-graph\">{\"@context\":\"https:\\\/\\\/schema.org\",\"@graph\":[{\"@type\":\"WebPage\",\"@id\":\"https:\\\/\\\/www.clxonline.com\\\/es\\\/producto\\\/samsung-galaxy-s10-lite\\\/\",\"url\":\"https:\\\/\\\/www.clxonline.com\\\/es\\\/producto\\\/samsung-galaxy-s10-lite\\\/\",\"name\":\"Samsung Galaxy S10 Lite - CLX Online\",\"isPartOf\":{\"@id\":\"https:\\\/\\\/www.clxonline.com\\\/es\\\/#website\"},\"primaryImageOfPage\":{\"@id\":\"https:\\\/\\\/www.clxonline.com\\\/es\\\/producto\\\/samsung-galaxy-s10-lite\\\/#primaryimage\"},\"image\":{\"@id\":\"https:\\\/\\\/www.clxonline.com\\\/es\\\/producto\\\/samsung-galaxy-s10-lite\\\/#primaryimage\"},\"thumbnailUrl\":\"https:\\\/\\\/www.clxonline.com\\\/wp-content\\\/uploads\\\/2020\\\/06\\\/Samsumg-s10-lite-3.jpg\",\"datePublished\":\"2020-06-03T05:39:22+00:00\",\"dateModified\":\"2022-05-06T23:16:27+00:00\",\"breadcrumb\":{\"@id\":\"https:\\\/\\\/www.clxonline.com\\\/es\\\/producto\\\/samsung-galaxy-s10-lite\\\/#breadcrumb\"},\"inLanguage\":\"es\",\"potentialAction\":[{\"@type\":\"ReadAction\",\"target\":[\"https:\\\/\\\/www.clxonline.com\\\/es\\\/producto\\\/samsung-galaxy-s10-lite\\\/\"]}]},{\"@type\":\"ImageObject\",\"inLanguage\":\"es\",\"@id\":\"https:\\\/\\\/www.clxonline.com\\\/es\\\/producto\\\/samsung-galaxy-s10-lite\\\/#primaryimage\",\"url\":\"https:\\\/\\\/www.clxonline.com\\\/wp-content\\\/uploads\\\/2020\\\/06\\\/Samsumg-s10-lite-3.jpg\",\"contentUrl\":\"https:\\\/\\\/www.clxonline.com\\\/wp-content\\\/uploads\\\/2020\\\/06\\\/Samsumg-s10-lite-3.jpg\",\"width\":1000,\"height\":1000},{\"@type\":\"BreadcrumbList\",\"@id\":\"https:\\\/\\\/www.clxonline.com\\\/es\\\/producto\\\/samsung-galaxy-s10-lite\\\/#breadcrumb\",\"itemListElement\":[{\"@type\":\"ListItem\",\"position\":1,\"name\":\"Home\",\"item\":\"https:\\\/\\\/www.clxonline.com\\\/\"},{\"@type\":\"ListItem\",\"position\":2,\"name\":\"Shop\",\"item\":\"https:\\\/\\\/www.clxonline.com\\\/shop\\\/\"},{\"@type\":\"ListItem\",\"position\":3,\"name\":\"Samsung Galaxy S10 Lite\"}]},{\"@type\":\"WebSite\",\"@id\":\"https:\\\/\\\/www.clxonline.com\\\/es\\\/#website\",\"url\":\"https:\\\/\\\/www.clxonline.com\\\/es\\\/\",\"name\":\"CLX Online\",\"description\":\"Offical Partner\",\"potentialAction\":[{\"@type\":\"SearchAction\",\"target\":{\"@type\":\"EntryPoint\",\"urlTemplate\":\"https:\\\/\\\/www.clxonline.com\\\/es\\\/?s={search_term_string}\"},\"query-input\":{\"@type\":\"PropertyValueSpecification\",\"valueRequired\":true,\"valueName\":\"search_term_string\"}}],\"inLanguage\":\"es\"}]}<\/script>\n<!-- \/ Yoast SEO Premium plugin. -->","yoast_head_json":{"title":"Samsung Galaxy S10 Lite - CLX Online","robots":{"index":"index","follow":"follow","max-snippet":"max-snippet:-1","max-image-preview":"max-image-preview:large","max-video-preview":"max-video-preview:-1"},"canonical":"https:\/\/www.clxonline.com\/es\/producto\/samsung-galaxy-s10-lite\/","og_locale":"es_ES","og_type":"article","og_title":"Samsung Galaxy S10 Lite","og_description":"Colores que fueron dise\u00f1ados para brillar cada vez que lo observas  El poder que tiene la c\u00e1mara es de nivel profesional  Tiene una bater\u00eda de 4500 mAh (uso t\u00edpico): bater\u00eda que tiene un periodo de duraci\u00f3n de 48 horas","og_url":"https:\/\/www.clxonline.com\/es\/producto\/samsung-galaxy-s10-lite\/","og_site_name":"CLX Online","article_modified_time":"2022-05-06T23:16:27+00:00","og_image":[{"width":1000,"height":1000,"url":"https:\/\/www.clxonline.com\/wp-content\/uploads\/2020\/06\/Samsumg-s10-lite-3.jpg","type":"image\/jpeg"}],"twitter_card":"summary_large_image","schema":{"@context":"https:\/\/schema.org","@graph":[{"@type":"WebPage","@id":"https:\/\/www.clxonline.com\/es\/producto\/samsung-galaxy-s10-lite\/","url":"https:\/\/www.clxonline.com\/es\/producto\/samsung-galaxy-s10-lite\/","name":"Samsung Galaxy S10 Lite - CLX Online","isPartOf":{"@id":"https:\/\/www.clxonline.com\/es\/#website"},"primaryImageOfPage":{"@id":"https:\/\/www.clxonline.com\/es\/producto\/samsung-galaxy-s10-lite\/#primaryimage"},"image":{"@id":"https:\/\/www.clxonline.com\/es\/producto\/samsung-galaxy-s10-lite\/#primaryimage"},"thumbnailUrl":"https:\/\/www.clxonline.com\/wp-content\/uploads\/2020\/06\/Samsumg-s10-lite-3.jpg","datePublished":"2020-06-03T05:39:22+00:00","dateModified":"2022-05-06T23:16:27+00:00","breadcrumb":{"@id":"https:\/\/www.clxonline.com\/es\/producto\/samsung-galaxy-s10-lite\/#breadcrumb"},"inLanguage":"es","potentialAction":[{"@type":"ReadAction","target":["https:\/\/www.clxonline.com\/es\/producto\/samsung-galaxy-s10-lite\/"]}]},{"@type":"ImageObject","inLanguage":"es","@id":"https:\/\/www.clxonline.com\/es\/producto\/samsung-galaxy-s10-lite\/#primaryimage","url":"https:\/\/www.clxonline.com\/wp-content\/uploads\/2020\/06\/Samsumg-s10-lite-3.jpg","contentUrl":"https:\/\/www.clxonline.com\/wp-content\/uploads\/2020\/06\/Samsumg-s10-lite-3.jpg","width":1000,"height":1000},{"@type":"BreadcrumbList","@id":"https:\/\/www.clxonline.com\/es\/producto\/samsung-galaxy-s10-lite\/#breadcrumb","itemListElement":[{"@type":"ListItem","position":1,"name":"Home","item":"https:\/\/www.clxonline.com\/"},{"@type":"ListItem","position":2,"name":"Shop","item":"https:\/\/www.clxonline.com\/shop\/"},{"@type":"ListItem","position":3,"name":"Samsung Galaxy S10 Lite"}]},{"@type":"WebSite","@id":"https:\/\/www.clxonline.com\/es\/#website","url":"https:\/\/www.clxonline.com\/es\/","name":"CLX Online","description":"Offical Partner","potentialAction":[{"@type":"SearchAction","target":{"@type":"EntryPoint","urlTemplate":"https:\/\/www.clxonline.com\/es\/?s={search_term_string}"},"query-input":{"@type":"PropertyValueSpecification","valueRequired":true,"valueName":"search_term_string"}}],"inLanguage":"es"}]}},"_links":{"self":[{"href":"https:\/\/www.clxonline.com\/es\/wp-json\/wp\/v2\/product\/101","targetHints":{"allow":["GET"]}}],"collection":[{"href":"https:\/\/www.clxonline.com\/es\/wp-json\/wp\/v2\/product"}],"about":[{"href":"https:\/\/www.clxonline.com\/es\/wp-json\/wp\/v2\/types\/product"}],"replies":[{"embeddable":true,"href":"https:\/\/www.clxonline.com\/es\/wp-json\/wp\/v2\/comments?post=101"}],"wp:featuredmedia":[{"embeddable":true,"href":"https:\/\/www.clxonline.com\/es\/wp-json\/wp\/v2\/media\/104"}],"wp:attachment":[{"href":"https:\/\/www.clxonline.com\/es\/wp-json\/wp\/v2\/media?parent=101"}],"wp:term":[{"taxonomy":"product_brand","embeddable":true,"href":"https:\/\/www.clxonline.com\/es\/wp-json\/wp\/v2\/product_brand?post=101"},{"taxonomy":"product_cat","embeddable":true,"href":"https:\/\/www.clxonline.com\/es\/wp-json\/wp\/v2\/product_cat?post=101"},{"taxonomy":"product_tag","embeddable":true,"href":"https:\/\/www.clxonline.com\/es\/wp-json\/wp\/v2\/product_tag?post=101"}],"curies":[{"name":"wp","href":"https:\/\/api.w.org\/{rel}","templated":true}]}}