{"id":1049,"date":"2021-03-25T13:28:51","date_gmt":"2021-03-25T17:28:51","guid":{"rendered":"https:\/\/www.clxonline.com\/?post_type=product&#038;p=1049"},"modified":"2022-05-06T19:11:06","modified_gmt":"2022-05-06T23:11:06","slug":"refrigerador-side-by-side-spacemax-282-cu-ft","status":"publish","type":"product","link":"https:\/\/www.clxonline.com\/es\/producto\/refrigerador-side-by-side-spacemax-282-cu-ft\/","title":{"rendered":"Refrigerador Side By Side Spacemax, 28,2 CU.FT"},"content":{"rendered":"<p class=\"feature-benefit__desc contrast-target\" data-font-size-mo=\"12\" data-font-size-pc=\"18\">Disfruta de mayor eficiencia energ\u00e9tica, menos ruido y rendimiento duradero. El compresor Digital Inverter ajusta su velocidad seg\u00fan la demanda de refrigeraci\u00f3n. Por lo tanto, es m\u00e1s silencioso, consume un 50\u00a0% menos de energ\u00eda* y ofrece una durabilidad de 21\u00a0a\u00f1os**, respaldada por una garant\u00eda de 10\u00a0a\u00f1os***.<\/p>\n","protected":false},"excerpt":{"rendered":"<ul class=\"dot-list\">\n<li class=\"dot-list__item\"><strong><span class=\"usp-text\">Simplemente m\u00e1s grande por dentro y mismo tama\u00f1o por fuera<\/span><\/strong><\/li>\n<li class=\"dot-list__item\"><strong><span class=\"usp-text\">Dise\u00f1o perfecto, armonioso y elegante<\/span><\/strong><\/li>\n<li class=\"dot-list__item\"><strong><span class=\"usp-text\">Utiliza un 50% menos de energ\u00eda y funciona m\u00e1s tiempo<\/span><\/strong><\/li>\n<\/ul>\n","protected":false},"featured_media":1050,"comment_status":"open","ping_status":"closed","template":"","meta":{"_et_pb_use_builder":"","_et_pb_old_content":"","_et_gb_content_width":""},"product_brand":[],"product_cat":[79,82],"product_tag":[],"class_list":{"0":"post-1049","1":"product","2":"type-product","3":"status-publish","4":"has-post-thumbnail","6":"product_cat-linea-blanca","7":"product_cat-refrigeradoras","9":"first","10":"instock","11":"shipping-taxable","12":"product-type-simple"},"yoast_head":"<!-- This site is optimized with the Yoast SEO Premium plugin v21.9 (Yoast SEO v27.2) - https:\/\/yoast.com\/product\/yoast-seo-premium-wordpress\/ -->\n<title>Refrigerador Side By Side Spacemax, 28,2 CU.FT - CLX Online<\/title>\n<meta name=\"robots\" content=\"index, follow, max-snippet:-1, max-image-preview:large, max-video-preview:-1\" \/>\n<link rel=\"canonical\" href=\"https:\/\/www.clxonline.com\/es\/producto\/refrigerador-side-by-side-spacemax-282-cu-ft\/\" \/>\n<meta property=\"og:locale\" content=\"es_ES\" \/>\n<meta property=\"og:type\" content=\"article\" \/>\n<meta property=\"og:title\" content=\"Refrigerador Side By Side Spacemax, 28,2 CU.FT\" \/>\n<meta property=\"og:description\" content=\"Simplemente m\u00e1s grande por dentro y mismo tama\u00f1o por fuera  Dise\u00f1o perfecto, armonioso y elegante  Utiliza un 50% menos de energ\u00eda y funciona m\u00e1s tiempo\" \/>\n<meta property=\"og:url\" content=\"https:\/\/www.clxonline.com\/es\/producto\/refrigerador-side-by-side-spacemax-282-cu-ft\/\" \/>\n<meta property=\"og:site_name\" content=\"CLX Online\" \/>\n<meta property=\"article:modified_time\" content=\"2022-05-06T23:11:06+00:00\" \/>\n<meta property=\"og:image\" content=\"https:\/\/www.clxonline.com\/wp-content\/uploads\/2021\/03\/latin-side-by-side-rs27t5200s9ap-rs27t5200s9-ap-frontgray-211906218.jpg\" \/>\n\t<meta property=\"og:image:width\" content=\"684\" \/>\n\t<meta property=\"og:image:height\" content=\"547\" \/>\n\t<meta property=\"og:image:type\" content=\"image\/jpeg\" \/>\n<meta name=\"twitter:card\" content=\"summary_large_image\" \/>\n<script type=\"application\/ld+json\" class=\"yoast-schema-graph\">{\"@context\":\"https:\/\/schema.org\",\"@graph\":[{\"@type\":\"WebPage\",\"@id\":\"https:\/\/www.clxonline.com\/es\/producto\/refrigerador-side-by-side-spacemax-282-cu-ft\/\",\"url\":\"https:\/\/www.clxonline.com\/es\/producto\/refrigerador-side-by-side-spacemax-282-cu-ft\/\",\"name\":\"Refrigerador Side By Side Spacemax, 28,2 CU.FT - CLX Online\",\"isPartOf\":{\"@id\":\"https:\/\/www.clxonline.com\/es\/#website\"},\"primaryImageOfPage\":{\"@id\":\"https:\/\/www.clxonline.com\/es\/producto\/refrigerador-side-by-side-spacemax-282-cu-ft\/#primaryimage\"},\"image\":{\"@id\":\"https:\/\/www.clxonline.com\/es\/producto\/refrigerador-side-by-side-spacemax-282-cu-ft\/#primaryimage\"},\"thumbnailUrl\":\"https:\/\/www.clxonline.com\/wp-content\/uploads\/2021\/03\/latin-side-by-side-rs27t5200s9ap-rs27t5200s9-ap-frontgray-211906218.jpg\",\"datePublished\":\"2021-03-25T17:28:51+00:00\",\"dateModified\":\"2022-05-06T23:11:06+00:00\",\"breadcrumb\":{\"@id\":\"https:\/\/www.clxonline.com\/es\/producto\/refrigerador-side-by-side-spacemax-282-cu-ft\/#breadcrumb\"},\"inLanguage\":\"es\",\"potentialAction\":[{\"@type\":\"ReadAction\",\"target\":[\"https:\/\/www.clxonline.com\/es\/producto\/refrigerador-side-by-side-spacemax-282-cu-ft\/\"]}]},{\"@type\":\"ImageObject\",\"inLanguage\":\"es\",\"@id\":\"https:\/\/www.clxonline.com\/es\/producto\/refrigerador-side-by-side-spacemax-282-cu-ft\/#primaryimage\",\"url\":\"https:\/\/www.clxonline.com\/wp-content\/uploads\/2021\/03\/latin-side-by-side-rs27t5200s9ap-rs27t5200s9-ap-frontgray-211906218.jpg\",\"contentUrl\":\"https:\/\/www.clxonline.com\/wp-content\/uploads\/2021\/03\/latin-side-by-side-rs27t5200s9ap-rs27t5200s9-ap-frontgray-211906218.jpg\",\"width\":684,\"height\":547},{\"@type\":\"BreadcrumbList\",\"@id\":\"https:\/\/www.clxonline.com\/es\/producto\/refrigerador-side-by-side-spacemax-282-cu-ft\/#breadcrumb\",\"itemListElement\":[{\"@type\":\"ListItem\",\"position\":1,\"name\":\"Home\",\"item\":\"https:\/\/www.clxonline.com\/\"},{\"@type\":\"ListItem\",\"position\":2,\"name\":\"Shop\",\"item\":\"https:\/\/www.clxonline.com\/shop\/\"},{\"@type\":\"ListItem\",\"position\":3,\"name\":\"Refrigerador Side By Side Spacemax, 28,2 CU.FT\"}]},{\"@type\":\"WebSite\",\"@id\":\"https:\/\/www.clxonline.com\/es\/#website\",\"url\":\"https:\/\/www.clxonline.com\/es\/\",\"name\":\"CLX Online\",\"description\":\"Offical Partner\",\"potentialAction\":[{\"@type\":\"SearchAction\",\"target\":{\"@type\":\"EntryPoint\",\"urlTemplate\":\"https:\/\/www.clxonline.com\/es\/?s={search_term_string}\"},\"query-input\":{\"@type\":\"PropertyValueSpecification\",\"valueRequired\":true,\"valueName\":\"search_term_string\"}}],\"inLanguage\":\"es\"}]}<\/script>\n<!-- \/ Yoast SEO Premium plugin. -->","yoast_head_json":{"title":"Refrigerador Side By Side Spacemax, 28,2 CU.FT - CLX Online","robots":{"index":"index","follow":"follow","max-snippet":"max-snippet:-1","max-image-preview":"max-image-preview:large","max-video-preview":"max-video-preview:-1"},"canonical":"https:\/\/www.clxonline.com\/es\/producto\/refrigerador-side-by-side-spacemax-282-cu-ft\/","og_locale":"es_ES","og_type":"article","og_title":"Refrigerador Side By Side Spacemax, 28,2 CU.FT","og_description":"Simplemente m\u00e1s grande por dentro y mismo tama\u00f1o por fuera  Dise\u00f1o perfecto, armonioso y elegante  Utiliza un 50% menos de energ\u00eda y funciona m\u00e1s tiempo","og_url":"https:\/\/www.clxonline.com\/es\/producto\/refrigerador-side-by-side-spacemax-282-cu-ft\/","og_site_name":"CLX Online","article_modified_time":"2022-05-06T23:11:06+00:00","og_image":[{"width":684,"height":547,"url":"https:\/\/www.clxonline.com\/wp-content\/uploads\/2021\/03\/latin-side-by-side-rs27t5200s9ap-rs27t5200s9-ap-frontgray-211906218.jpg","type":"image\/jpeg"}],"twitter_card":"summary_large_image","schema":{"@context":"https:\/\/schema.org","@graph":[{"@type":"WebPage","@id":"https:\/\/www.clxonline.com\/es\/producto\/refrigerador-side-by-side-spacemax-282-cu-ft\/","url":"https:\/\/www.clxonline.com\/es\/producto\/refrigerador-side-by-side-spacemax-282-cu-ft\/","name":"Refrigerador Side By Side Spacemax, 28,2 CU.FT - CLX Online","isPartOf":{"@id":"https:\/\/www.clxonline.com\/es\/#website"},"primaryImageOfPage":{"@id":"https:\/\/www.clxonline.com\/es\/producto\/refrigerador-side-by-side-spacemax-282-cu-ft\/#primaryimage"},"image":{"@id":"https:\/\/www.clxonline.com\/es\/producto\/refrigerador-side-by-side-spacemax-282-cu-ft\/#primaryimage"},"thumbnailUrl":"https:\/\/www.clxonline.com\/wp-content\/uploads\/2021\/03\/latin-side-by-side-rs27t5200s9ap-rs27t5200s9-ap-frontgray-211906218.jpg","datePublished":"2021-03-25T17:28:51+00:00","dateModified":"2022-05-06T23:11:06+00:00","breadcrumb":{"@id":"https:\/\/www.clxonline.com\/es\/producto\/refrigerador-side-by-side-spacemax-282-cu-ft\/#breadcrumb"},"inLanguage":"es","potentialAction":[{"@type":"ReadAction","target":["https:\/\/www.clxonline.com\/es\/producto\/refrigerador-side-by-side-spacemax-282-cu-ft\/"]}]},{"@type":"ImageObject","inLanguage":"es","@id":"https:\/\/www.clxonline.com\/es\/producto\/refrigerador-side-by-side-spacemax-282-cu-ft\/#primaryimage","url":"https:\/\/www.clxonline.com\/wp-content\/uploads\/2021\/03\/latin-side-by-side-rs27t5200s9ap-rs27t5200s9-ap-frontgray-211906218.jpg","contentUrl":"https:\/\/www.clxonline.com\/wp-content\/uploads\/2021\/03\/latin-side-by-side-rs27t5200s9ap-rs27t5200s9-ap-frontgray-211906218.jpg","width":684,"height":547},{"@type":"BreadcrumbList","@id":"https:\/\/www.clxonline.com\/es\/producto\/refrigerador-side-by-side-spacemax-282-cu-ft\/#breadcrumb","itemListElement":[{"@type":"ListItem","position":1,"name":"Home","item":"https:\/\/www.clxonline.com\/"},{"@type":"ListItem","position":2,"name":"Shop","item":"https:\/\/www.clxonline.com\/shop\/"},{"@type":"ListItem","position":3,"name":"Refrigerador Side By Side Spacemax, 28,2 CU.FT"}]},{"@type":"WebSite","@id":"https:\/\/www.clxonline.com\/es\/#website","url":"https:\/\/www.clxonline.com\/es\/","name":"CLX Online","description":"Offical Partner","potentialAction":[{"@type":"SearchAction","target":{"@type":"EntryPoint","urlTemplate":"https:\/\/www.clxonline.com\/es\/?s={search_term_string}"},"query-input":{"@type":"PropertyValueSpecification","valueRequired":true,"valueName":"search_term_string"}}],"inLanguage":"es"}]}},"_links":{"self":[{"href":"https:\/\/www.clxonline.com\/es\/wp-json\/wp\/v2\/product\/1049","targetHints":{"allow":["GET"]}}],"collection":[{"href":"https:\/\/www.clxonline.com\/es\/wp-json\/wp\/v2\/product"}],"about":[{"href":"https:\/\/www.clxonline.com\/es\/wp-json\/wp\/v2\/types\/product"}],"replies":[{"embeddable":true,"href":"https:\/\/www.clxonline.com\/es\/wp-json\/wp\/v2\/comments?post=1049"}],"wp:featuredmedia":[{"embeddable":true,"href":"https:\/\/www.clxonline.com\/es\/wp-json\/wp\/v2\/media\/1050"}],"wp:attachment":[{"href":"https:\/\/www.clxonline.com\/es\/wp-json\/wp\/v2\/media?parent=1049"}],"wp:term":[{"taxonomy":"product_brand","embeddable":true,"href":"https:\/\/www.clxonline.com\/es\/wp-json\/wp\/v2\/product_brand?post=1049"},{"taxonomy":"product_cat","embeddable":true,"href":"https:\/\/www.clxonline.com\/es\/wp-json\/wp\/v2\/product_cat?post=1049"},{"taxonomy":"product_tag","embeddable":true,"href":"https:\/\/www.clxonline.com\/es\/wp-json\/wp\/v2\/product_tag?post=1049"}],"curies":[{"name":"wp","href":"https:\/\/api.w.org\/{rel}","templated":true}]}}