{"id":1188,"date":"2021-03-25T14:43:55","date_gmt":"2021-03-25T18:43:55","guid":{"rendered":"https:\/\/www.clxonline.com\/?post_type=product&#038;p=1188"},"modified":"2022-05-06T19:07:07","modified_gmt":"2022-05-06T23:07:07","slug":"top-freezer-con-moist-fresh-zone-9-0-cu-ft","status":"publish","type":"product","link":"https:\/\/www.clxonline.com\/es\/producto\/top-freezer-con-moist-fresh-zone-9-0-cu-ft\/","title":{"rendered":"Top Freezer con Moist Fresh Zone, 9.0 CU.FT"},"content":{"rendered":"<div class=\"row_left\">\n<div class=\"keynote_small_wide\">\n<div class=\"description_pci\">A diferencia de los compresores convencionales, que solo tienen dos patrones de inicio y detenci\u00f3n, el Compresor Digital Inverter de Samsung tiene cinco ciclos distintos que se basan en los niveles de humedad y pautas de uso. Esto permite mantener una temperatura m\u00e1s constante, reduce el desgaste del compresor para que dure m\u00e1s y mantiene el ruido al m\u00ednimo. Tambi\u00e9n disfrutar\u00e1s de la tranquilidad que surge con las cuentas de electricidad m\u00e1s bajas y una garant\u00eda de 10 a\u00f1os.<\/div>\n<\/div>\n<\/div>\n<div class=\"row_right\">\n<div class=\"keynote_small_wide\"><\/div>\n<\/div>\n","protected":false},"excerpt":{"rendered":"<div class=\"pd-buying-tool__info\">\n<div class=\"pd-info\">\n<div class=\"pd-info__usp-list\">\n<ul class=\"dot-list\">\n<li class=\"dot-list__item\"><strong><span class=\"usp-text\">Disfruta de frescura duradera por a\u00f1os<\/span><\/strong><\/li>\n<\/ul>\n<\/div>\n<\/div>\n<\/div>\n","protected":false},"featured_media":1189,"comment_status":"open","ping_status":"closed","template":"","meta":{"_et_pb_use_builder":"","_et_pb_old_content":"","_et_gb_content_width":""},"product_brand":[],"product_cat":[79,82],"product_tag":[],"class_list":{"0":"post-1188","1":"product","2":"type-product","3":"status-publish","4":"has-post-thumbnail","6":"product_cat-linea-blanca","7":"product_cat-refrigeradoras","9":"first","10":"instock","11":"shipping-taxable","12":"product-type-simple"},"yoast_head":"<!-- This site is optimized with the Yoast SEO Premium plugin v21.9 (Yoast SEO v27.2) - https:\/\/yoast.com\/product\/yoast-seo-premium-wordpress\/ -->\n<title>Top Freezer con Moist Fresh Zone, 9.0 CU.FT - CLX Online<\/title>\n<meta name=\"robots\" content=\"index, follow, max-snippet:-1, max-image-preview:large, max-video-preview:-1\" \/>\n<link rel=\"canonical\" href=\"https:\/\/www.clxonline.com\/es\/producto\/top-freezer-con-moist-fresh-zone-9-0-cu-ft\/\" \/>\n<meta property=\"og:locale\" content=\"es_ES\" \/>\n<meta property=\"og:type\" content=\"article\" \/>\n<meta property=\"og:title\" content=\"Top Freezer con Moist Fresh Zone, 9.0 CU.FT\" \/>\n<meta property=\"og:description\" content=\"Disfruta de frescura duradera por a\u00f1os\" \/>\n<meta property=\"og:url\" content=\"https:\/\/www.clxonline.com\/es\/producto\/top-freezer-con-moist-fresh-zone-9-0-cu-ft\/\" \/>\n<meta property=\"og:site_name\" content=\"CLX Online\" \/>\n<meta property=\"article:modified_time\" content=\"2022-05-06T23:07:07+00:00\" \/>\n<meta property=\"og:image\" content=\"https:\/\/www.clxonline.com\/wp-content\/uploads\/2021\/03\/cl-top-mount-freezer-rt25faradsp-rt25faradsp-zs-504-front-silver.jpg\" \/>\n\t<meta property=\"og:image:width\" content=\"684\" \/>\n\t<meta property=\"og:image:height\" content=\"547\" \/>\n\t<meta property=\"og:image:type\" content=\"image\/jpeg\" \/>\n<meta name=\"twitter:card\" content=\"summary_large_image\" \/>\n<script type=\"application\/ld+json\" class=\"yoast-schema-graph\">{\"@context\":\"https:\/\/schema.org\",\"@graph\":[{\"@type\":\"WebPage\",\"@id\":\"https:\/\/www.clxonline.com\/es\/producto\/top-freezer-con-moist-fresh-zone-9-0-cu-ft\/\",\"url\":\"https:\/\/www.clxonline.com\/es\/producto\/top-freezer-con-moist-fresh-zone-9-0-cu-ft\/\",\"name\":\"Top Freezer con Moist Fresh Zone, 9.0 CU.FT - CLX Online\",\"isPartOf\":{\"@id\":\"https:\/\/www.clxonline.com\/es\/#website\"},\"primaryImageOfPage\":{\"@id\":\"https:\/\/www.clxonline.com\/es\/producto\/top-freezer-con-moist-fresh-zone-9-0-cu-ft\/#primaryimage\"},\"image\":{\"@id\":\"https:\/\/www.clxonline.com\/es\/producto\/top-freezer-con-moist-fresh-zone-9-0-cu-ft\/#primaryimage\"},\"thumbnailUrl\":\"https:\/\/www.clxonline.com\/wp-content\/uploads\/2021\/03\/cl-top-mount-freezer-rt25faradsp-rt25faradsp-zs-504-front-silver.jpg\",\"datePublished\":\"2021-03-25T18:43:55+00:00\",\"dateModified\":\"2022-05-06T23:07:07+00:00\",\"breadcrumb\":{\"@id\":\"https:\/\/www.clxonline.com\/es\/producto\/top-freezer-con-moist-fresh-zone-9-0-cu-ft\/#breadcrumb\"},\"inLanguage\":\"es\",\"potentialAction\":[{\"@type\":\"ReadAction\",\"target\":[\"https:\/\/www.clxonline.com\/es\/producto\/top-freezer-con-moist-fresh-zone-9-0-cu-ft\/\"]}]},{\"@type\":\"ImageObject\",\"inLanguage\":\"es\",\"@id\":\"https:\/\/www.clxonline.com\/es\/producto\/top-freezer-con-moist-fresh-zone-9-0-cu-ft\/#primaryimage\",\"url\":\"https:\/\/www.clxonline.com\/wp-content\/uploads\/2021\/03\/cl-top-mount-freezer-rt25faradsp-rt25faradsp-zs-504-front-silver.jpg\",\"contentUrl\":\"https:\/\/www.clxonline.com\/wp-content\/uploads\/2021\/03\/cl-top-mount-freezer-rt25faradsp-rt25faradsp-zs-504-front-silver.jpg\",\"width\":684,\"height\":547},{\"@type\":\"BreadcrumbList\",\"@id\":\"https:\/\/www.clxonline.com\/es\/producto\/top-freezer-con-moist-fresh-zone-9-0-cu-ft\/#breadcrumb\",\"itemListElement\":[{\"@type\":\"ListItem\",\"position\":1,\"name\":\"Home\",\"item\":\"https:\/\/www.clxonline.com\/\"},{\"@type\":\"ListItem\",\"position\":2,\"name\":\"Shop\",\"item\":\"https:\/\/www.clxonline.com\/shop\/\"},{\"@type\":\"ListItem\",\"position\":3,\"name\":\"Top Freezer con Moist Fresh Zone, 9.0 CU.FT\"}]},{\"@type\":\"WebSite\",\"@id\":\"https:\/\/www.clxonline.com\/es\/#website\",\"url\":\"https:\/\/www.clxonline.com\/es\/\",\"name\":\"CLX Online\",\"description\":\"Offical Partner\",\"potentialAction\":[{\"@type\":\"SearchAction\",\"target\":{\"@type\":\"EntryPoint\",\"urlTemplate\":\"https:\/\/www.clxonline.com\/es\/?s={search_term_string}\"},\"query-input\":{\"@type\":\"PropertyValueSpecification\",\"valueRequired\":true,\"valueName\":\"search_term_string\"}}],\"inLanguage\":\"es\"}]}<\/script>\n<!-- \/ Yoast SEO Premium plugin. -->","yoast_head_json":{"title":"Top Freezer con Moist Fresh Zone, 9.0 CU.FT - CLX Online","robots":{"index":"index","follow":"follow","max-snippet":"max-snippet:-1","max-image-preview":"max-image-preview:large","max-video-preview":"max-video-preview:-1"},"canonical":"https:\/\/www.clxonline.com\/es\/producto\/top-freezer-con-moist-fresh-zone-9-0-cu-ft\/","og_locale":"es_ES","og_type":"article","og_title":"Top Freezer con Moist Fresh Zone, 9.0 CU.FT","og_description":"Disfruta de frescura duradera por a\u00f1os","og_url":"https:\/\/www.clxonline.com\/es\/producto\/top-freezer-con-moist-fresh-zone-9-0-cu-ft\/","og_site_name":"CLX Online","article_modified_time":"2022-05-06T23:07:07+00:00","og_image":[{"width":684,"height":547,"url":"https:\/\/www.clxonline.com\/wp-content\/uploads\/2021\/03\/cl-top-mount-freezer-rt25faradsp-rt25faradsp-zs-504-front-silver.jpg","type":"image\/jpeg"}],"twitter_card":"summary_large_image","schema":{"@context":"https:\/\/schema.org","@graph":[{"@type":"WebPage","@id":"https:\/\/www.clxonline.com\/es\/producto\/top-freezer-con-moist-fresh-zone-9-0-cu-ft\/","url":"https:\/\/www.clxonline.com\/es\/producto\/top-freezer-con-moist-fresh-zone-9-0-cu-ft\/","name":"Top Freezer con Moist Fresh Zone, 9.0 CU.FT - CLX Online","isPartOf":{"@id":"https:\/\/www.clxonline.com\/es\/#website"},"primaryImageOfPage":{"@id":"https:\/\/www.clxonline.com\/es\/producto\/top-freezer-con-moist-fresh-zone-9-0-cu-ft\/#primaryimage"},"image":{"@id":"https:\/\/www.clxonline.com\/es\/producto\/top-freezer-con-moist-fresh-zone-9-0-cu-ft\/#primaryimage"},"thumbnailUrl":"https:\/\/www.clxonline.com\/wp-content\/uploads\/2021\/03\/cl-top-mount-freezer-rt25faradsp-rt25faradsp-zs-504-front-silver.jpg","datePublished":"2021-03-25T18:43:55+00:00","dateModified":"2022-05-06T23:07:07+00:00","breadcrumb":{"@id":"https:\/\/www.clxonline.com\/es\/producto\/top-freezer-con-moist-fresh-zone-9-0-cu-ft\/#breadcrumb"},"inLanguage":"es","potentialAction":[{"@type":"ReadAction","target":["https:\/\/www.clxonline.com\/es\/producto\/top-freezer-con-moist-fresh-zone-9-0-cu-ft\/"]}]},{"@type":"ImageObject","inLanguage":"es","@id":"https:\/\/www.clxonline.com\/es\/producto\/top-freezer-con-moist-fresh-zone-9-0-cu-ft\/#primaryimage","url":"https:\/\/www.clxonline.com\/wp-content\/uploads\/2021\/03\/cl-top-mount-freezer-rt25faradsp-rt25faradsp-zs-504-front-silver.jpg","contentUrl":"https:\/\/www.clxonline.com\/wp-content\/uploads\/2021\/03\/cl-top-mount-freezer-rt25faradsp-rt25faradsp-zs-504-front-silver.jpg","width":684,"height":547},{"@type":"BreadcrumbList","@id":"https:\/\/www.clxonline.com\/es\/producto\/top-freezer-con-moist-fresh-zone-9-0-cu-ft\/#breadcrumb","itemListElement":[{"@type":"ListItem","position":1,"name":"Home","item":"https:\/\/www.clxonline.com\/"},{"@type":"ListItem","position":2,"name":"Shop","item":"https:\/\/www.clxonline.com\/shop\/"},{"@type":"ListItem","position":3,"name":"Top Freezer con Moist Fresh Zone, 9.0 CU.FT"}]},{"@type":"WebSite","@id":"https:\/\/www.clxonline.com\/es\/#website","url":"https:\/\/www.clxonline.com\/es\/","name":"CLX Online","description":"Offical Partner","potentialAction":[{"@type":"SearchAction","target":{"@type":"EntryPoint","urlTemplate":"https:\/\/www.clxonline.com\/es\/?s={search_term_string}"},"query-input":{"@type":"PropertyValueSpecification","valueRequired":true,"valueName":"search_term_string"}}],"inLanguage":"es"}]}},"_links":{"self":[{"href":"https:\/\/www.clxonline.com\/es\/wp-json\/wp\/v2\/product\/1188","targetHints":{"allow":["GET"]}}],"collection":[{"href":"https:\/\/www.clxonline.com\/es\/wp-json\/wp\/v2\/product"}],"about":[{"href":"https:\/\/www.clxonline.com\/es\/wp-json\/wp\/v2\/types\/product"}],"replies":[{"embeddable":true,"href":"https:\/\/www.clxonline.com\/es\/wp-json\/wp\/v2\/comments?post=1188"}],"wp:featuredmedia":[{"embeddable":true,"href":"https:\/\/www.clxonline.com\/es\/wp-json\/wp\/v2\/media\/1189"}],"wp:attachment":[{"href":"https:\/\/www.clxonline.com\/es\/wp-json\/wp\/v2\/media?parent=1188"}],"wp:term":[{"taxonomy":"product_brand","embeddable":true,"href":"https:\/\/www.clxonline.com\/es\/wp-json\/wp\/v2\/product_brand?post=1188"},{"taxonomy":"product_cat","embeddable":true,"href":"https:\/\/www.clxonline.com\/es\/wp-json\/wp\/v2\/product_cat?post=1188"},{"taxonomy":"product_tag","embeddable":true,"href":"https:\/\/www.clxonline.com\/es\/wp-json\/wp\/v2\/product_tag?post=1188"}],"curies":[{"name":"wp","href":"https:\/\/api.w.org\/{rel}","templated":true}]}}