{"id":1340,"date":"2021-03-25T17:33:18","date_gmt":"2021-03-25T21:33:18","guid":{"rendered":"https:\/\/www.clxonline.com\/?post_type=product&#038;p=1340"},"modified":"2022-05-06T19:06:04","modified_gmt":"2022-05-06T23:06:04","slug":"q900-qled-82-smart-8k-uhd-tv","status":"publish","type":"product","link":"https:\/\/www.clxonline.com\/es\/producto\/q900-qled-82-smart-8k-uhd-tv\/","title":{"rendered":"Q900 QLED 82&#8243; Smart 8K UHD TV"},"content":{"rendered":"<div class=\"feature-benefit feature-beneift--padding-top-normal feature-beneift--padding-bottom-normal bg-black\">\n<div class=\"feature-benefit__text-wrap\">\n<div class=\"feature-benefit__text\">\n<div class=\"feature-benefit__desc-wrap\">\n<p class=\"feature-benefit__desc contrast-target\" data-font-size-mo=\"12\" data-font-size-pc=\"18\">El Samsung QLED 8K Q900R te lleva a una profundidad casi infinita de realismo, como presenciar cada escena mientras experimentas detalles tan precisos que sentir\u00e1s la necesidad de tocarlos. Es una dimensi\u00f3n completamente nueva de calidad de imagen con una resoluci\u00f3n incre\u00edblemente alta.<\/p>\n<\/div>\n<\/div>\n<\/div>\n<\/div>\n<div class=\"feature-benefit feature-beneift--padding-top-normal feature-beneift--padding-bottom-normal bg-black s-img-align-right s-text-align-mo-center\">\n<div class=\"feature-benefit__text-wrap\">\n<div class=\"feature-benefit__text\"><\/div>\n<\/div>\n<\/div>\n","protected":false},"excerpt":{"rendered":"<ul class=\"dot-list\">\n<li class=\"dot-list__item\"><strong><span class=\"usp-text\">Resoluci\u00f3n asombrosa de 33 millones de p\u00edxeles<\/span><\/strong><\/li>\n<li class=\"dot-list__item\"><strong><span class=\"usp-text\">HDR inimaginable con belleza de 8K<\/span><\/strong><\/li>\n<li class=\"dot-list__item\"><strong><span class=\"usp-text\">Todo gracias a un procesador incre\u00edble<\/span><\/strong><\/li>\n<\/ul>\n","protected":false},"featured_media":2044,"comment_status":"open","ping_status":"closed","template":"","meta":{"_et_pb_use_builder":"","_et_pb_old_content":"","_et_gb_content_width":""},"product_brand":[],"product_cat":[77,76],"product_tag":[],"class_list":{"0":"post-1340","1":"product","2":"type-product","3":"status-publish","4":"has-post-thumbnail","6":"product_cat-televisores","7":"product_cat-tv-av","9":"first","10":"instock","11":"shipping-taxable","12":"product-type-simple"},"yoast_head":"<!-- This site is optimized with the Yoast SEO Premium plugin v21.9 (Yoast SEO v27.5) - https:\/\/yoast.com\/product\/yoast-seo-premium-wordpress\/ -->\n<title>Q900 QLED 82&quot; Smart 8K UHD TV - CLX Online<\/title>\n<meta name=\"robots\" content=\"index, follow, max-snippet:-1, max-image-preview:large, max-video-preview:-1\" \/>\n<link rel=\"canonical\" href=\"https:\/\/www.clxonline.com\/es\/producto\/q900-qled-82-smart-8k-uhd-tv\/\" \/>\n<meta property=\"og:locale\" content=\"es_ES\" \/>\n<meta property=\"og:type\" content=\"article\" \/>\n<meta property=\"og:title\" content=\"Q900 QLED 82&quot; Smart 8K UHD TV\" \/>\n<meta property=\"og:description\" content=\"Resoluci\u00f3n asombrosa de 33 millones de p\u00edxeles  HDR inimaginable con belleza de 8K  Todo gracias a un procesador incre\u00edble\" \/>\n<meta property=\"og:url\" content=\"https:\/\/www.clxonline.com\/es\/producto\/q900-qled-82-smart-8k-uhd-tv\/\" \/>\n<meta property=\"og:site_name\" content=\"CLX Online\" \/>\n<meta property=\"article:modified_time\" content=\"2022-05-06T23:06:04+00:00\" \/>\n<meta property=\"og:image\" content=\"https:\/\/www.clxonline.com\/wp-content\/uploads\/2021\/03\/Q900-QLED-82-Smart-8k.jpg\" \/>\n\t<meta property=\"og:image:width\" content=\"1000\" \/>\n\t<meta property=\"og:image:height\" content=\"1000\" \/>\n\t<meta property=\"og:image:type\" content=\"image\/jpeg\" \/>\n<meta name=\"twitter:card\" content=\"summary_large_image\" \/>\n<script type=\"application\/ld+json\" class=\"yoast-schema-graph\">{\"@context\":\"https:\\\/\\\/schema.org\",\"@graph\":[{\"@type\":\"WebPage\",\"@id\":\"https:\\\/\\\/www.clxonline.com\\\/es\\\/producto\\\/q900-qled-82-smart-8k-uhd-tv\\\/\",\"url\":\"https:\\\/\\\/www.clxonline.com\\\/es\\\/producto\\\/q900-qled-82-smart-8k-uhd-tv\\\/\",\"name\":\"Q900 QLED 82\\\" Smart 8K UHD TV - CLX Online\",\"isPartOf\":{\"@id\":\"https:\\\/\\\/www.clxonline.com\\\/es\\\/#website\"},\"primaryImageOfPage\":{\"@id\":\"https:\\\/\\\/www.clxonline.com\\\/es\\\/producto\\\/q900-qled-82-smart-8k-uhd-tv\\\/#primaryimage\"},\"image\":{\"@id\":\"https:\\\/\\\/www.clxonline.com\\\/es\\\/producto\\\/q900-qled-82-smart-8k-uhd-tv\\\/#primaryimage\"},\"thumbnailUrl\":\"https:\\\/\\\/www.clxonline.com\\\/wp-content\\\/uploads\\\/2021\\\/03\\\/Q900-QLED-82-Smart-8k.jpg\",\"datePublished\":\"2021-03-25T21:33:18+00:00\",\"dateModified\":\"2022-05-06T23:06:04+00:00\",\"breadcrumb\":{\"@id\":\"https:\\\/\\\/www.clxonline.com\\\/es\\\/producto\\\/q900-qled-82-smart-8k-uhd-tv\\\/#breadcrumb\"},\"inLanguage\":\"es\",\"potentialAction\":[{\"@type\":\"ReadAction\",\"target\":[\"https:\\\/\\\/www.clxonline.com\\\/es\\\/producto\\\/q900-qled-82-smart-8k-uhd-tv\\\/\"]}]},{\"@type\":\"ImageObject\",\"inLanguage\":\"es\",\"@id\":\"https:\\\/\\\/www.clxonline.com\\\/es\\\/producto\\\/q900-qled-82-smart-8k-uhd-tv\\\/#primaryimage\",\"url\":\"https:\\\/\\\/www.clxonline.com\\\/wp-content\\\/uploads\\\/2021\\\/03\\\/Q900-QLED-82-Smart-8k.jpg\",\"contentUrl\":\"https:\\\/\\\/www.clxonline.com\\\/wp-content\\\/uploads\\\/2021\\\/03\\\/Q900-QLED-82-Smart-8k.jpg\",\"width\":1000,\"height\":1000},{\"@type\":\"BreadcrumbList\",\"@id\":\"https:\\\/\\\/www.clxonline.com\\\/es\\\/producto\\\/q900-qled-82-smart-8k-uhd-tv\\\/#breadcrumb\",\"itemListElement\":[{\"@type\":\"ListItem\",\"position\":1,\"name\":\"Home\",\"item\":\"https:\\\/\\\/www.clxonline.com\\\/\"},{\"@type\":\"ListItem\",\"position\":2,\"name\":\"Shop\",\"item\":\"https:\\\/\\\/www.clxonline.com\\\/shop\\\/\"},{\"@type\":\"ListItem\",\"position\":3,\"name\":\"Q900 QLED 82&#8243; Smart 8K UHD TV\"}]},{\"@type\":\"WebSite\",\"@id\":\"https:\\\/\\\/www.clxonline.com\\\/es\\\/#website\",\"url\":\"https:\\\/\\\/www.clxonline.com\\\/es\\\/\",\"name\":\"CLX Online\",\"description\":\"Offical Partner\",\"potentialAction\":[{\"@type\":\"SearchAction\",\"target\":{\"@type\":\"EntryPoint\",\"urlTemplate\":\"https:\\\/\\\/www.clxonline.com\\\/es\\\/?s={search_term_string}\"},\"query-input\":{\"@type\":\"PropertyValueSpecification\",\"valueRequired\":true,\"valueName\":\"search_term_string\"}}],\"inLanguage\":\"es\"}]}<\/script>\n<!-- \/ Yoast SEO Premium plugin. -->","yoast_head_json":{"title":"Q900 QLED 82\" Smart 8K UHD TV - CLX Online","robots":{"index":"index","follow":"follow","max-snippet":"max-snippet:-1","max-image-preview":"max-image-preview:large","max-video-preview":"max-video-preview:-1"},"canonical":"https:\/\/www.clxonline.com\/es\/producto\/q900-qled-82-smart-8k-uhd-tv\/","og_locale":"es_ES","og_type":"article","og_title":"Q900 QLED 82\" Smart 8K UHD TV","og_description":"Resoluci\u00f3n asombrosa de 33 millones de p\u00edxeles  HDR inimaginable con belleza de 8K  Todo gracias a un procesador incre\u00edble","og_url":"https:\/\/www.clxonline.com\/es\/producto\/q900-qled-82-smart-8k-uhd-tv\/","og_site_name":"CLX Online","article_modified_time":"2022-05-06T23:06:04+00:00","og_image":[{"width":1000,"height":1000,"url":"https:\/\/www.clxonline.com\/wp-content\/uploads\/2021\/03\/Q900-QLED-82-Smart-8k.jpg","type":"image\/jpeg"}],"twitter_card":"summary_large_image","schema":{"@context":"https:\/\/schema.org","@graph":[{"@type":"WebPage","@id":"https:\/\/www.clxonline.com\/es\/producto\/q900-qled-82-smart-8k-uhd-tv\/","url":"https:\/\/www.clxonline.com\/es\/producto\/q900-qled-82-smart-8k-uhd-tv\/","name":"Q900 QLED 82\" Smart 8K UHD TV - CLX Online","isPartOf":{"@id":"https:\/\/www.clxonline.com\/es\/#website"},"primaryImageOfPage":{"@id":"https:\/\/www.clxonline.com\/es\/producto\/q900-qled-82-smart-8k-uhd-tv\/#primaryimage"},"image":{"@id":"https:\/\/www.clxonline.com\/es\/producto\/q900-qled-82-smart-8k-uhd-tv\/#primaryimage"},"thumbnailUrl":"https:\/\/www.clxonline.com\/wp-content\/uploads\/2021\/03\/Q900-QLED-82-Smart-8k.jpg","datePublished":"2021-03-25T21:33:18+00:00","dateModified":"2022-05-06T23:06:04+00:00","breadcrumb":{"@id":"https:\/\/www.clxonline.com\/es\/producto\/q900-qled-82-smart-8k-uhd-tv\/#breadcrumb"},"inLanguage":"es","potentialAction":[{"@type":"ReadAction","target":["https:\/\/www.clxonline.com\/es\/producto\/q900-qled-82-smart-8k-uhd-tv\/"]}]},{"@type":"ImageObject","inLanguage":"es","@id":"https:\/\/www.clxonline.com\/es\/producto\/q900-qled-82-smart-8k-uhd-tv\/#primaryimage","url":"https:\/\/www.clxonline.com\/wp-content\/uploads\/2021\/03\/Q900-QLED-82-Smart-8k.jpg","contentUrl":"https:\/\/www.clxonline.com\/wp-content\/uploads\/2021\/03\/Q900-QLED-82-Smart-8k.jpg","width":1000,"height":1000},{"@type":"BreadcrumbList","@id":"https:\/\/www.clxonline.com\/es\/producto\/q900-qled-82-smart-8k-uhd-tv\/#breadcrumb","itemListElement":[{"@type":"ListItem","position":1,"name":"Home","item":"https:\/\/www.clxonline.com\/"},{"@type":"ListItem","position":2,"name":"Shop","item":"https:\/\/www.clxonline.com\/shop\/"},{"@type":"ListItem","position":3,"name":"Q900 QLED 82&#8243; Smart 8K UHD TV"}]},{"@type":"WebSite","@id":"https:\/\/www.clxonline.com\/es\/#website","url":"https:\/\/www.clxonline.com\/es\/","name":"CLX Online","description":"Offical Partner","potentialAction":[{"@type":"SearchAction","target":{"@type":"EntryPoint","urlTemplate":"https:\/\/www.clxonline.com\/es\/?s={search_term_string}"},"query-input":{"@type":"PropertyValueSpecification","valueRequired":true,"valueName":"search_term_string"}}],"inLanguage":"es"}]}},"_links":{"self":[{"href":"https:\/\/www.clxonline.com\/es\/wp-json\/wp\/v2\/product\/1340","targetHints":{"allow":["GET"]}}],"collection":[{"href":"https:\/\/www.clxonline.com\/es\/wp-json\/wp\/v2\/product"}],"about":[{"href":"https:\/\/www.clxonline.com\/es\/wp-json\/wp\/v2\/types\/product"}],"replies":[{"embeddable":true,"href":"https:\/\/www.clxonline.com\/es\/wp-json\/wp\/v2\/comments?post=1340"}],"wp:featuredmedia":[{"embeddable":true,"href":"https:\/\/www.clxonline.com\/es\/wp-json\/wp\/v2\/media\/2044"}],"wp:attachment":[{"href":"https:\/\/www.clxonline.com\/es\/wp-json\/wp\/v2\/media?parent=1340"}],"wp:term":[{"taxonomy":"product_brand","embeddable":true,"href":"https:\/\/www.clxonline.com\/es\/wp-json\/wp\/v2\/product_brand?post=1340"},{"taxonomy":"product_cat","embeddable":true,"href":"https:\/\/www.clxonline.com\/es\/wp-json\/wp\/v2\/product_cat?post=1340"},{"taxonomy":"product_tag","embeddable":true,"href":"https:\/\/www.clxonline.com\/es\/wp-json\/wp\/v2\/product_tag?post=1340"}],"curies":[{"name":"wp","href":"https:\/\/api.w.org\/{rel}","templated":true}]}}