{"id":1433,"date":"2021-03-25T18:08:44","date_gmt":"2021-03-25T22:08:44","guid":{"rendered":"https:\/\/www.clxonline.com\/?post_type=product&#038;p=1433"},"modified":"2022-05-06T19:00:48","modified_gmt":"2022-05-06T23:00:48","slug":"curvo-smart-tv-4k-55-nu7300","status":"publish","type":"product","link":"https:\/\/www.clxonline.com\/es\/producto\/curvo-smart-tv-4k-55-nu7300\/","title":{"rendered":"Curvo Smart TV 4K 55\u201d NU7300"},"content":{"rendered":"<p class=\"feature-benefit-half-text__description\">Samsung es la marca de TV n.\u00b0 1 del mundo y lidera la industria con la mayor participaci\u00f3n en el mercado durante 12 a\u00f1os consecutivos. Con Samsung TV, puedes disfrutar de tecnolog\u00eda avanzada, dise\u00f1os impresionantes, servicios innovadores y las asociaciones de contenido que buscan los clientes.<\/p>\n","protected":false},"excerpt":{"rendered":"<ul class=\"dot-list\">\n<li class=\"dot-list__item\"><strong><span class=\"usp-text\">Atenuaci\u00f3n UHD<\/span><\/strong><\/li>\n<li class=\"dot-list__item\"><strong><span class=\"usp-text\">PurColour<\/span><\/strong><\/li>\n<li class=\"dot-list__item\"><strong><span class=\"usp-text\">Dise\u00f1o delgado<\/span><\/strong><\/li>\n<\/ul>\n","protected":false},"featured_media":2030,"comment_status":"open","ping_status":"closed","template":"","meta":{"_et_pb_use_builder":"","_et_pb_old_content":"","_et_gb_content_width":""},"product_brand":[],"product_cat":[77,76],"product_tag":[],"class_list":{"0":"post-1433","1":"product","2":"type-product","3":"status-publish","4":"has-post-thumbnail","6":"product_cat-televisores","7":"product_cat-tv-av","9":"first","10":"instock","11":"shipping-taxable","12":"product-type-simple"},"yoast_head":"<!-- This site is optimized with the Yoast SEO Premium plugin v21.9 (Yoast SEO v27.5) - https:\/\/yoast.com\/product\/yoast-seo-premium-wordpress\/ -->\n<title>Curvo Smart TV 4K 55\u201d NU7300 - CLX Online<\/title>\n<meta name=\"robots\" content=\"index, follow, max-snippet:-1, max-image-preview:large, max-video-preview:-1\" \/>\n<link rel=\"canonical\" href=\"https:\/\/www.clxonline.com\/es\/producto\/curvo-smart-tv-4k-55-nu7300\/\" \/>\n<meta property=\"og:locale\" content=\"es_ES\" \/>\n<meta property=\"og:type\" content=\"article\" \/>\n<meta property=\"og:title\" content=\"Curvo Smart TV 4K 55\u201d NU7300\" \/>\n<meta property=\"og:description\" content=\"Atenuaci\u00f3n UHD  PurColour  Dise\u00f1o delgado\" \/>\n<meta property=\"og:url\" content=\"https:\/\/www.clxonline.com\/es\/producto\/curvo-smart-tv-4k-55-nu7300\/\" \/>\n<meta property=\"og:site_name\" content=\"CLX Online\" \/>\n<meta property=\"article:modified_time\" content=\"2022-05-06T23:00:48+00:00\" \/>\n<meta property=\"og:image\" content=\"https:\/\/www.clxonline.com\/wp-content\/uploads\/2021\/03\/curvo-smart-tv-4k-55.jpg\" \/>\n\t<meta property=\"og:image:width\" content=\"1000\" \/>\n\t<meta property=\"og:image:height\" content=\"1000\" \/>\n\t<meta property=\"og:image:type\" content=\"image\/jpeg\" \/>\n<meta name=\"twitter:card\" content=\"summary_large_image\" \/>\n<script type=\"application\/ld+json\" class=\"yoast-schema-graph\">{\"@context\":\"https:\\\/\\\/schema.org\",\"@graph\":[{\"@type\":\"WebPage\",\"@id\":\"https:\\\/\\\/www.clxonline.com\\\/es\\\/producto\\\/curvo-smart-tv-4k-55-nu7300\\\/\",\"url\":\"https:\\\/\\\/www.clxonline.com\\\/es\\\/producto\\\/curvo-smart-tv-4k-55-nu7300\\\/\",\"name\":\"Curvo Smart TV 4K 55\u201d NU7300 - CLX Online\",\"isPartOf\":{\"@id\":\"https:\\\/\\\/www.clxonline.com\\\/es\\\/#website\"},\"primaryImageOfPage\":{\"@id\":\"https:\\\/\\\/www.clxonline.com\\\/es\\\/producto\\\/curvo-smart-tv-4k-55-nu7300\\\/#primaryimage\"},\"image\":{\"@id\":\"https:\\\/\\\/www.clxonline.com\\\/es\\\/producto\\\/curvo-smart-tv-4k-55-nu7300\\\/#primaryimage\"},\"thumbnailUrl\":\"https:\\\/\\\/www.clxonline.com\\\/wp-content\\\/uploads\\\/2021\\\/03\\\/curvo-smart-tv-4k-55.jpg\",\"datePublished\":\"2021-03-25T22:08:44+00:00\",\"dateModified\":\"2022-05-06T23:00:48+00:00\",\"breadcrumb\":{\"@id\":\"https:\\\/\\\/www.clxonline.com\\\/es\\\/producto\\\/curvo-smart-tv-4k-55-nu7300\\\/#breadcrumb\"},\"inLanguage\":\"es\",\"potentialAction\":[{\"@type\":\"ReadAction\",\"target\":[\"https:\\\/\\\/www.clxonline.com\\\/es\\\/producto\\\/curvo-smart-tv-4k-55-nu7300\\\/\"]}]},{\"@type\":\"ImageObject\",\"inLanguage\":\"es\",\"@id\":\"https:\\\/\\\/www.clxonline.com\\\/es\\\/producto\\\/curvo-smart-tv-4k-55-nu7300\\\/#primaryimage\",\"url\":\"https:\\\/\\\/www.clxonline.com\\\/wp-content\\\/uploads\\\/2021\\\/03\\\/curvo-smart-tv-4k-55.jpg\",\"contentUrl\":\"https:\\\/\\\/www.clxonline.com\\\/wp-content\\\/uploads\\\/2021\\\/03\\\/curvo-smart-tv-4k-55.jpg\",\"width\":1000,\"height\":1000},{\"@type\":\"BreadcrumbList\",\"@id\":\"https:\\\/\\\/www.clxonline.com\\\/es\\\/producto\\\/curvo-smart-tv-4k-55-nu7300\\\/#breadcrumb\",\"itemListElement\":[{\"@type\":\"ListItem\",\"position\":1,\"name\":\"Home\",\"item\":\"https:\\\/\\\/www.clxonline.com\\\/\"},{\"@type\":\"ListItem\",\"position\":2,\"name\":\"Shop\",\"item\":\"https:\\\/\\\/www.clxonline.com\\\/shop\\\/\"},{\"@type\":\"ListItem\",\"position\":3,\"name\":\"Curvo Smart TV 4K 55\u201d NU7300\"}]},{\"@type\":\"WebSite\",\"@id\":\"https:\\\/\\\/www.clxonline.com\\\/es\\\/#website\",\"url\":\"https:\\\/\\\/www.clxonline.com\\\/es\\\/\",\"name\":\"CLX Online\",\"description\":\"Offical Partner\",\"potentialAction\":[{\"@type\":\"SearchAction\",\"target\":{\"@type\":\"EntryPoint\",\"urlTemplate\":\"https:\\\/\\\/www.clxonline.com\\\/es\\\/?s={search_term_string}\"},\"query-input\":{\"@type\":\"PropertyValueSpecification\",\"valueRequired\":true,\"valueName\":\"search_term_string\"}}],\"inLanguage\":\"es\"}]}<\/script>\n<!-- \/ Yoast SEO Premium plugin. -->","yoast_head_json":{"title":"Curvo Smart TV 4K 55\u201d NU7300 - CLX Online","robots":{"index":"index","follow":"follow","max-snippet":"max-snippet:-1","max-image-preview":"max-image-preview:large","max-video-preview":"max-video-preview:-1"},"canonical":"https:\/\/www.clxonline.com\/es\/producto\/curvo-smart-tv-4k-55-nu7300\/","og_locale":"es_ES","og_type":"article","og_title":"Curvo Smart TV 4K 55\u201d NU7300","og_description":"Atenuaci\u00f3n UHD  PurColour  Dise\u00f1o delgado","og_url":"https:\/\/www.clxonline.com\/es\/producto\/curvo-smart-tv-4k-55-nu7300\/","og_site_name":"CLX Online","article_modified_time":"2022-05-06T23:00:48+00:00","og_image":[{"width":1000,"height":1000,"url":"https:\/\/www.clxonline.com\/wp-content\/uploads\/2021\/03\/curvo-smart-tv-4k-55.jpg","type":"image\/jpeg"}],"twitter_card":"summary_large_image","schema":{"@context":"https:\/\/schema.org","@graph":[{"@type":"WebPage","@id":"https:\/\/www.clxonline.com\/es\/producto\/curvo-smart-tv-4k-55-nu7300\/","url":"https:\/\/www.clxonline.com\/es\/producto\/curvo-smart-tv-4k-55-nu7300\/","name":"Curvo Smart TV 4K 55\u201d NU7300 - CLX Online","isPartOf":{"@id":"https:\/\/www.clxonline.com\/es\/#website"},"primaryImageOfPage":{"@id":"https:\/\/www.clxonline.com\/es\/producto\/curvo-smart-tv-4k-55-nu7300\/#primaryimage"},"image":{"@id":"https:\/\/www.clxonline.com\/es\/producto\/curvo-smart-tv-4k-55-nu7300\/#primaryimage"},"thumbnailUrl":"https:\/\/www.clxonline.com\/wp-content\/uploads\/2021\/03\/curvo-smart-tv-4k-55.jpg","datePublished":"2021-03-25T22:08:44+00:00","dateModified":"2022-05-06T23:00:48+00:00","breadcrumb":{"@id":"https:\/\/www.clxonline.com\/es\/producto\/curvo-smart-tv-4k-55-nu7300\/#breadcrumb"},"inLanguage":"es","potentialAction":[{"@type":"ReadAction","target":["https:\/\/www.clxonline.com\/es\/producto\/curvo-smart-tv-4k-55-nu7300\/"]}]},{"@type":"ImageObject","inLanguage":"es","@id":"https:\/\/www.clxonline.com\/es\/producto\/curvo-smart-tv-4k-55-nu7300\/#primaryimage","url":"https:\/\/www.clxonline.com\/wp-content\/uploads\/2021\/03\/curvo-smart-tv-4k-55.jpg","contentUrl":"https:\/\/www.clxonline.com\/wp-content\/uploads\/2021\/03\/curvo-smart-tv-4k-55.jpg","width":1000,"height":1000},{"@type":"BreadcrumbList","@id":"https:\/\/www.clxonline.com\/es\/producto\/curvo-smart-tv-4k-55-nu7300\/#breadcrumb","itemListElement":[{"@type":"ListItem","position":1,"name":"Home","item":"https:\/\/www.clxonline.com\/"},{"@type":"ListItem","position":2,"name":"Shop","item":"https:\/\/www.clxonline.com\/shop\/"},{"@type":"ListItem","position":3,"name":"Curvo Smart TV 4K 55\u201d NU7300"}]},{"@type":"WebSite","@id":"https:\/\/www.clxonline.com\/es\/#website","url":"https:\/\/www.clxonline.com\/es\/","name":"CLX Online","description":"Offical Partner","potentialAction":[{"@type":"SearchAction","target":{"@type":"EntryPoint","urlTemplate":"https:\/\/www.clxonline.com\/es\/?s={search_term_string}"},"query-input":{"@type":"PropertyValueSpecification","valueRequired":true,"valueName":"search_term_string"}}],"inLanguage":"es"}]}},"_links":{"self":[{"href":"https:\/\/www.clxonline.com\/es\/wp-json\/wp\/v2\/product\/1433","targetHints":{"allow":["GET"]}}],"collection":[{"href":"https:\/\/www.clxonline.com\/es\/wp-json\/wp\/v2\/product"}],"about":[{"href":"https:\/\/www.clxonline.com\/es\/wp-json\/wp\/v2\/types\/product"}],"replies":[{"embeddable":true,"href":"https:\/\/www.clxonline.com\/es\/wp-json\/wp\/v2\/comments?post=1433"}],"wp:featuredmedia":[{"embeddable":true,"href":"https:\/\/www.clxonline.com\/es\/wp-json\/wp\/v2\/media\/2030"}],"wp:attachment":[{"href":"https:\/\/www.clxonline.com\/es\/wp-json\/wp\/v2\/media?parent=1433"}],"wp:term":[{"taxonomy":"product_brand","embeddable":true,"href":"https:\/\/www.clxonline.com\/es\/wp-json\/wp\/v2\/product_brand?post=1433"},{"taxonomy":"product_cat","embeddable":true,"href":"https:\/\/www.clxonline.com\/es\/wp-json\/wp\/v2\/product_cat?post=1433"},{"taxonomy":"product_tag","embeddable":true,"href":"https:\/\/www.clxonline.com\/es\/wp-json\/wp\/v2\/product_tag?post=1433"}],"curies":[{"name":"wp","href":"https:\/\/api.w.org\/{rel}","templated":true}]}}