{"id":1452,"date":"2021-03-25T18:12:42","date_gmt":"2021-03-25T22:12:42","guid":{"rendered":"https:\/\/www.clxonline.com\/?post_type=product&#038;p=1452"},"modified":"2022-05-06T19:00:42","modified_gmt":"2022-05-06T23:00:42","slug":"crystal-uhd-4k-smart-tv-58-tu7000","status":"publish","type":"product","link":"https:\/\/www.clxonline.com\/es\/producto\/crystal-uhd-4k-smart-tv-58-tu7000\/","title":{"rendered":"Crystal UHD 4K Smart TV 58&#8243; TU7000"},"content":{"rendered":"<div class=\"feature-benefit__text-wrap\">\n<div class=\"feature-benefit__text\">\n<div class=\"feature-benefit__desc-wrap\">\n<p class=\"feature-benefit__desc contrast-target\" data-font-size-mo=\"12\" data-font-size-pc=\"18\">Sum\u00e9rgete en las im\u00e1genes con una gama de colores m\u00e1s amplia. La pantalla Crystal Display garantiza una expresi\u00f3n de colores optimizada para que puedas ver cada detalle.<\/p>\n<\/div>\n<\/div>\n<\/div>\n","protected":false},"excerpt":{"rendered":"<ul class=\"dot-list\">\n<li class=\"dot-list__item\"><strong><span class=\"usp-text\">Colores y detalles dise\u00f1ados para ti<\/span><\/strong><\/li>\n<li class=\"dot-list__item\"><strong><span class=\"usp-text\">Expresi\u00f3n de colores vivos y n\u00edtidos<\/span><\/strong><\/li>\n<li class=\"dot-list__item\"><strong><span class=\"usp-text\">Potente calidad de imagen<\/span><\/strong><\/li>\n<\/ul>\n","protected":false},"featured_media":2028,"comment_status":"open","ping_status":"closed","template":"","meta":{"_et_pb_use_builder":"","_et_pb_old_content":"","_et_gb_content_width":""},"product_brand":[],"product_cat":[77,76],"product_tag":[],"class_list":{"0":"post-1452","1":"product","2":"type-product","3":"status-publish","4":"has-post-thumbnail","6":"product_cat-televisores","7":"product_cat-tv-av","9":"first","10":"instock","11":"shipping-taxable","12":"product-type-simple"},"yoast_head":"<!-- This site is optimized with the Yoast SEO Premium plugin v21.9 (Yoast SEO v27.5) - https:\/\/yoast.com\/product\/yoast-seo-premium-wordpress\/ -->\n<title>Crystal UHD 4K Smart TV 58&quot; TU7000 - CLX Online<\/title>\n<meta name=\"robots\" content=\"index, follow, max-snippet:-1, max-image-preview:large, max-video-preview:-1\" \/>\n<link rel=\"canonical\" href=\"https:\/\/www.clxonline.com\/es\/producto\/crystal-uhd-4k-smart-tv-58-tu7000\/\" \/>\n<meta property=\"og:locale\" content=\"es_ES\" \/>\n<meta property=\"og:type\" content=\"article\" \/>\n<meta property=\"og:title\" content=\"Crystal UHD 4K Smart TV 58&quot; TU7000\" \/>\n<meta property=\"og:description\" content=\"Colores y detalles dise\u00f1ados para ti  Expresi\u00f3n de colores vivos y n\u00edtidos  Potente calidad de imagen\" \/>\n<meta property=\"og:url\" content=\"https:\/\/www.clxonline.com\/es\/producto\/crystal-uhd-4k-smart-tv-58-tu7000\/\" \/>\n<meta property=\"og:site_name\" content=\"CLX Online\" \/>\n<meta property=\"article:modified_time\" content=\"2022-05-06T23:00:42+00:00\" \/>\n<meta property=\"og:image\" content=\"https:\/\/www.clxonline.com\/wp-content\/uploads\/2021\/03\/crystal-thd-4k-smart-tv-58.jpg\" \/>\n\t<meta property=\"og:image:width\" content=\"1000\" \/>\n\t<meta property=\"og:image:height\" content=\"1000\" \/>\n\t<meta property=\"og:image:type\" content=\"image\/jpeg\" \/>\n<meta name=\"twitter:card\" content=\"summary_large_image\" \/>\n<script type=\"application\/ld+json\" class=\"yoast-schema-graph\">{\"@context\":\"https:\\\/\\\/schema.org\",\"@graph\":[{\"@type\":\"WebPage\",\"@id\":\"https:\\\/\\\/www.clxonline.com\\\/es\\\/producto\\\/crystal-uhd-4k-smart-tv-58-tu7000\\\/\",\"url\":\"https:\\\/\\\/www.clxonline.com\\\/es\\\/producto\\\/crystal-uhd-4k-smart-tv-58-tu7000\\\/\",\"name\":\"Crystal UHD 4K Smart TV 58\\\" TU7000 - CLX Online\",\"isPartOf\":{\"@id\":\"https:\\\/\\\/www.clxonline.com\\\/es\\\/#website\"},\"primaryImageOfPage\":{\"@id\":\"https:\\\/\\\/www.clxonline.com\\\/es\\\/producto\\\/crystal-uhd-4k-smart-tv-58-tu7000\\\/#primaryimage\"},\"image\":{\"@id\":\"https:\\\/\\\/www.clxonline.com\\\/es\\\/producto\\\/crystal-uhd-4k-smart-tv-58-tu7000\\\/#primaryimage\"},\"thumbnailUrl\":\"https:\\\/\\\/www.clxonline.com\\\/wp-content\\\/uploads\\\/2021\\\/03\\\/crystal-thd-4k-smart-tv-58.jpg\",\"datePublished\":\"2021-03-25T22:12:42+00:00\",\"dateModified\":\"2022-05-06T23:00:42+00:00\",\"breadcrumb\":{\"@id\":\"https:\\\/\\\/www.clxonline.com\\\/es\\\/producto\\\/crystal-uhd-4k-smart-tv-58-tu7000\\\/#breadcrumb\"},\"inLanguage\":\"es\",\"potentialAction\":[{\"@type\":\"ReadAction\",\"target\":[\"https:\\\/\\\/www.clxonline.com\\\/es\\\/producto\\\/crystal-uhd-4k-smart-tv-58-tu7000\\\/\"]}]},{\"@type\":\"ImageObject\",\"inLanguage\":\"es\",\"@id\":\"https:\\\/\\\/www.clxonline.com\\\/es\\\/producto\\\/crystal-uhd-4k-smart-tv-58-tu7000\\\/#primaryimage\",\"url\":\"https:\\\/\\\/www.clxonline.com\\\/wp-content\\\/uploads\\\/2021\\\/03\\\/crystal-thd-4k-smart-tv-58.jpg\",\"contentUrl\":\"https:\\\/\\\/www.clxonline.com\\\/wp-content\\\/uploads\\\/2021\\\/03\\\/crystal-thd-4k-smart-tv-58.jpg\",\"width\":1000,\"height\":1000},{\"@type\":\"BreadcrumbList\",\"@id\":\"https:\\\/\\\/www.clxonline.com\\\/es\\\/producto\\\/crystal-uhd-4k-smart-tv-58-tu7000\\\/#breadcrumb\",\"itemListElement\":[{\"@type\":\"ListItem\",\"position\":1,\"name\":\"Home\",\"item\":\"https:\\\/\\\/www.clxonline.com\\\/\"},{\"@type\":\"ListItem\",\"position\":2,\"name\":\"Shop\",\"item\":\"https:\\\/\\\/www.clxonline.com\\\/shop\\\/\"},{\"@type\":\"ListItem\",\"position\":3,\"name\":\"Crystal UHD 4K Smart TV 58&#8243; TU7000\"}]},{\"@type\":\"WebSite\",\"@id\":\"https:\\\/\\\/www.clxonline.com\\\/es\\\/#website\",\"url\":\"https:\\\/\\\/www.clxonline.com\\\/es\\\/\",\"name\":\"CLX Online\",\"description\":\"Offical Partner\",\"potentialAction\":[{\"@type\":\"SearchAction\",\"target\":{\"@type\":\"EntryPoint\",\"urlTemplate\":\"https:\\\/\\\/www.clxonline.com\\\/es\\\/?s={search_term_string}\"},\"query-input\":{\"@type\":\"PropertyValueSpecification\",\"valueRequired\":true,\"valueName\":\"search_term_string\"}}],\"inLanguage\":\"es\"}]}<\/script>\n<!-- \/ Yoast SEO Premium plugin. -->","yoast_head_json":{"title":"Crystal UHD 4K Smart TV 58\" TU7000 - CLX Online","robots":{"index":"index","follow":"follow","max-snippet":"max-snippet:-1","max-image-preview":"max-image-preview:large","max-video-preview":"max-video-preview:-1"},"canonical":"https:\/\/www.clxonline.com\/es\/producto\/crystal-uhd-4k-smart-tv-58-tu7000\/","og_locale":"es_ES","og_type":"article","og_title":"Crystal UHD 4K Smart TV 58\" TU7000","og_description":"Colores y detalles dise\u00f1ados para ti  Expresi\u00f3n de colores vivos y n\u00edtidos  Potente calidad de imagen","og_url":"https:\/\/www.clxonline.com\/es\/producto\/crystal-uhd-4k-smart-tv-58-tu7000\/","og_site_name":"CLX Online","article_modified_time":"2022-05-06T23:00:42+00:00","og_image":[{"width":1000,"height":1000,"url":"https:\/\/www.clxonline.com\/wp-content\/uploads\/2021\/03\/crystal-thd-4k-smart-tv-58.jpg","type":"image\/jpeg"}],"twitter_card":"summary_large_image","schema":{"@context":"https:\/\/schema.org","@graph":[{"@type":"WebPage","@id":"https:\/\/www.clxonline.com\/es\/producto\/crystal-uhd-4k-smart-tv-58-tu7000\/","url":"https:\/\/www.clxonline.com\/es\/producto\/crystal-uhd-4k-smart-tv-58-tu7000\/","name":"Crystal UHD 4K Smart TV 58\" TU7000 - CLX Online","isPartOf":{"@id":"https:\/\/www.clxonline.com\/es\/#website"},"primaryImageOfPage":{"@id":"https:\/\/www.clxonline.com\/es\/producto\/crystal-uhd-4k-smart-tv-58-tu7000\/#primaryimage"},"image":{"@id":"https:\/\/www.clxonline.com\/es\/producto\/crystal-uhd-4k-smart-tv-58-tu7000\/#primaryimage"},"thumbnailUrl":"https:\/\/www.clxonline.com\/wp-content\/uploads\/2021\/03\/crystal-thd-4k-smart-tv-58.jpg","datePublished":"2021-03-25T22:12:42+00:00","dateModified":"2022-05-06T23:00:42+00:00","breadcrumb":{"@id":"https:\/\/www.clxonline.com\/es\/producto\/crystal-uhd-4k-smart-tv-58-tu7000\/#breadcrumb"},"inLanguage":"es","potentialAction":[{"@type":"ReadAction","target":["https:\/\/www.clxonline.com\/es\/producto\/crystal-uhd-4k-smart-tv-58-tu7000\/"]}]},{"@type":"ImageObject","inLanguage":"es","@id":"https:\/\/www.clxonline.com\/es\/producto\/crystal-uhd-4k-smart-tv-58-tu7000\/#primaryimage","url":"https:\/\/www.clxonline.com\/wp-content\/uploads\/2021\/03\/crystal-thd-4k-smart-tv-58.jpg","contentUrl":"https:\/\/www.clxonline.com\/wp-content\/uploads\/2021\/03\/crystal-thd-4k-smart-tv-58.jpg","width":1000,"height":1000},{"@type":"BreadcrumbList","@id":"https:\/\/www.clxonline.com\/es\/producto\/crystal-uhd-4k-smart-tv-58-tu7000\/#breadcrumb","itemListElement":[{"@type":"ListItem","position":1,"name":"Home","item":"https:\/\/www.clxonline.com\/"},{"@type":"ListItem","position":2,"name":"Shop","item":"https:\/\/www.clxonline.com\/shop\/"},{"@type":"ListItem","position":3,"name":"Crystal UHD 4K Smart TV 58&#8243; TU7000"}]},{"@type":"WebSite","@id":"https:\/\/www.clxonline.com\/es\/#website","url":"https:\/\/www.clxonline.com\/es\/","name":"CLX Online","description":"Offical Partner","potentialAction":[{"@type":"SearchAction","target":{"@type":"EntryPoint","urlTemplate":"https:\/\/www.clxonline.com\/es\/?s={search_term_string}"},"query-input":{"@type":"PropertyValueSpecification","valueRequired":true,"valueName":"search_term_string"}}],"inLanguage":"es"}]}},"_links":{"self":[{"href":"https:\/\/www.clxonline.com\/es\/wp-json\/wp\/v2\/product\/1452","targetHints":{"allow":["GET"]}}],"collection":[{"href":"https:\/\/www.clxonline.com\/es\/wp-json\/wp\/v2\/product"}],"about":[{"href":"https:\/\/www.clxonline.com\/es\/wp-json\/wp\/v2\/types\/product"}],"replies":[{"embeddable":true,"href":"https:\/\/www.clxonline.com\/es\/wp-json\/wp\/v2\/comments?post=1452"}],"wp:featuredmedia":[{"embeddable":true,"href":"https:\/\/www.clxonline.com\/es\/wp-json\/wp\/v2\/media\/2028"}],"wp:attachment":[{"href":"https:\/\/www.clxonline.com\/es\/wp-json\/wp\/v2\/media?parent=1452"}],"wp:term":[{"taxonomy":"product_brand","embeddable":true,"href":"https:\/\/www.clxonline.com\/es\/wp-json\/wp\/v2\/product_brand?post=1452"},{"taxonomy":"product_cat","embeddable":true,"href":"https:\/\/www.clxonline.com\/es\/wp-json\/wp\/v2\/product_cat?post=1452"},{"taxonomy":"product_tag","embeddable":true,"href":"https:\/\/www.clxonline.com\/es\/wp-json\/wp\/v2\/product_tag?post=1452"}],"curies":[{"name":"wp","href":"https:\/\/api.w.org\/{rel}","templated":true}]}}