{"id":1469,"date":"2021-03-25T18:17:01","date_gmt":"2021-03-25T22:17:01","guid":{"rendered":"https:\/\/www.clxonline.com\/?post_type=product&#038;p=1469"},"modified":"2022-05-06T19:00:39","modified_gmt":"2022-05-06T23:00:39","slug":"puhd-flat-smart-tv-4k-82-nu8000","status":"publish","type":"product","link":"https:\/\/www.clxonline.com\/es\/producto\/puhd-flat-smart-tv-4k-82-nu8000\/","title":{"rendered":"PUHD Flat Smart TV 4K 82&#8243; NU8000"},"content":{"rendered":"<p class=\"feature-benefit-half-text__description\">Samsung es la marca de televisores n\u00famero uno del mundo, liderando la industria con la mayor participaci\u00f3n de mercado durante 12 a\u00f1os consecutivos.\u00a0Con Samsung TV, puede disfrutar de tecnolog\u00eda avanzada, dise\u00f1o sobresaliente, servicios innovadores y las asociaciones de contenido que demandan los consumidores.<\/p>\n","protected":false},"excerpt":{"rendered":"<ul class=\"dot-list\">\n<li class=\"dot-list__item\"><strong><span class=\"usp-text\">UHD premium, todo sucede aqu\u00ed<\/span><\/strong><\/li>\n<li class=\"dot-list__item\"><strong><span class=\"usp-text\">La marca de televisores n\u00famero 1 del mundo 12 a\u00f1os consecutivos<\/span><\/strong><\/li>\n<li class=\"dot-list__item\"><strong><span class=\"usp-text\">HDR Elite, encuentra los detalles ocultos<\/span><\/strong><\/li>\n<\/ul>\n","protected":false},"featured_media":2026,"comment_status":"open","ping_status":"closed","template":"","meta":{"_et_pb_use_builder":"","_et_pb_old_content":"","_et_gb_content_width":""},"product_brand":[],"product_cat":[77,76],"product_tag":[],"class_list":{"0":"post-1469","1":"product","2":"type-product","3":"status-publish","4":"has-post-thumbnail","6":"product_cat-televisores","7":"product_cat-tv-av","9":"first","10":"instock","11":"shipping-taxable","12":"product-type-simple"},"yoast_head":"<!-- This site is optimized with the Yoast SEO Premium plugin v21.9 (Yoast SEO v27.5) - https:\/\/yoast.com\/product\/yoast-seo-premium-wordpress\/ -->\n<title>PUHD Flat Smart TV 4K 82&quot; NU8000 - CLX Online<\/title>\n<meta name=\"robots\" content=\"index, follow, max-snippet:-1, max-image-preview:large, max-video-preview:-1\" \/>\n<link rel=\"canonical\" href=\"https:\/\/www.clxonline.com\/es\/producto\/puhd-flat-smart-tv-4k-82-nu8000\/\" \/>\n<meta property=\"og:locale\" content=\"es_ES\" \/>\n<meta property=\"og:type\" content=\"article\" \/>\n<meta property=\"og:title\" content=\"PUHD Flat Smart TV 4K 82&quot; NU8000\" \/>\n<meta property=\"og:description\" content=\"UHD premium, todo sucede aqu\u00ed  La marca de televisores n\u00famero 1 del mundo 12 a\u00f1os consecutivos  HDR Elite, encuentra los detalles ocultos\" \/>\n<meta property=\"og:url\" content=\"https:\/\/www.clxonline.com\/es\/producto\/puhd-flat-smart-tv-4k-82-nu8000\/\" \/>\n<meta property=\"og:site_name\" content=\"CLX Online\" \/>\n<meta property=\"article:modified_time\" content=\"2022-05-06T23:00:39+00:00\" \/>\n<meta property=\"og:image\" content=\"https:\/\/www.clxonline.com\/wp-content\/uploads\/2021\/03\/puhd-flat-smart-tv-4k-82.jpg\" \/>\n\t<meta property=\"og:image:width\" content=\"1000\" \/>\n\t<meta property=\"og:image:height\" content=\"1000\" \/>\n\t<meta property=\"og:image:type\" content=\"image\/jpeg\" \/>\n<meta name=\"twitter:card\" content=\"summary_large_image\" \/>\n<script type=\"application\/ld+json\" class=\"yoast-schema-graph\">{\"@context\":\"https:\\\/\\\/schema.org\",\"@graph\":[{\"@type\":\"WebPage\",\"@id\":\"https:\\\/\\\/www.clxonline.com\\\/es\\\/producto\\\/puhd-flat-smart-tv-4k-82-nu8000\\\/\",\"url\":\"https:\\\/\\\/www.clxonline.com\\\/es\\\/producto\\\/puhd-flat-smart-tv-4k-82-nu8000\\\/\",\"name\":\"PUHD Flat Smart TV 4K 82\\\" NU8000 - CLX Online\",\"isPartOf\":{\"@id\":\"https:\\\/\\\/www.clxonline.com\\\/es\\\/#website\"},\"primaryImageOfPage\":{\"@id\":\"https:\\\/\\\/www.clxonline.com\\\/es\\\/producto\\\/puhd-flat-smart-tv-4k-82-nu8000\\\/#primaryimage\"},\"image\":{\"@id\":\"https:\\\/\\\/www.clxonline.com\\\/es\\\/producto\\\/puhd-flat-smart-tv-4k-82-nu8000\\\/#primaryimage\"},\"thumbnailUrl\":\"https:\\\/\\\/www.clxonline.com\\\/wp-content\\\/uploads\\\/2021\\\/03\\\/puhd-flat-smart-tv-4k-82.jpg\",\"datePublished\":\"2021-03-25T22:17:01+00:00\",\"dateModified\":\"2022-05-06T23:00:39+00:00\",\"breadcrumb\":{\"@id\":\"https:\\\/\\\/www.clxonline.com\\\/es\\\/producto\\\/puhd-flat-smart-tv-4k-82-nu8000\\\/#breadcrumb\"},\"inLanguage\":\"es\",\"potentialAction\":[{\"@type\":\"ReadAction\",\"target\":[\"https:\\\/\\\/www.clxonline.com\\\/es\\\/producto\\\/puhd-flat-smart-tv-4k-82-nu8000\\\/\"]}]},{\"@type\":\"ImageObject\",\"inLanguage\":\"es\",\"@id\":\"https:\\\/\\\/www.clxonline.com\\\/es\\\/producto\\\/puhd-flat-smart-tv-4k-82-nu8000\\\/#primaryimage\",\"url\":\"https:\\\/\\\/www.clxonline.com\\\/wp-content\\\/uploads\\\/2021\\\/03\\\/puhd-flat-smart-tv-4k-82.jpg\",\"contentUrl\":\"https:\\\/\\\/www.clxonline.com\\\/wp-content\\\/uploads\\\/2021\\\/03\\\/puhd-flat-smart-tv-4k-82.jpg\",\"width\":1000,\"height\":1000},{\"@type\":\"BreadcrumbList\",\"@id\":\"https:\\\/\\\/www.clxonline.com\\\/es\\\/producto\\\/puhd-flat-smart-tv-4k-82-nu8000\\\/#breadcrumb\",\"itemListElement\":[{\"@type\":\"ListItem\",\"position\":1,\"name\":\"Home\",\"item\":\"https:\\\/\\\/www.clxonline.com\\\/\"},{\"@type\":\"ListItem\",\"position\":2,\"name\":\"Shop\",\"item\":\"https:\\\/\\\/www.clxonline.com\\\/shop\\\/\"},{\"@type\":\"ListItem\",\"position\":3,\"name\":\"PUHD Flat Smart TV 4K 82&#8243; NU8000\"}]},{\"@type\":\"WebSite\",\"@id\":\"https:\\\/\\\/www.clxonline.com\\\/es\\\/#website\",\"url\":\"https:\\\/\\\/www.clxonline.com\\\/es\\\/\",\"name\":\"CLX Online\",\"description\":\"Offical Partner\",\"potentialAction\":[{\"@type\":\"SearchAction\",\"target\":{\"@type\":\"EntryPoint\",\"urlTemplate\":\"https:\\\/\\\/www.clxonline.com\\\/es\\\/?s={search_term_string}\"},\"query-input\":{\"@type\":\"PropertyValueSpecification\",\"valueRequired\":true,\"valueName\":\"search_term_string\"}}],\"inLanguage\":\"es\"}]}<\/script>\n<!-- \/ Yoast SEO Premium plugin. -->","yoast_head_json":{"title":"PUHD Flat Smart TV 4K 82\" NU8000 - CLX Online","robots":{"index":"index","follow":"follow","max-snippet":"max-snippet:-1","max-image-preview":"max-image-preview:large","max-video-preview":"max-video-preview:-1"},"canonical":"https:\/\/www.clxonline.com\/es\/producto\/puhd-flat-smart-tv-4k-82-nu8000\/","og_locale":"es_ES","og_type":"article","og_title":"PUHD Flat Smart TV 4K 82\" NU8000","og_description":"UHD premium, todo sucede aqu\u00ed  La marca de televisores n\u00famero 1 del mundo 12 a\u00f1os consecutivos  HDR Elite, encuentra los detalles ocultos","og_url":"https:\/\/www.clxonline.com\/es\/producto\/puhd-flat-smart-tv-4k-82-nu8000\/","og_site_name":"CLX Online","article_modified_time":"2022-05-06T23:00:39+00:00","og_image":[{"width":1000,"height":1000,"url":"https:\/\/www.clxonline.com\/wp-content\/uploads\/2021\/03\/puhd-flat-smart-tv-4k-82.jpg","type":"image\/jpeg"}],"twitter_card":"summary_large_image","schema":{"@context":"https:\/\/schema.org","@graph":[{"@type":"WebPage","@id":"https:\/\/www.clxonline.com\/es\/producto\/puhd-flat-smart-tv-4k-82-nu8000\/","url":"https:\/\/www.clxonline.com\/es\/producto\/puhd-flat-smart-tv-4k-82-nu8000\/","name":"PUHD Flat Smart TV 4K 82\" NU8000 - CLX Online","isPartOf":{"@id":"https:\/\/www.clxonline.com\/es\/#website"},"primaryImageOfPage":{"@id":"https:\/\/www.clxonline.com\/es\/producto\/puhd-flat-smart-tv-4k-82-nu8000\/#primaryimage"},"image":{"@id":"https:\/\/www.clxonline.com\/es\/producto\/puhd-flat-smart-tv-4k-82-nu8000\/#primaryimage"},"thumbnailUrl":"https:\/\/www.clxonline.com\/wp-content\/uploads\/2021\/03\/puhd-flat-smart-tv-4k-82.jpg","datePublished":"2021-03-25T22:17:01+00:00","dateModified":"2022-05-06T23:00:39+00:00","breadcrumb":{"@id":"https:\/\/www.clxonline.com\/es\/producto\/puhd-flat-smart-tv-4k-82-nu8000\/#breadcrumb"},"inLanguage":"es","potentialAction":[{"@type":"ReadAction","target":["https:\/\/www.clxonline.com\/es\/producto\/puhd-flat-smart-tv-4k-82-nu8000\/"]}]},{"@type":"ImageObject","inLanguage":"es","@id":"https:\/\/www.clxonline.com\/es\/producto\/puhd-flat-smart-tv-4k-82-nu8000\/#primaryimage","url":"https:\/\/www.clxonline.com\/wp-content\/uploads\/2021\/03\/puhd-flat-smart-tv-4k-82.jpg","contentUrl":"https:\/\/www.clxonline.com\/wp-content\/uploads\/2021\/03\/puhd-flat-smart-tv-4k-82.jpg","width":1000,"height":1000},{"@type":"BreadcrumbList","@id":"https:\/\/www.clxonline.com\/es\/producto\/puhd-flat-smart-tv-4k-82-nu8000\/#breadcrumb","itemListElement":[{"@type":"ListItem","position":1,"name":"Home","item":"https:\/\/www.clxonline.com\/"},{"@type":"ListItem","position":2,"name":"Shop","item":"https:\/\/www.clxonline.com\/shop\/"},{"@type":"ListItem","position":3,"name":"PUHD Flat Smart TV 4K 82&#8243; NU8000"}]},{"@type":"WebSite","@id":"https:\/\/www.clxonline.com\/es\/#website","url":"https:\/\/www.clxonline.com\/es\/","name":"CLX Online","description":"Offical Partner","potentialAction":[{"@type":"SearchAction","target":{"@type":"EntryPoint","urlTemplate":"https:\/\/www.clxonline.com\/es\/?s={search_term_string}"},"query-input":{"@type":"PropertyValueSpecification","valueRequired":true,"valueName":"search_term_string"}}],"inLanguage":"es"}]}},"_links":{"self":[{"href":"https:\/\/www.clxonline.com\/es\/wp-json\/wp\/v2\/product\/1469","targetHints":{"allow":["GET"]}}],"collection":[{"href":"https:\/\/www.clxonline.com\/es\/wp-json\/wp\/v2\/product"}],"about":[{"href":"https:\/\/www.clxonline.com\/es\/wp-json\/wp\/v2\/types\/product"}],"replies":[{"embeddable":true,"href":"https:\/\/www.clxonline.com\/es\/wp-json\/wp\/v2\/comments?post=1469"}],"wp:featuredmedia":[{"embeddable":true,"href":"https:\/\/www.clxonline.com\/es\/wp-json\/wp\/v2\/media\/2026"}],"wp:attachment":[{"href":"https:\/\/www.clxonline.com\/es\/wp-json\/wp\/v2\/media?parent=1469"}],"wp:term":[{"taxonomy":"product_brand","embeddable":true,"href":"https:\/\/www.clxonline.com\/es\/wp-json\/wp\/v2\/product_brand?post=1469"},{"taxonomy":"product_cat","embeddable":true,"href":"https:\/\/www.clxonline.com\/es\/wp-json\/wp\/v2\/product_cat?post=1469"},{"taxonomy":"product_tag","embeddable":true,"href":"https:\/\/www.clxonline.com\/es\/wp-json\/wp\/v2\/product_tag?post=1469"}],"curies":[{"name":"wp","href":"https:\/\/api.w.org\/{rel}","templated":true}]}}