{"id":1612,"date":"2021-03-26T04:41:10","date_gmt":"2021-03-26T08:41:10","guid":{"rendered":"https:\/\/www.clxonline.com\/?post_type=product&#038;p=1612"},"modified":"2022-05-06T18:59:41","modified_gmt":"2022-05-06T22:59:41","slug":"samsung-galaxy-a31-2","status":"publish","type":"product","link":"https:\/\/www.clxonline.com\/es\/producto\/samsung-galaxy-a31-2\/","title":{"rendered":"Samsung Galaxy A31"},"content":{"rendered":"<div class=\"feature-benefit__text-wrap\">\n<div class=\"feature-benefit__text\">\n<div class=\"feature-benefit__desc-wrap\">\n<p class=\"feature-benefit__desc contrast-target\" data-font-size-mo=\"12\" data-font-size-pc=\"18\">Sum\u00e9rgete en la gran pantalla Infinity-U de 6.4 pulgadas de Galaxy A31. Su amplia relaci\u00f3n de aspecto llena la pantalla con contenido de borde a borde. Disfruta de tus videos favoritos, juegos y transmisiones en vivo con aut\u00e9ntica calidad FHD+ Super AMOLED.<\/p>\n<\/div>\n<\/div>\n<\/div>\n<div class=\"feature-benefit__img-wrap\">\n<div class=\"image image--dyn-height image--main-loaded\">\n<div class=\"feature-benefit__text-wrap\">\n<div class=\"feature-benefit__text\">\n<div class=\"feature-benefit__desc-wrap\">\n<p class=\"feature-benefit__desc contrast-target\" data-font-size-mo=\"12\" data-font-size-pc=\"18\">Todo lo que quieres, en un smartphone delgado. Con una gran bater\u00eda de 5,000 mAh en un dispositivo de solo 8,6 mm de grosor, Galaxy A31 se adapta perfectamente a tu mano y ofrece un dise\u00f1o geom\u00e9trico con acabado brillante. Elige entre sus colores Prism Crush Black, Prism Crush Blue o Prism Crush Red.<\/p>\n<\/div>\n<\/div>\n<\/div>\n<div class=\"feature-benefit__img-wrap\">\n<div class=\"image image--dyn-height image--main-loaded\"><\/div>\n<\/div>\n<\/div>\n<\/div>\n","protected":false},"excerpt":{"rendered":"<ul class=\"dot-list\">\n<li class=\"dot-list__item\"><strong><span class=\"usp-text\">Infinity-U Display de 6.4\u201d FHD+ Super AMOLED<\/span><\/strong><\/li>\n<li class=\"dot-list__item\"><strong><span class=\"usp-text\">C\u00e1mara cu\u00e1druple hasta de 48 MP<\/span><\/strong><\/li>\n<li class=\"dot-list__item\"><strong><span class=\"usp-text\">Bater\u00eda de larga duraci\u00f3n de 5,000 mAh<\/span><\/strong><\/li>\n<\/ul>\n","protected":false},"featured_media":1613,"comment_status":"open","ping_status":"closed","template":"","meta":{"_et_pb_use_builder":"","_et_pb_old_content":"","_et_gb_content_width":""},"product_brand":[],"product_cat":[73,74],"product_tag":[],"class_list":{"0":"post-1612","1":"product","2":"type-product","3":"status-publish","4":"has-post-thumbnail","6":"product_cat-smartphones","7":"product_cat-smartphones-es","9":"first","10":"instock","11":"shipping-taxable","12":"product-type-simple"},"yoast_head":"<!-- This site is optimized with the Yoast SEO Premium plugin v21.9 (Yoast SEO v27.5) - https:\/\/yoast.com\/product\/yoast-seo-premium-wordpress\/ -->\n<title>Samsung Galaxy A31 - CLX Online<\/title>\n<meta name=\"robots\" content=\"index, follow, max-snippet:-1, max-image-preview:large, max-video-preview:-1\" \/>\n<link rel=\"canonical\" href=\"https:\/\/www.clxonline.com\/es\/producto\/samsung-galaxy-a31-2\/\" \/>\n<meta property=\"og:locale\" content=\"es_ES\" \/>\n<meta property=\"og:type\" content=\"article\" \/>\n<meta property=\"og:title\" content=\"Samsung Galaxy A31\" \/>\n<meta property=\"og:description\" content=\"Infinity-U Display de 6.4\u201d FHD+ Super AMOLED  C\u00e1mara cu\u00e1druple hasta de 48 MP  Bater\u00eda de larga duraci\u00f3n de 5,000 mAh\" \/>\n<meta property=\"og:url\" content=\"https:\/\/www.clxonline.com\/es\/producto\/samsung-galaxy-a31-2\/\" \/>\n<meta property=\"og:site_name\" content=\"CLX Online\" \/>\n<meta property=\"article:modified_time\" content=\"2022-05-06T22:59:41+00:00\" \/>\n<meta property=\"og:image\" content=\"https:\/\/www.clxonline.com\/wp-content\/uploads\/2021\/03\/mx-galaxy-a31-a315-sm-a315gzkmmxo-frontblack-231710003.jpg\" \/>\n\t<meta property=\"og:image:width\" content=\"684\" \/>\n\t<meta property=\"og:image:height\" content=\"547\" \/>\n\t<meta property=\"og:image:type\" content=\"image\/jpeg\" \/>\n<meta name=\"twitter:card\" content=\"summary_large_image\" \/>\n<script type=\"application\/ld+json\" class=\"yoast-schema-graph\">{\"@context\":\"https:\\\/\\\/schema.org\",\"@graph\":[{\"@type\":\"WebPage\",\"@id\":\"https:\\\/\\\/www.clxonline.com\\\/es\\\/producto\\\/samsung-galaxy-a31-2\\\/\",\"url\":\"https:\\\/\\\/www.clxonline.com\\\/es\\\/producto\\\/samsung-galaxy-a31-2\\\/\",\"name\":\"Samsung Galaxy A31 - CLX Online\",\"isPartOf\":{\"@id\":\"https:\\\/\\\/www.clxonline.com\\\/es\\\/#website\"},\"primaryImageOfPage\":{\"@id\":\"https:\\\/\\\/www.clxonline.com\\\/es\\\/producto\\\/samsung-galaxy-a31-2\\\/#primaryimage\"},\"image\":{\"@id\":\"https:\\\/\\\/www.clxonline.com\\\/es\\\/producto\\\/samsung-galaxy-a31-2\\\/#primaryimage\"},\"thumbnailUrl\":\"https:\\\/\\\/www.clxonline.com\\\/wp-content\\\/uploads\\\/2021\\\/03\\\/mx-galaxy-a31-a315-sm-a315gzkmmxo-frontblack-231710003.jpg\",\"datePublished\":\"2021-03-26T08:41:10+00:00\",\"dateModified\":\"2022-05-06T22:59:41+00:00\",\"breadcrumb\":{\"@id\":\"https:\\\/\\\/www.clxonline.com\\\/es\\\/producto\\\/samsung-galaxy-a31-2\\\/#breadcrumb\"},\"inLanguage\":\"es\",\"potentialAction\":[{\"@type\":\"ReadAction\",\"target\":[\"https:\\\/\\\/www.clxonline.com\\\/es\\\/producto\\\/samsung-galaxy-a31-2\\\/\"]}]},{\"@type\":\"ImageObject\",\"inLanguage\":\"es\",\"@id\":\"https:\\\/\\\/www.clxonline.com\\\/es\\\/producto\\\/samsung-galaxy-a31-2\\\/#primaryimage\",\"url\":\"https:\\\/\\\/www.clxonline.com\\\/wp-content\\\/uploads\\\/2021\\\/03\\\/mx-galaxy-a31-a315-sm-a315gzkmmxo-frontblack-231710003.jpg\",\"contentUrl\":\"https:\\\/\\\/www.clxonline.com\\\/wp-content\\\/uploads\\\/2021\\\/03\\\/mx-galaxy-a31-a315-sm-a315gzkmmxo-frontblack-231710003.jpg\",\"width\":684,\"height\":547},{\"@type\":\"BreadcrumbList\",\"@id\":\"https:\\\/\\\/www.clxonline.com\\\/es\\\/producto\\\/samsung-galaxy-a31-2\\\/#breadcrumb\",\"itemListElement\":[{\"@type\":\"ListItem\",\"position\":1,\"name\":\"Home\",\"item\":\"https:\\\/\\\/www.clxonline.com\\\/\"},{\"@type\":\"ListItem\",\"position\":2,\"name\":\"Shop\",\"item\":\"https:\\\/\\\/www.clxonline.com\\\/shop\\\/\"},{\"@type\":\"ListItem\",\"position\":3,\"name\":\"Samsung Galaxy A31\"}]},{\"@type\":\"WebSite\",\"@id\":\"https:\\\/\\\/www.clxonline.com\\\/es\\\/#website\",\"url\":\"https:\\\/\\\/www.clxonline.com\\\/es\\\/\",\"name\":\"CLX Online\",\"description\":\"Offical Partner\",\"potentialAction\":[{\"@type\":\"SearchAction\",\"target\":{\"@type\":\"EntryPoint\",\"urlTemplate\":\"https:\\\/\\\/www.clxonline.com\\\/es\\\/?s={search_term_string}\"},\"query-input\":{\"@type\":\"PropertyValueSpecification\",\"valueRequired\":true,\"valueName\":\"search_term_string\"}}],\"inLanguage\":\"es\"}]}<\/script>\n<!-- \/ Yoast SEO Premium plugin. -->","yoast_head_json":{"title":"Samsung Galaxy A31 - CLX Online","robots":{"index":"index","follow":"follow","max-snippet":"max-snippet:-1","max-image-preview":"max-image-preview:large","max-video-preview":"max-video-preview:-1"},"canonical":"https:\/\/www.clxonline.com\/es\/producto\/samsung-galaxy-a31-2\/","og_locale":"es_ES","og_type":"article","og_title":"Samsung Galaxy A31","og_description":"Infinity-U Display de 6.4\u201d FHD+ Super AMOLED  C\u00e1mara cu\u00e1druple hasta de 48 MP  Bater\u00eda de larga duraci\u00f3n de 5,000 mAh","og_url":"https:\/\/www.clxonline.com\/es\/producto\/samsung-galaxy-a31-2\/","og_site_name":"CLX Online","article_modified_time":"2022-05-06T22:59:41+00:00","og_image":[{"width":684,"height":547,"url":"https:\/\/www.clxonline.com\/wp-content\/uploads\/2021\/03\/mx-galaxy-a31-a315-sm-a315gzkmmxo-frontblack-231710003.jpg","type":"image\/jpeg"}],"twitter_card":"summary_large_image","schema":{"@context":"https:\/\/schema.org","@graph":[{"@type":"WebPage","@id":"https:\/\/www.clxonline.com\/es\/producto\/samsung-galaxy-a31-2\/","url":"https:\/\/www.clxonline.com\/es\/producto\/samsung-galaxy-a31-2\/","name":"Samsung Galaxy A31 - CLX Online","isPartOf":{"@id":"https:\/\/www.clxonline.com\/es\/#website"},"primaryImageOfPage":{"@id":"https:\/\/www.clxonline.com\/es\/producto\/samsung-galaxy-a31-2\/#primaryimage"},"image":{"@id":"https:\/\/www.clxonline.com\/es\/producto\/samsung-galaxy-a31-2\/#primaryimage"},"thumbnailUrl":"https:\/\/www.clxonline.com\/wp-content\/uploads\/2021\/03\/mx-galaxy-a31-a315-sm-a315gzkmmxo-frontblack-231710003.jpg","datePublished":"2021-03-26T08:41:10+00:00","dateModified":"2022-05-06T22:59:41+00:00","breadcrumb":{"@id":"https:\/\/www.clxonline.com\/es\/producto\/samsung-galaxy-a31-2\/#breadcrumb"},"inLanguage":"es","potentialAction":[{"@type":"ReadAction","target":["https:\/\/www.clxonline.com\/es\/producto\/samsung-galaxy-a31-2\/"]}]},{"@type":"ImageObject","inLanguage":"es","@id":"https:\/\/www.clxonline.com\/es\/producto\/samsung-galaxy-a31-2\/#primaryimage","url":"https:\/\/www.clxonline.com\/wp-content\/uploads\/2021\/03\/mx-galaxy-a31-a315-sm-a315gzkmmxo-frontblack-231710003.jpg","contentUrl":"https:\/\/www.clxonline.com\/wp-content\/uploads\/2021\/03\/mx-galaxy-a31-a315-sm-a315gzkmmxo-frontblack-231710003.jpg","width":684,"height":547},{"@type":"BreadcrumbList","@id":"https:\/\/www.clxonline.com\/es\/producto\/samsung-galaxy-a31-2\/#breadcrumb","itemListElement":[{"@type":"ListItem","position":1,"name":"Home","item":"https:\/\/www.clxonline.com\/"},{"@type":"ListItem","position":2,"name":"Shop","item":"https:\/\/www.clxonline.com\/shop\/"},{"@type":"ListItem","position":3,"name":"Samsung Galaxy A31"}]},{"@type":"WebSite","@id":"https:\/\/www.clxonline.com\/es\/#website","url":"https:\/\/www.clxonline.com\/es\/","name":"CLX Online","description":"Offical Partner","potentialAction":[{"@type":"SearchAction","target":{"@type":"EntryPoint","urlTemplate":"https:\/\/www.clxonline.com\/es\/?s={search_term_string}"},"query-input":{"@type":"PropertyValueSpecification","valueRequired":true,"valueName":"search_term_string"}}],"inLanguage":"es"}]}},"_links":{"self":[{"href":"https:\/\/www.clxonline.com\/es\/wp-json\/wp\/v2\/product\/1612","targetHints":{"allow":["GET"]}}],"collection":[{"href":"https:\/\/www.clxonline.com\/es\/wp-json\/wp\/v2\/product"}],"about":[{"href":"https:\/\/www.clxonline.com\/es\/wp-json\/wp\/v2\/types\/product"}],"replies":[{"embeddable":true,"href":"https:\/\/www.clxonline.com\/es\/wp-json\/wp\/v2\/comments?post=1612"}],"wp:featuredmedia":[{"embeddable":true,"href":"https:\/\/www.clxonline.com\/es\/wp-json\/wp\/v2\/media\/1613"}],"wp:attachment":[{"href":"https:\/\/www.clxonline.com\/es\/wp-json\/wp\/v2\/media?parent=1612"}],"wp:term":[{"taxonomy":"product_brand","embeddable":true,"href":"https:\/\/www.clxonline.com\/es\/wp-json\/wp\/v2\/product_brand?post=1612"},{"taxonomy":"product_cat","embeddable":true,"href":"https:\/\/www.clxonline.com\/es\/wp-json\/wp\/v2\/product_cat?post=1612"},{"taxonomy":"product_tag","embeddable":true,"href":"https:\/\/www.clxonline.com\/es\/wp-json\/wp\/v2\/product_tag?post=1612"}],"curies":[{"name":"wp","href":"https:\/\/api.w.org\/{rel}","templated":true}]}}