{"id":1796,"date":"2021-03-26T05:29:55","date_gmt":"2021-03-26T09:29:55","guid":{"rendered":"https:\/\/www.clxonline.com\/?post_type=product&#038;p=1796"},"modified":"2022-05-06T18:51:05","modified_gmt":"2022-05-06T22:51:05","slug":"galaxy-watch3-bluetooth-45-mm","status":"publish","type":"product","link":"https:\/\/www.clxonline.com\/es\/producto\/galaxy-watch3-bluetooth-45-mm\/","title":{"rendered":"Galaxy Watch3 Bluetooth (45 MM)"},"content":{"rendered":"<article class=\"m_feature-slogun m_summary show visible\">\n<div class=\"f_inner\">\n<div class=\"l_sec-900 f_header-wrap a_fade a_fade-in\">\n<div class=\"desc-wrap\">\n<p class=\"c_desc-sum1 a_fade-unit-2\">El reloj que te cuida. Galaxy Watch3 combina la productividad de los smartphones y la tecnolog\u00eda sanitaria l\u00edder en un dispositivo cl\u00e1sico de primera clase. Galaxy Watch3, nuestro Watch m\u00e1s avanzado, te ayuda a organizar f\u00e1cilmente tu vida y monitorear tu salud, poniendo tu bienestar en tus manos.<\/p>\n<\/div>\n<\/div>\n<\/div>\n<\/article>\n","protected":false},"excerpt":{"rendered":"<ul class=\"dot-list\">\n<li class=\"dot-list__item\"><strong><span class=\"usp-text\">Dise\u00f1o: el dise\u00f1o de reloj real m\u00e1s refinado<\/span><\/strong><\/li>\n<li class=\"dot-list__item\"><strong><span class=\"usp-text\">Funci\u00f3n de salud: el monitoreo de salud m\u00e1s avanzado<\/span><\/strong><\/li>\n<li class=\"dot-list__item\"><strong><span class=\"usp-text\">Facilidad de uso: la mejor experiencia en notificaci\u00f3n y m\u00fasica<\/span><\/strong><\/li>\n<\/ul>\n","protected":false},"featured_media":1797,"comment_status":"open","ping_status":"closed","template":"","meta":{"_et_pb_use_builder":"","_et_pb_old_content":"","_et_gb_content_width":""},"product_brand":[],"product_cat":[75,73],"product_tag":[],"class_list":{"0":"post-1796","1":"product","2":"type-product","3":"status-publish","4":"has-post-thumbnail","6":"product_cat-accesorios","7":"product_cat-smartphones","9":"first","10":"instock","11":"shipping-taxable","12":"product-type-simple"},"yoast_head":"<!-- This site is optimized with the Yoast SEO Premium plugin v21.9 (Yoast SEO v27.2) - https:\/\/yoast.com\/product\/yoast-seo-premium-wordpress\/ -->\n<title>Galaxy Watch3 Bluetooth (45 MM) - CLX Online<\/title>\n<meta name=\"robots\" content=\"index, follow, max-snippet:-1, max-image-preview:large, max-video-preview:-1\" \/>\n<link rel=\"canonical\" href=\"https:\/\/www.clxonline.com\/es\/producto\/galaxy-watch3-bluetooth-45-mm\/\" \/>\n<meta property=\"og:locale\" content=\"es_ES\" \/>\n<meta property=\"og:type\" content=\"article\" \/>\n<meta property=\"og:title\" content=\"Galaxy Watch3 Bluetooth (45 MM)\" \/>\n<meta property=\"og:description\" content=\"Dise\u00f1o: el dise\u00f1o de reloj real m\u00e1s refinado  Funci\u00f3n de salud: el monitoreo de salud m\u00e1s avanzado  Facilidad de uso: la mejor experiencia en notificaci\u00f3n y m\u00fasica\" \/>\n<meta property=\"og:url\" content=\"https:\/\/www.clxonline.com\/es\/producto\/galaxy-watch3-bluetooth-45-mm\/\" \/>\n<meta property=\"og:site_name\" content=\"CLX Online\" \/>\n<meta property=\"article:modified_time\" content=\"2022-05-06T22:51:05+00:00\" \/>\n<meta property=\"og:image\" content=\"https:\/\/www.clxonline.com\/wp-content\/uploads\/2021\/03\/mx-galaxy-watch3-r840-sm-r840nzkamxo-frontmysticblack-275057172.jpg\" \/>\n\t<meta property=\"og:image:width\" content=\"684\" \/>\n\t<meta property=\"og:image:height\" content=\"547\" \/>\n\t<meta property=\"og:image:type\" content=\"image\/jpeg\" \/>\n<meta name=\"twitter:card\" content=\"summary_large_image\" \/>\n<script type=\"application\/ld+json\" class=\"yoast-schema-graph\">{\"@context\":\"https:\/\/schema.org\",\"@graph\":[{\"@type\":\"WebPage\",\"@id\":\"https:\/\/www.clxonline.com\/es\/producto\/galaxy-watch3-bluetooth-45-mm\/\",\"url\":\"https:\/\/www.clxonline.com\/es\/producto\/galaxy-watch3-bluetooth-45-mm\/\",\"name\":\"Galaxy Watch3 Bluetooth (45 MM) - CLX Online\",\"isPartOf\":{\"@id\":\"https:\/\/www.clxonline.com\/es\/#website\"},\"primaryImageOfPage\":{\"@id\":\"https:\/\/www.clxonline.com\/es\/producto\/galaxy-watch3-bluetooth-45-mm\/#primaryimage\"},\"image\":{\"@id\":\"https:\/\/www.clxonline.com\/es\/producto\/galaxy-watch3-bluetooth-45-mm\/#primaryimage\"},\"thumbnailUrl\":\"https:\/\/www.clxonline.com\/wp-content\/uploads\/2021\/03\/mx-galaxy-watch3-r840-sm-r840nzkamxo-frontmysticblack-275057172.jpg\",\"datePublished\":\"2021-03-26T09:29:55+00:00\",\"dateModified\":\"2022-05-06T22:51:05+00:00\",\"breadcrumb\":{\"@id\":\"https:\/\/www.clxonline.com\/es\/producto\/galaxy-watch3-bluetooth-45-mm\/#breadcrumb\"},\"inLanguage\":\"es\",\"potentialAction\":[{\"@type\":\"ReadAction\",\"target\":[\"https:\/\/www.clxonline.com\/es\/producto\/galaxy-watch3-bluetooth-45-mm\/\"]}]},{\"@type\":\"ImageObject\",\"inLanguage\":\"es\",\"@id\":\"https:\/\/www.clxonline.com\/es\/producto\/galaxy-watch3-bluetooth-45-mm\/#primaryimage\",\"url\":\"https:\/\/www.clxonline.com\/wp-content\/uploads\/2021\/03\/mx-galaxy-watch3-r840-sm-r840nzkamxo-frontmysticblack-275057172.jpg\",\"contentUrl\":\"https:\/\/www.clxonline.com\/wp-content\/uploads\/2021\/03\/mx-galaxy-watch3-r840-sm-r840nzkamxo-frontmysticblack-275057172.jpg\",\"width\":684,\"height\":547},{\"@type\":\"BreadcrumbList\",\"@id\":\"https:\/\/www.clxonline.com\/es\/producto\/galaxy-watch3-bluetooth-45-mm\/#breadcrumb\",\"itemListElement\":[{\"@type\":\"ListItem\",\"position\":1,\"name\":\"Home\",\"item\":\"https:\/\/www.clxonline.com\/\"},{\"@type\":\"ListItem\",\"position\":2,\"name\":\"Shop\",\"item\":\"https:\/\/www.clxonline.com\/shop\/\"},{\"@type\":\"ListItem\",\"position\":3,\"name\":\"Galaxy Watch3 Bluetooth (45 MM)\"}]},{\"@type\":\"WebSite\",\"@id\":\"https:\/\/www.clxonline.com\/es\/#website\",\"url\":\"https:\/\/www.clxonline.com\/es\/\",\"name\":\"CLX Online\",\"description\":\"Offical Partner\",\"potentialAction\":[{\"@type\":\"SearchAction\",\"target\":{\"@type\":\"EntryPoint\",\"urlTemplate\":\"https:\/\/www.clxonline.com\/es\/?s={search_term_string}\"},\"query-input\":{\"@type\":\"PropertyValueSpecification\",\"valueRequired\":true,\"valueName\":\"search_term_string\"}}],\"inLanguage\":\"es\"}]}<\/script>\n<!-- \/ Yoast SEO Premium plugin. -->","yoast_head_json":{"title":"Galaxy Watch3 Bluetooth (45 MM) - CLX Online","robots":{"index":"index","follow":"follow","max-snippet":"max-snippet:-1","max-image-preview":"max-image-preview:large","max-video-preview":"max-video-preview:-1"},"canonical":"https:\/\/www.clxonline.com\/es\/producto\/galaxy-watch3-bluetooth-45-mm\/","og_locale":"es_ES","og_type":"article","og_title":"Galaxy Watch3 Bluetooth (45 MM)","og_description":"Dise\u00f1o: el dise\u00f1o de reloj real m\u00e1s refinado  Funci\u00f3n de salud: el monitoreo de salud m\u00e1s avanzado  Facilidad de uso: la mejor experiencia en notificaci\u00f3n y m\u00fasica","og_url":"https:\/\/www.clxonline.com\/es\/producto\/galaxy-watch3-bluetooth-45-mm\/","og_site_name":"CLX Online","article_modified_time":"2022-05-06T22:51:05+00:00","og_image":[{"width":684,"height":547,"url":"https:\/\/www.clxonline.com\/wp-content\/uploads\/2021\/03\/mx-galaxy-watch3-r840-sm-r840nzkamxo-frontmysticblack-275057172.jpg","type":"image\/jpeg"}],"twitter_card":"summary_large_image","schema":{"@context":"https:\/\/schema.org","@graph":[{"@type":"WebPage","@id":"https:\/\/www.clxonline.com\/es\/producto\/galaxy-watch3-bluetooth-45-mm\/","url":"https:\/\/www.clxonline.com\/es\/producto\/galaxy-watch3-bluetooth-45-mm\/","name":"Galaxy Watch3 Bluetooth (45 MM) - CLX Online","isPartOf":{"@id":"https:\/\/www.clxonline.com\/es\/#website"},"primaryImageOfPage":{"@id":"https:\/\/www.clxonline.com\/es\/producto\/galaxy-watch3-bluetooth-45-mm\/#primaryimage"},"image":{"@id":"https:\/\/www.clxonline.com\/es\/producto\/galaxy-watch3-bluetooth-45-mm\/#primaryimage"},"thumbnailUrl":"https:\/\/www.clxonline.com\/wp-content\/uploads\/2021\/03\/mx-galaxy-watch3-r840-sm-r840nzkamxo-frontmysticblack-275057172.jpg","datePublished":"2021-03-26T09:29:55+00:00","dateModified":"2022-05-06T22:51:05+00:00","breadcrumb":{"@id":"https:\/\/www.clxonline.com\/es\/producto\/galaxy-watch3-bluetooth-45-mm\/#breadcrumb"},"inLanguage":"es","potentialAction":[{"@type":"ReadAction","target":["https:\/\/www.clxonline.com\/es\/producto\/galaxy-watch3-bluetooth-45-mm\/"]}]},{"@type":"ImageObject","inLanguage":"es","@id":"https:\/\/www.clxonline.com\/es\/producto\/galaxy-watch3-bluetooth-45-mm\/#primaryimage","url":"https:\/\/www.clxonline.com\/wp-content\/uploads\/2021\/03\/mx-galaxy-watch3-r840-sm-r840nzkamxo-frontmysticblack-275057172.jpg","contentUrl":"https:\/\/www.clxonline.com\/wp-content\/uploads\/2021\/03\/mx-galaxy-watch3-r840-sm-r840nzkamxo-frontmysticblack-275057172.jpg","width":684,"height":547},{"@type":"BreadcrumbList","@id":"https:\/\/www.clxonline.com\/es\/producto\/galaxy-watch3-bluetooth-45-mm\/#breadcrumb","itemListElement":[{"@type":"ListItem","position":1,"name":"Home","item":"https:\/\/www.clxonline.com\/"},{"@type":"ListItem","position":2,"name":"Shop","item":"https:\/\/www.clxonline.com\/shop\/"},{"@type":"ListItem","position":3,"name":"Galaxy Watch3 Bluetooth (45 MM)"}]},{"@type":"WebSite","@id":"https:\/\/www.clxonline.com\/es\/#website","url":"https:\/\/www.clxonline.com\/es\/","name":"CLX Online","description":"Offical Partner","potentialAction":[{"@type":"SearchAction","target":{"@type":"EntryPoint","urlTemplate":"https:\/\/www.clxonline.com\/es\/?s={search_term_string}"},"query-input":{"@type":"PropertyValueSpecification","valueRequired":true,"valueName":"search_term_string"}}],"inLanguage":"es"}]}},"_links":{"self":[{"href":"https:\/\/www.clxonline.com\/es\/wp-json\/wp\/v2\/product\/1796","targetHints":{"allow":["GET"]}}],"collection":[{"href":"https:\/\/www.clxonline.com\/es\/wp-json\/wp\/v2\/product"}],"about":[{"href":"https:\/\/www.clxonline.com\/es\/wp-json\/wp\/v2\/types\/product"}],"replies":[{"embeddable":true,"href":"https:\/\/www.clxonline.com\/es\/wp-json\/wp\/v2\/comments?post=1796"}],"wp:featuredmedia":[{"embeddable":true,"href":"https:\/\/www.clxonline.com\/es\/wp-json\/wp\/v2\/media\/1797"}],"wp:attachment":[{"href":"https:\/\/www.clxonline.com\/es\/wp-json\/wp\/v2\/media?parent=1796"}],"wp:term":[{"taxonomy":"product_brand","embeddable":true,"href":"https:\/\/www.clxonline.com\/es\/wp-json\/wp\/v2\/product_brand?post=1796"},{"taxonomy":"product_cat","embeddable":true,"href":"https:\/\/www.clxonline.com\/es\/wp-json\/wp\/v2\/product_cat?post=1796"},{"taxonomy":"product_tag","embeddable":true,"href":"https:\/\/www.clxonline.com\/es\/wp-json\/wp\/v2\/product_tag?post=1796"}],"curies":[{"name":"wp","href":"https:\/\/api.w.org\/{rel}","templated":true}]}}