{"id":484,"date":"2021-03-24T05:08:05","date_gmt":"2021-03-24T09:08:05","guid":{"rendered":"https:\/\/www.clxonline.com\/?post_type=product&#038;p=484"},"modified":"2025-09-27T13:19:03","modified_gmt":"2025-09-27T17:19:03","slug":"horno-de-microondas-de-conveccion-con-hotblast-32-l","status":"publish","type":"product","link":"https:\/\/www.clxonline.com\/es\/producto\/horno-de-microondas-de-conveccion-con-hotblast-32-l\/","title":{"rendered":"Horno de Microondas de convecci\u00f3n con Hotblast\u2122, 32 L"},"content":{"rendered":"<div class=\"feature-benefit__text-wrap\">\n<div class=\"feature-benefit__text\">\n<div class=\"feature-benefit__desc-wrap\">\n<p class=\"feature-benefit__desc contrast-target\" data-font-size-mo=\"12\" data-font-size-pc=\"18\">La tecnolog\u00eda Hot Blast\u2122 consiste en un m\u00e9todo nuevo que reduce de manera considerable los tiempos de cocci\u00f3n. Se sopla aire potente y caliente a trav\u00e9s de los m\u00faltiples orificios de aire directamente al alimento, por lo que este se cocina de manera uniforme con un resultado crujiente por fuera y jugoso por dentro.<\/p>\n<\/div>\n<\/div>\n<\/div>\n","protected":false},"excerpt":{"rendered":"<ul class=\"dot-list\">\n<li class=\"dot-list__item\"><strong><span class=\"usp-text\">Nueva cocci\u00f3n m\u00e1s r\u00e1pida<\/span><\/strong><\/li>\n<li class=\"dot-list__item\"><strong><span class=\"usp-text\">Grillado m\u00e1s uniforme<\/span><\/strong><\/li>\n<li class=\"dot-list__item\"><strong><span class=\"usp-text\">M\u00e1s espacio para platos m\u00e1s grandes<\/span><\/strong><\/li>\n<\/ul>\n","protected":false},"featured_media":2012,"comment_status":"open","ping_status":"closed","template":"","meta":{"_et_pb_use_builder":"","_et_pb_old_content":"","_et_gb_content_width":""},"product_brand":[],"product_cat":[79,81],"product_tag":[],"class_list":{"0":"post-484","1":"product","2":"type-product","3":"status-publish","4":"has-post-thumbnail","6":"product_cat-linea-blanca","7":"product_cat-microondas","9":"first","10":"instock","11":"shipping-taxable","12":"product-type-simple"},"yoast_head":"<!-- This site is optimized with the Yoast SEO Premium plugin v21.9 (Yoast SEO v27.2) - https:\/\/yoast.com\/product\/yoast-seo-premium-wordpress\/ -->\n<title>Horno de Microondas de convecci\u00f3n con Hotblast\u2122, 32 L - CLX Online<\/title>\n<meta name=\"robots\" content=\"index, follow, max-snippet:-1, max-image-preview:large, max-video-preview:-1\" \/>\n<link rel=\"canonical\" href=\"https:\/\/www.clxonline.com\/es\/producto\/horno-de-microondas-de-conveccion-con-hotblast-32-l\/\" \/>\n<meta property=\"og:locale\" content=\"es_ES\" \/>\n<meta property=\"og:type\" content=\"article\" \/>\n<meta property=\"og:title\" content=\"Horno de Microondas de convecci\u00f3n con Hotblast\u2122, 32 L\" \/>\n<meta property=\"og:description\" content=\"Nueva cocci\u00f3n m\u00e1s r\u00e1pida  Grillado m\u00e1s uniforme  M\u00e1s espacio para platos m\u00e1s grandes\" \/>\n<meta property=\"og:url\" content=\"https:\/\/www.clxonline.com\/es\/producto\/horno-de-microondas-de-conveccion-con-hotblast-32-l\/\" \/>\n<meta property=\"og:site_name\" content=\"CLX Online\" \/>\n<meta property=\"article:modified_time\" content=\"2025-09-27T17:19:03+00:00\" \/>\n<meta property=\"og:image\" content=\"https:\/\/www.clxonline.com\/wp-content\/uploads\/2021\/03\/micro-55.jpg\" \/>\n\t<meta property=\"og:image:width\" content=\"1000\" \/>\n\t<meta property=\"og:image:height\" content=\"1000\" \/>\n\t<meta property=\"og:image:type\" content=\"image\/jpeg\" \/>\n<meta name=\"twitter:card\" content=\"summary_large_image\" \/>\n<script type=\"application\/ld+json\" class=\"yoast-schema-graph\">{\"@context\":\"https:\/\/schema.org\",\"@graph\":[{\"@type\":\"WebPage\",\"@id\":\"https:\/\/www.clxonline.com\/es\/producto\/horno-de-microondas-de-conveccion-con-hotblast-32-l\/\",\"url\":\"https:\/\/www.clxonline.com\/es\/producto\/horno-de-microondas-de-conveccion-con-hotblast-32-l\/\",\"name\":\"Horno de Microondas de convecci\u00f3n con Hotblast\u2122, 32 L - CLX Online\",\"isPartOf\":{\"@id\":\"https:\/\/www.clxonline.com\/es\/#website\"},\"primaryImageOfPage\":{\"@id\":\"https:\/\/www.clxonline.com\/es\/producto\/horno-de-microondas-de-conveccion-con-hotblast-32-l\/#primaryimage\"},\"image\":{\"@id\":\"https:\/\/www.clxonline.com\/es\/producto\/horno-de-microondas-de-conveccion-con-hotblast-32-l\/#primaryimage\"},\"thumbnailUrl\":\"https:\/\/www.clxonline.com\/wp-content\/uploads\/2021\/03\/micro-55.jpg\",\"datePublished\":\"2021-03-24T09:08:05+00:00\",\"dateModified\":\"2025-09-27T17:19:03+00:00\",\"breadcrumb\":{\"@id\":\"https:\/\/www.clxonline.com\/es\/producto\/horno-de-microondas-de-conveccion-con-hotblast-32-l\/#breadcrumb\"},\"inLanguage\":\"es\",\"potentialAction\":[{\"@type\":\"ReadAction\",\"target\":[\"https:\/\/www.clxonline.com\/es\/producto\/horno-de-microondas-de-conveccion-con-hotblast-32-l\/\"]}]},{\"@type\":\"ImageObject\",\"inLanguage\":\"es\",\"@id\":\"https:\/\/www.clxonline.com\/es\/producto\/horno-de-microondas-de-conveccion-con-hotblast-32-l\/#primaryimage\",\"url\":\"https:\/\/www.clxonline.com\/wp-content\/uploads\/2021\/03\/micro-55.jpg\",\"contentUrl\":\"https:\/\/www.clxonline.com\/wp-content\/uploads\/2021\/03\/micro-55.jpg\",\"width\":1000,\"height\":1000},{\"@type\":\"BreadcrumbList\",\"@id\":\"https:\/\/www.clxonline.com\/es\/producto\/horno-de-microondas-de-conveccion-con-hotblast-32-l\/#breadcrumb\",\"itemListElement\":[{\"@type\":\"ListItem\",\"position\":1,\"name\":\"Home\",\"item\":\"https:\/\/www.clxonline.com\/\"},{\"@type\":\"ListItem\",\"position\":2,\"name\":\"Shop\",\"item\":\"https:\/\/www.clxonline.com\/shop\/\"},{\"@type\":\"ListItem\",\"position\":3,\"name\":\"Horno de Microondas de convecci\u00f3n con Hotblast\u2122, 32 L\"}]},{\"@type\":\"WebSite\",\"@id\":\"https:\/\/www.clxonline.com\/es\/#website\",\"url\":\"https:\/\/www.clxonline.com\/es\/\",\"name\":\"CLX Online\",\"description\":\"Offical Partner\",\"potentialAction\":[{\"@type\":\"SearchAction\",\"target\":{\"@type\":\"EntryPoint\",\"urlTemplate\":\"https:\/\/www.clxonline.com\/es\/?s={search_term_string}\"},\"query-input\":{\"@type\":\"PropertyValueSpecification\",\"valueRequired\":true,\"valueName\":\"search_term_string\"}}],\"inLanguage\":\"es\"}]}<\/script>\n<!-- \/ Yoast SEO Premium plugin. -->","yoast_head_json":{"title":"Horno de Microondas de convecci\u00f3n con Hotblast\u2122, 32 L - CLX Online","robots":{"index":"index","follow":"follow","max-snippet":"max-snippet:-1","max-image-preview":"max-image-preview:large","max-video-preview":"max-video-preview:-1"},"canonical":"https:\/\/www.clxonline.com\/es\/producto\/horno-de-microondas-de-conveccion-con-hotblast-32-l\/","og_locale":"es_ES","og_type":"article","og_title":"Horno de Microondas de convecci\u00f3n con Hotblast\u2122, 32 L","og_description":"Nueva cocci\u00f3n m\u00e1s r\u00e1pida  Grillado m\u00e1s uniforme  M\u00e1s espacio para platos m\u00e1s grandes","og_url":"https:\/\/www.clxonline.com\/es\/producto\/horno-de-microondas-de-conveccion-con-hotblast-32-l\/","og_site_name":"CLX Online","article_modified_time":"2025-09-27T17:19:03+00:00","og_image":[{"width":1000,"height":1000,"url":"https:\/\/www.clxonline.com\/wp-content\/uploads\/2021\/03\/micro-55.jpg","type":"image\/jpeg"}],"twitter_card":"summary_large_image","schema":{"@context":"https:\/\/schema.org","@graph":[{"@type":"WebPage","@id":"https:\/\/www.clxonline.com\/es\/producto\/horno-de-microondas-de-conveccion-con-hotblast-32-l\/","url":"https:\/\/www.clxonline.com\/es\/producto\/horno-de-microondas-de-conveccion-con-hotblast-32-l\/","name":"Horno de Microondas de convecci\u00f3n con Hotblast\u2122, 32 L - CLX Online","isPartOf":{"@id":"https:\/\/www.clxonline.com\/es\/#website"},"primaryImageOfPage":{"@id":"https:\/\/www.clxonline.com\/es\/producto\/horno-de-microondas-de-conveccion-con-hotblast-32-l\/#primaryimage"},"image":{"@id":"https:\/\/www.clxonline.com\/es\/producto\/horno-de-microondas-de-conveccion-con-hotblast-32-l\/#primaryimage"},"thumbnailUrl":"https:\/\/www.clxonline.com\/wp-content\/uploads\/2021\/03\/micro-55.jpg","datePublished":"2021-03-24T09:08:05+00:00","dateModified":"2025-09-27T17:19:03+00:00","breadcrumb":{"@id":"https:\/\/www.clxonline.com\/es\/producto\/horno-de-microondas-de-conveccion-con-hotblast-32-l\/#breadcrumb"},"inLanguage":"es","potentialAction":[{"@type":"ReadAction","target":["https:\/\/www.clxonline.com\/es\/producto\/horno-de-microondas-de-conveccion-con-hotblast-32-l\/"]}]},{"@type":"ImageObject","inLanguage":"es","@id":"https:\/\/www.clxonline.com\/es\/producto\/horno-de-microondas-de-conveccion-con-hotblast-32-l\/#primaryimage","url":"https:\/\/www.clxonline.com\/wp-content\/uploads\/2021\/03\/micro-55.jpg","contentUrl":"https:\/\/www.clxonline.com\/wp-content\/uploads\/2021\/03\/micro-55.jpg","width":1000,"height":1000},{"@type":"BreadcrumbList","@id":"https:\/\/www.clxonline.com\/es\/producto\/horno-de-microondas-de-conveccion-con-hotblast-32-l\/#breadcrumb","itemListElement":[{"@type":"ListItem","position":1,"name":"Home","item":"https:\/\/www.clxonline.com\/"},{"@type":"ListItem","position":2,"name":"Shop","item":"https:\/\/www.clxonline.com\/shop\/"},{"@type":"ListItem","position":3,"name":"Horno de Microondas de convecci\u00f3n con Hotblast\u2122, 32 L"}]},{"@type":"WebSite","@id":"https:\/\/www.clxonline.com\/es\/#website","url":"https:\/\/www.clxonline.com\/es\/","name":"CLX Online","description":"Offical Partner","potentialAction":[{"@type":"SearchAction","target":{"@type":"EntryPoint","urlTemplate":"https:\/\/www.clxonline.com\/es\/?s={search_term_string}"},"query-input":{"@type":"PropertyValueSpecification","valueRequired":true,"valueName":"search_term_string"}}],"inLanguage":"es"}]}},"_links":{"self":[{"href":"https:\/\/www.clxonline.com\/es\/wp-json\/wp\/v2\/product\/484","targetHints":{"allow":["GET"]}}],"collection":[{"href":"https:\/\/www.clxonline.com\/es\/wp-json\/wp\/v2\/product"}],"about":[{"href":"https:\/\/www.clxonline.com\/es\/wp-json\/wp\/v2\/types\/product"}],"replies":[{"embeddable":true,"href":"https:\/\/www.clxonline.com\/es\/wp-json\/wp\/v2\/comments?post=484"}],"wp:featuredmedia":[{"embeddable":true,"href":"https:\/\/www.clxonline.com\/es\/wp-json\/wp\/v2\/media\/2012"}],"wp:attachment":[{"href":"https:\/\/www.clxonline.com\/es\/wp-json\/wp\/v2\/media?parent=484"}],"wp:term":[{"taxonomy":"product_brand","embeddable":true,"href":"https:\/\/www.clxonline.com\/es\/wp-json\/wp\/v2\/product_brand?post=484"},{"taxonomy":"product_cat","embeddable":true,"href":"https:\/\/www.clxonline.com\/es\/wp-json\/wp\/v2\/product_cat?post=484"},{"taxonomy":"product_tag","embeddable":true,"href":"https:\/\/www.clxonline.com\/es\/wp-json\/wp\/v2\/product_tag?post=484"}],"curies":[{"name":"wp","href":"https:\/\/api.w.org\/{rel}","templated":true}]}}