{"id":586,"date":"2021-03-24T07:58:01","date_gmt":"2021-03-24T11:58:01","guid":{"rendered":"https:\/\/www.clxonline.com\/?post_type=product&#038;p=586"},"modified":"2022-05-06T19:12:30","modified_gmt":"2022-05-06T23:12:30","slug":"horno-de-microondas-con-interior-de-ceramica-40-l","status":"publish","type":"product","link":"https:\/\/www.clxonline.com\/es\/producto\/horno-de-microondas-con-interior-de-ceramica-40-l\/","title":{"rendered":"Horno de Microondas con interior de Cer\u00e1mica, 40 L"},"content":{"rendered":"<div class=\"row_left\">\n<div class=\"keynote_small_wide\">\n<div class=\"description_pci\">El recubrimiento de cer\u00e1mica tiene un acabado excepcionalmente liso que permite que la grasa, aceite y todo tipo de comida sea muy f\u00e1cil de limpiar. Material resistente a rayaduras.<\/div>\n<\/div>\n<\/div>\n<p>El microondas Samsung cuenta con la funci\u00f3n Eco Mode. Al seguir conectado y oprimir el bot\u00f3n de la funci\u00f3n Eco Mode, se ahorra hasta 40% de energ\u00eda. Con s\u00f3lo oprimir un bot\u00f3n se ahorra dinero, energ\u00eda y se protege el medio ambiente.<\/p>\n<div id=\"benefit\" class=\"pd-g-feature-benefit aem-GridColumn aem-GridColumn--default--12\">\n<div>\n<div class=\"features-wrapper\" data-version=\"default\">\n<div class=\"mgFeature\">\n<div class=\"keynote_row_group\">\n<div class=\"row_left\">\n<div class=\"keynote_small\">\n<div class=\"text\">\n<div class=\"description_pci\">Nueva capacidad de 1.4 ft\u00b3 con dise\u00f1o espejo. Dise\u00f1o que combina con el resto de tu cocina. Panel touch f\u00e1cil de usar.<\/div>\n<\/div>\n<\/div>\n<\/div>\n<\/div>\n<\/div>\n<\/div>\n<\/div>\n<\/div>\n<p>&nbsp;<\/p>\n","protected":false},"excerpt":{"rendered":"<ul>\n<li><strong>Ahorro de energ\u00eda Eco Mode<\/strong><\/li>\n<li><strong>Ceramic Inside<\/strong><\/li>\n<li><strong>Dise\u00f1o espejo de 1.4 ft\u00b3<\/strong><\/li>\n<\/ul>\n","protected":false},"featured_media":2022,"comment_status":"open","ping_status":"closed","template":"","meta":{"_et_pb_use_builder":"","_et_pb_old_content":"","_et_gb_content_width":""},"product_brand":[],"product_cat":[79,81],"product_tag":[],"class_list":{"0":"post-586","1":"product","2":"type-product","3":"status-publish","4":"has-post-thumbnail","6":"product_cat-linea-blanca","7":"product_cat-microondas","9":"first","10":"instock","11":"shipping-taxable","12":"product-type-simple"},"yoast_head":"<!-- This site is optimized with the Yoast SEO Premium plugin v21.9 (Yoast SEO v27.5) - https:\/\/yoast.com\/product\/yoast-seo-premium-wordpress\/ -->\n<title>Horno de Microondas con interior de Cer\u00e1mica, 40 L - CLX Online<\/title>\n<meta name=\"robots\" content=\"index, follow, max-snippet:-1, max-image-preview:large, max-video-preview:-1\" \/>\n<link rel=\"canonical\" href=\"https:\/\/www.clxonline.com\/es\/producto\/horno-de-microondas-con-interior-de-ceramica-40-l\/\" \/>\n<meta property=\"og:locale\" content=\"es_ES\" \/>\n<meta property=\"og:type\" content=\"article\" \/>\n<meta property=\"og:title\" content=\"Horno de Microondas con interior de Cer\u00e1mica, 40 L\" \/>\n<meta property=\"og:description\" content=\"Ahorro de energ\u00eda Eco Mode  Ceramic Inside  Dise\u00f1o espejo de 1.4 ft\u00b3\" \/>\n<meta property=\"og:url\" content=\"https:\/\/www.clxonline.com\/es\/producto\/horno-de-microondas-con-interior-de-ceramica-40-l\/\" \/>\n<meta property=\"og:site_name\" content=\"CLX Online\" \/>\n<meta property=\"article:modified_time\" content=\"2022-05-06T23:12:30+00:00\" \/>\n<meta property=\"og:image\" content=\"https:\/\/www.clxonline.com\/wp-content\/uploads\/2021\/03\/micro-40l.jpg\" \/>\n\t<meta property=\"og:image:width\" content=\"1000\" \/>\n\t<meta property=\"og:image:height\" content=\"1000\" \/>\n\t<meta property=\"og:image:type\" content=\"image\/jpeg\" \/>\n<meta name=\"twitter:card\" content=\"summary_large_image\" \/>\n<meta name=\"twitter:label1\" content=\"Tiempo de lectura\" \/>\n\t<meta name=\"twitter:data1\" content=\"1 minuto\" \/>\n<script type=\"application\/ld+json\" class=\"yoast-schema-graph\">{\"@context\":\"https:\\\/\\\/schema.org\",\"@graph\":[{\"@type\":\"WebPage\",\"@id\":\"https:\\\/\\\/www.clxonline.com\\\/es\\\/producto\\\/horno-de-microondas-con-interior-de-ceramica-40-l\\\/\",\"url\":\"https:\\\/\\\/www.clxonline.com\\\/es\\\/producto\\\/horno-de-microondas-con-interior-de-ceramica-40-l\\\/\",\"name\":\"Horno de Microondas con interior de Cer\u00e1mica, 40 L - CLX Online\",\"isPartOf\":{\"@id\":\"https:\\\/\\\/www.clxonline.com\\\/es\\\/#website\"},\"primaryImageOfPage\":{\"@id\":\"https:\\\/\\\/www.clxonline.com\\\/es\\\/producto\\\/horno-de-microondas-con-interior-de-ceramica-40-l\\\/#primaryimage\"},\"image\":{\"@id\":\"https:\\\/\\\/www.clxonline.com\\\/es\\\/producto\\\/horno-de-microondas-con-interior-de-ceramica-40-l\\\/#primaryimage\"},\"thumbnailUrl\":\"https:\\\/\\\/www.clxonline.com\\\/wp-content\\\/uploads\\\/2021\\\/03\\\/micro-40l.jpg\",\"datePublished\":\"2021-03-24T11:58:01+00:00\",\"dateModified\":\"2022-05-06T23:12:30+00:00\",\"breadcrumb\":{\"@id\":\"https:\\\/\\\/www.clxonline.com\\\/es\\\/producto\\\/horno-de-microondas-con-interior-de-ceramica-40-l\\\/#breadcrumb\"},\"inLanguage\":\"es\",\"potentialAction\":[{\"@type\":\"ReadAction\",\"target\":[\"https:\\\/\\\/www.clxonline.com\\\/es\\\/producto\\\/horno-de-microondas-con-interior-de-ceramica-40-l\\\/\"]}]},{\"@type\":\"ImageObject\",\"inLanguage\":\"es\",\"@id\":\"https:\\\/\\\/www.clxonline.com\\\/es\\\/producto\\\/horno-de-microondas-con-interior-de-ceramica-40-l\\\/#primaryimage\",\"url\":\"https:\\\/\\\/www.clxonline.com\\\/wp-content\\\/uploads\\\/2021\\\/03\\\/micro-40l.jpg\",\"contentUrl\":\"https:\\\/\\\/www.clxonline.com\\\/wp-content\\\/uploads\\\/2021\\\/03\\\/micro-40l.jpg\",\"width\":1000,\"height\":1000},{\"@type\":\"BreadcrumbList\",\"@id\":\"https:\\\/\\\/www.clxonline.com\\\/es\\\/producto\\\/horno-de-microondas-con-interior-de-ceramica-40-l\\\/#breadcrumb\",\"itemListElement\":[{\"@type\":\"ListItem\",\"position\":1,\"name\":\"Home\",\"item\":\"https:\\\/\\\/www.clxonline.com\\\/\"},{\"@type\":\"ListItem\",\"position\":2,\"name\":\"Shop\",\"item\":\"https:\\\/\\\/www.clxonline.com\\\/shop\\\/\"},{\"@type\":\"ListItem\",\"position\":3,\"name\":\"Horno de Microondas con interior de Cer\u00e1mica, 40 L\"}]},{\"@type\":\"WebSite\",\"@id\":\"https:\\\/\\\/www.clxonline.com\\\/es\\\/#website\",\"url\":\"https:\\\/\\\/www.clxonline.com\\\/es\\\/\",\"name\":\"CLX Online\",\"description\":\"Offical Partner\",\"potentialAction\":[{\"@type\":\"SearchAction\",\"target\":{\"@type\":\"EntryPoint\",\"urlTemplate\":\"https:\\\/\\\/www.clxonline.com\\\/es\\\/?s={search_term_string}\"},\"query-input\":{\"@type\":\"PropertyValueSpecification\",\"valueRequired\":true,\"valueName\":\"search_term_string\"}}],\"inLanguage\":\"es\"}]}<\/script>\n<!-- \/ Yoast SEO Premium plugin. -->","yoast_head_json":{"title":"Horno de Microondas con interior de Cer\u00e1mica, 40 L - CLX Online","robots":{"index":"index","follow":"follow","max-snippet":"max-snippet:-1","max-image-preview":"max-image-preview:large","max-video-preview":"max-video-preview:-1"},"canonical":"https:\/\/www.clxonline.com\/es\/producto\/horno-de-microondas-con-interior-de-ceramica-40-l\/","og_locale":"es_ES","og_type":"article","og_title":"Horno de Microondas con interior de Cer\u00e1mica, 40 L","og_description":"Ahorro de energ\u00eda Eco Mode  Ceramic Inside  Dise\u00f1o espejo de 1.4 ft\u00b3","og_url":"https:\/\/www.clxonline.com\/es\/producto\/horno-de-microondas-con-interior-de-ceramica-40-l\/","og_site_name":"CLX Online","article_modified_time":"2022-05-06T23:12:30+00:00","og_image":[{"width":1000,"height":1000,"url":"https:\/\/www.clxonline.com\/wp-content\/uploads\/2021\/03\/micro-40l.jpg","type":"image\/jpeg"}],"twitter_card":"summary_large_image","twitter_misc":{"Tiempo de lectura":"1 minuto"},"schema":{"@context":"https:\/\/schema.org","@graph":[{"@type":"WebPage","@id":"https:\/\/www.clxonline.com\/es\/producto\/horno-de-microondas-con-interior-de-ceramica-40-l\/","url":"https:\/\/www.clxonline.com\/es\/producto\/horno-de-microondas-con-interior-de-ceramica-40-l\/","name":"Horno de Microondas con interior de Cer\u00e1mica, 40 L - CLX Online","isPartOf":{"@id":"https:\/\/www.clxonline.com\/es\/#website"},"primaryImageOfPage":{"@id":"https:\/\/www.clxonline.com\/es\/producto\/horno-de-microondas-con-interior-de-ceramica-40-l\/#primaryimage"},"image":{"@id":"https:\/\/www.clxonline.com\/es\/producto\/horno-de-microondas-con-interior-de-ceramica-40-l\/#primaryimage"},"thumbnailUrl":"https:\/\/www.clxonline.com\/wp-content\/uploads\/2021\/03\/micro-40l.jpg","datePublished":"2021-03-24T11:58:01+00:00","dateModified":"2022-05-06T23:12:30+00:00","breadcrumb":{"@id":"https:\/\/www.clxonline.com\/es\/producto\/horno-de-microondas-con-interior-de-ceramica-40-l\/#breadcrumb"},"inLanguage":"es","potentialAction":[{"@type":"ReadAction","target":["https:\/\/www.clxonline.com\/es\/producto\/horno-de-microondas-con-interior-de-ceramica-40-l\/"]}]},{"@type":"ImageObject","inLanguage":"es","@id":"https:\/\/www.clxonline.com\/es\/producto\/horno-de-microondas-con-interior-de-ceramica-40-l\/#primaryimage","url":"https:\/\/www.clxonline.com\/wp-content\/uploads\/2021\/03\/micro-40l.jpg","contentUrl":"https:\/\/www.clxonline.com\/wp-content\/uploads\/2021\/03\/micro-40l.jpg","width":1000,"height":1000},{"@type":"BreadcrumbList","@id":"https:\/\/www.clxonline.com\/es\/producto\/horno-de-microondas-con-interior-de-ceramica-40-l\/#breadcrumb","itemListElement":[{"@type":"ListItem","position":1,"name":"Home","item":"https:\/\/www.clxonline.com\/"},{"@type":"ListItem","position":2,"name":"Shop","item":"https:\/\/www.clxonline.com\/shop\/"},{"@type":"ListItem","position":3,"name":"Horno de Microondas con interior de Cer\u00e1mica, 40 L"}]},{"@type":"WebSite","@id":"https:\/\/www.clxonline.com\/es\/#website","url":"https:\/\/www.clxonline.com\/es\/","name":"CLX Online","description":"Offical Partner","potentialAction":[{"@type":"SearchAction","target":{"@type":"EntryPoint","urlTemplate":"https:\/\/www.clxonline.com\/es\/?s={search_term_string}"},"query-input":{"@type":"PropertyValueSpecification","valueRequired":true,"valueName":"search_term_string"}}],"inLanguage":"es"}]}},"_links":{"self":[{"href":"https:\/\/www.clxonline.com\/es\/wp-json\/wp\/v2\/product\/586","targetHints":{"allow":["GET"]}}],"collection":[{"href":"https:\/\/www.clxonline.com\/es\/wp-json\/wp\/v2\/product"}],"about":[{"href":"https:\/\/www.clxonline.com\/es\/wp-json\/wp\/v2\/types\/product"}],"replies":[{"embeddable":true,"href":"https:\/\/www.clxonline.com\/es\/wp-json\/wp\/v2\/comments?post=586"}],"wp:featuredmedia":[{"embeddable":true,"href":"https:\/\/www.clxonline.com\/es\/wp-json\/wp\/v2\/media\/2022"}],"wp:attachment":[{"href":"https:\/\/www.clxonline.com\/es\/wp-json\/wp\/v2\/media?parent=586"}],"wp:term":[{"taxonomy":"product_brand","embeddable":true,"href":"https:\/\/www.clxonline.com\/es\/wp-json\/wp\/v2\/product_brand?post=586"},{"taxonomy":"product_cat","embeddable":true,"href":"https:\/\/www.clxonline.com\/es\/wp-json\/wp\/v2\/product_cat?post=586"},{"taxonomy":"product_tag","embeddable":true,"href":"https:\/\/www.clxonline.com\/es\/wp-json\/wp\/v2\/product_tag?post=586"}],"curies":[{"name":"wp","href":"https:\/\/api.w.org\/{rel}","templated":true}]}}