{"id":646,"date":"2021-03-24T08:06:14","date_gmt":"2021-03-24T12:06:14","guid":{"rendered":"https:\/\/www.clxonline.com\/?post_type=product&#038;p=646"},"modified":"2024-10-24T17:14:20","modified_gmt":"2024-10-24T21:14:20","slug":"lavadora-carga-superior-con-tecnologia-wobble-19-kg","status":"publish","type":"product","link":"https:\/\/www.clxonline.com\/es\/producto\/lavadora-carga-superior-con-tecnologia-wobble-19-kg\/","title":{"rendered":"Lavadora carga superior con tecnolog\u00eda Wobble, 19 Kg"},"content":{"rendered":"<div class=\"feature-benefit__text-wrap\">\n<div class=\"feature-benefit__text\">\n<div class=\"feature-benefit__desc-wrap\">\n<p class=\"feature-benefit__desc contrast-target\" data-font-size-mo=\"12\" data-font-size-pc=\"18\">Evita que tus prendas se enreden y da\u00f1en. La tecnolog\u00eda Wobble brinda un cuidado delicado de telas. Sus pulsadores Wobble crean un movimiento de agua din\u00e1mico y multidireccional que evita enredos y nudos. Tambi\u00e9n limpia tus prendas por completo con menos da\u00f1os por fricci\u00f3n y menos agua.<\/p>\n<\/div>\n<\/div>\n<\/div>\n<div class=\"feature-benefit__img-wrap\">\n<div class=\"image image--dyn-height image--main-loaded\"><\/div>\n<\/div>\n","protected":false},"excerpt":{"rendered":"<ul>\n<li class=\"dot-list__item\"><strong><span class=\"usp-text\">Cuidado delicado de prendas<\/span><\/strong><\/li>\n<li class=\"dot-list__item\"><strong><span class=\"usp-text\">Filtraci\u00f3n potente<\/span><\/strong><\/li>\n<li class=\"dot-list__item\"><strong><span class=\"usp-text\">Controles m\u00e1s f\u00e1ciles y seguros<\/span><\/strong><\/li>\n<\/ul>\n","protected":false},"featured_media":647,"comment_status":"open","ping_status":"closed","template":"","meta":{"_et_pb_use_builder":"","_et_pb_old_content":"","_et_gb_content_width":""},"product_brand":[],"product_cat":[80,79],"product_tag":[],"class_list":{"0":"post-646","1":"product","2":"type-product","3":"status-publish","4":"has-post-thumbnail","6":"product_cat-lavadoras-y-secadoras","7":"product_cat-linea-blanca","9":"first","10":"instock","11":"shipping-taxable","12":"product-type-simple"},"yoast_head":"<!-- This site is optimized with the Yoast SEO Premium plugin v21.9 (Yoast SEO v27.2) - https:\/\/yoast.com\/product\/yoast-seo-premium-wordpress\/ -->\n<title>Lavadora carga superior con tecnolog\u00eda Wobble, 19 Kg - CLX Online<\/title>\n<meta name=\"robots\" content=\"index, follow, max-snippet:-1, max-image-preview:large, max-video-preview:-1\" \/>\n<link rel=\"canonical\" href=\"https:\/\/www.clxonline.com\/es\/producto\/lavadora-carga-superior-con-tecnologia-wobble-19-kg\/\" \/>\n<meta property=\"og:locale\" content=\"es_ES\" \/>\n<meta property=\"og:type\" content=\"article\" \/>\n<meta property=\"og:title\" content=\"Lavadora carga superior con tecnolog\u00eda Wobble, 19 Kg\" \/>\n<meta property=\"og:description\" content=\"Cuidado delicado de prendas  Filtraci\u00f3n potente  Controles m\u00e1s f\u00e1ciles y seguros\" \/>\n<meta property=\"og:url\" content=\"https:\/\/www.clxonline.com\/es\/producto\/lavadora-carga-superior-con-tecnologia-wobble-19-kg\/\" \/>\n<meta property=\"og:site_name\" content=\"CLX Online\" \/>\n<meta property=\"article:modified_time\" content=\"2024-10-24T21:14:20+00:00\" \/>\n<meta property=\"og:image\" content=\"https:\/\/www.clxonline.com\/wp-content\/uploads\/2021\/03\/latin-top-loader-wa19r7g4uww-wa19r7g4uww-ap-frontwhite-159327220.jpg\" \/>\n\t<meta property=\"og:image:width\" content=\"684\" \/>\n\t<meta property=\"og:image:height\" content=\"547\" \/>\n\t<meta property=\"og:image:type\" content=\"image\/jpeg\" \/>\n<meta name=\"twitter:card\" content=\"summary_large_image\" \/>\n<script type=\"application\/ld+json\" class=\"yoast-schema-graph\">{\"@context\":\"https:\/\/schema.org\",\"@graph\":[{\"@type\":\"WebPage\",\"@id\":\"https:\/\/www.clxonline.com\/es\/producto\/lavadora-carga-superior-con-tecnologia-wobble-19-kg\/\",\"url\":\"https:\/\/www.clxonline.com\/es\/producto\/lavadora-carga-superior-con-tecnologia-wobble-19-kg\/\",\"name\":\"Lavadora carga superior con tecnolog\u00eda Wobble, 19 Kg - CLX Online\",\"isPartOf\":{\"@id\":\"https:\/\/www.clxonline.com\/es\/#website\"},\"primaryImageOfPage\":{\"@id\":\"https:\/\/www.clxonline.com\/es\/producto\/lavadora-carga-superior-con-tecnologia-wobble-19-kg\/#primaryimage\"},\"image\":{\"@id\":\"https:\/\/www.clxonline.com\/es\/producto\/lavadora-carga-superior-con-tecnologia-wobble-19-kg\/#primaryimage\"},\"thumbnailUrl\":\"https:\/\/www.clxonline.com\/wp-content\/uploads\/2021\/03\/latin-top-loader-wa19r7g4uww-wa19r7g4uww-ap-frontwhite-159327220.jpg\",\"datePublished\":\"2021-03-24T12:06:14+00:00\",\"dateModified\":\"2024-10-24T21:14:20+00:00\",\"breadcrumb\":{\"@id\":\"https:\/\/www.clxonline.com\/es\/producto\/lavadora-carga-superior-con-tecnologia-wobble-19-kg\/#breadcrumb\"},\"inLanguage\":\"es\",\"potentialAction\":[{\"@type\":\"ReadAction\",\"target\":[\"https:\/\/www.clxonline.com\/es\/producto\/lavadora-carga-superior-con-tecnologia-wobble-19-kg\/\"]}]},{\"@type\":\"ImageObject\",\"inLanguage\":\"es\",\"@id\":\"https:\/\/www.clxonline.com\/es\/producto\/lavadora-carga-superior-con-tecnologia-wobble-19-kg\/#primaryimage\",\"url\":\"https:\/\/www.clxonline.com\/wp-content\/uploads\/2021\/03\/latin-top-loader-wa19r7g4uww-wa19r7g4uww-ap-frontwhite-159327220.jpg\",\"contentUrl\":\"https:\/\/www.clxonline.com\/wp-content\/uploads\/2021\/03\/latin-top-loader-wa19r7g4uww-wa19r7g4uww-ap-frontwhite-159327220.jpg\",\"width\":684,\"height\":547},{\"@type\":\"BreadcrumbList\",\"@id\":\"https:\/\/www.clxonline.com\/es\/producto\/lavadora-carga-superior-con-tecnologia-wobble-19-kg\/#breadcrumb\",\"itemListElement\":[{\"@type\":\"ListItem\",\"position\":1,\"name\":\"Home\",\"item\":\"https:\/\/www.clxonline.com\/\"},{\"@type\":\"ListItem\",\"position\":2,\"name\":\"Shop\",\"item\":\"https:\/\/www.clxonline.com\/shop\/\"},{\"@type\":\"ListItem\",\"position\":3,\"name\":\"Lavadora carga superior con tecnolog\u00eda Wobble, 19 Kg\"}]},{\"@type\":\"WebSite\",\"@id\":\"https:\/\/www.clxonline.com\/es\/#website\",\"url\":\"https:\/\/www.clxonline.com\/es\/\",\"name\":\"CLX Online\",\"description\":\"Offical Partner\",\"potentialAction\":[{\"@type\":\"SearchAction\",\"target\":{\"@type\":\"EntryPoint\",\"urlTemplate\":\"https:\/\/www.clxonline.com\/es\/?s={search_term_string}\"},\"query-input\":{\"@type\":\"PropertyValueSpecification\",\"valueRequired\":true,\"valueName\":\"search_term_string\"}}],\"inLanguage\":\"es\"}]}<\/script>\n<!-- \/ Yoast SEO Premium plugin. -->","yoast_head_json":{"title":"Lavadora carga superior con tecnolog\u00eda Wobble, 19 Kg - CLX Online","robots":{"index":"index","follow":"follow","max-snippet":"max-snippet:-1","max-image-preview":"max-image-preview:large","max-video-preview":"max-video-preview:-1"},"canonical":"https:\/\/www.clxonline.com\/es\/producto\/lavadora-carga-superior-con-tecnologia-wobble-19-kg\/","og_locale":"es_ES","og_type":"article","og_title":"Lavadora carga superior con tecnolog\u00eda Wobble, 19 Kg","og_description":"Cuidado delicado de prendas  Filtraci\u00f3n potente  Controles m\u00e1s f\u00e1ciles y seguros","og_url":"https:\/\/www.clxonline.com\/es\/producto\/lavadora-carga-superior-con-tecnologia-wobble-19-kg\/","og_site_name":"CLX Online","article_modified_time":"2024-10-24T21:14:20+00:00","og_image":[{"width":684,"height":547,"url":"https:\/\/www.clxonline.com\/wp-content\/uploads\/2021\/03\/latin-top-loader-wa19r7g4uww-wa19r7g4uww-ap-frontwhite-159327220.jpg","type":"image\/jpeg"}],"twitter_card":"summary_large_image","schema":{"@context":"https:\/\/schema.org","@graph":[{"@type":"WebPage","@id":"https:\/\/www.clxonline.com\/es\/producto\/lavadora-carga-superior-con-tecnologia-wobble-19-kg\/","url":"https:\/\/www.clxonline.com\/es\/producto\/lavadora-carga-superior-con-tecnologia-wobble-19-kg\/","name":"Lavadora carga superior con tecnolog\u00eda Wobble, 19 Kg - CLX Online","isPartOf":{"@id":"https:\/\/www.clxonline.com\/es\/#website"},"primaryImageOfPage":{"@id":"https:\/\/www.clxonline.com\/es\/producto\/lavadora-carga-superior-con-tecnologia-wobble-19-kg\/#primaryimage"},"image":{"@id":"https:\/\/www.clxonline.com\/es\/producto\/lavadora-carga-superior-con-tecnologia-wobble-19-kg\/#primaryimage"},"thumbnailUrl":"https:\/\/www.clxonline.com\/wp-content\/uploads\/2021\/03\/latin-top-loader-wa19r7g4uww-wa19r7g4uww-ap-frontwhite-159327220.jpg","datePublished":"2021-03-24T12:06:14+00:00","dateModified":"2024-10-24T21:14:20+00:00","breadcrumb":{"@id":"https:\/\/www.clxonline.com\/es\/producto\/lavadora-carga-superior-con-tecnologia-wobble-19-kg\/#breadcrumb"},"inLanguage":"es","potentialAction":[{"@type":"ReadAction","target":["https:\/\/www.clxonline.com\/es\/producto\/lavadora-carga-superior-con-tecnologia-wobble-19-kg\/"]}]},{"@type":"ImageObject","inLanguage":"es","@id":"https:\/\/www.clxonline.com\/es\/producto\/lavadora-carga-superior-con-tecnologia-wobble-19-kg\/#primaryimage","url":"https:\/\/www.clxonline.com\/wp-content\/uploads\/2021\/03\/latin-top-loader-wa19r7g4uww-wa19r7g4uww-ap-frontwhite-159327220.jpg","contentUrl":"https:\/\/www.clxonline.com\/wp-content\/uploads\/2021\/03\/latin-top-loader-wa19r7g4uww-wa19r7g4uww-ap-frontwhite-159327220.jpg","width":684,"height":547},{"@type":"BreadcrumbList","@id":"https:\/\/www.clxonline.com\/es\/producto\/lavadora-carga-superior-con-tecnologia-wobble-19-kg\/#breadcrumb","itemListElement":[{"@type":"ListItem","position":1,"name":"Home","item":"https:\/\/www.clxonline.com\/"},{"@type":"ListItem","position":2,"name":"Shop","item":"https:\/\/www.clxonline.com\/shop\/"},{"@type":"ListItem","position":3,"name":"Lavadora carga superior con tecnolog\u00eda Wobble, 19 Kg"}]},{"@type":"WebSite","@id":"https:\/\/www.clxonline.com\/es\/#website","url":"https:\/\/www.clxonline.com\/es\/","name":"CLX Online","description":"Offical Partner","potentialAction":[{"@type":"SearchAction","target":{"@type":"EntryPoint","urlTemplate":"https:\/\/www.clxonline.com\/es\/?s={search_term_string}"},"query-input":{"@type":"PropertyValueSpecification","valueRequired":true,"valueName":"search_term_string"}}],"inLanguage":"es"}]}},"_links":{"self":[{"href":"https:\/\/www.clxonline.com\/es\/wp-json\/wp\/v2\/product\/646","targetHints":{"allow":["GET"]}}],"collection":[{"href":"https:\/\/www.clxonline.com\/es\/wp-json\/wp\/v2\/product"}],"about":[{"href":"https:\/\/www.clxonline.com\/es\/wp-json\/wp\/v2\/types\/product"}],"replies":[{"embeddable":true,"href":"https:\/\/www.clxonline.com\/es\/wp-json\/wp\/v2\/comments?post=646"}],"wp:featuredmedia":[{"embeddable":true,"href":"https:\/\/www.clxonline.com\/es\/wp-json\/wp\/v2\/media\/647"}],"wp:attachment":[{"href":"https:\/\/www.clxonline.com\/es\/wp-json\/wp\/v2\/media?parent=646"}],"wp:term":[{"taxonomy":"product_brand","embeddable":true,"href":"https:\/\/www.clxonline.com\/es\/wp-json\/wp\/v2\/product_brand?post=646"},{"taxonomy":"product_cat","embeddable":true,"href":"https:\/\/www.clxonline.com\/es\/wp-json\/wp\/v2\/product_cat?post=646"},{"taxonomy":"product_tag","embeddable":true,"href":"https:\/\/www.clxonline.com\/es\/wp-json\/wp\/v2\/product_tag?post=646"}],"curies":[{"name":"wp","href":"https:\/\/api.w.org\/{rel}","templated":true}]}}