{"id":82,"date":"2020-06-03T01:25:12","date_gmt":"2020-06-03T05:25:12","guid":{"rendered":"https:\/\/clx.artechdigital.net\/?post_type=product&#038;p=82"},"modified":"2022-05-06T19:16:37","modified_gmt":"2022-05-06T23:16:37","slug":"samsung-galaxy-a11","status":"publish","type":"product","link":"https:\/\/www.clxonline.com\/es\/producto\/samsung-galaxy-a11\/","title":{"rendered":"Samsung Galaxy A11"},"content":{"rendered":"<div class=\"wpb_text_column wpb_content_element \">\n<div class=\"wpb_wrapper\">\n<p>El\u00a0<a href=\"https:\/\/www.samsung.com\/latin\">Galaxy<\/a>\u00a0A11 te ayuda a ser el centro de atenci\u00f3n y destacarte entre la multitud con un aspecto muy elegante que te har\u00e1 combinar con tu estilo. Con unas curvas suaves que se sienten como si estuviesen hechas para tu mano. En\u00a0<a href=\"https:\/\/clxlatin.com\/clx-samsung-tiendas\/\">nuestras tiendas<\/a>\u00a0CLX podr\u00e1s adquirirlos.<\/p>\n<\/div>\n<\/div>\n","protected":false},"excerpt":{"rendered":"<ul>\n<li><b>Una pantalla grande para tener una visi\u00f3n mas amplia<\/b><\/li>\n<li><b>Un color muy elegante que te atraer\u00e1 las miradas<\/b><\/li>\n<li><b>Triple c\u00e1mara para no perderte ni un solo momento<\/b><\/li>\n<\/ul>\n","protected":false},"featured_media":87,"comment_status":"open","ping_status":"closed","template":"","meta":{"_et_pb_use_builder":"","_et_pb_old_content":"","_et_gb_content_width":""},"product_brand":[],"product_cat":[18],"product_tag":[22,21,20,23],"class_list":{"0":"post-82","1":"product","2":"type-product","3":"status-publish","4":"has-post-thumbnail","6":"product_cat-celulares","7":"product_tag-clx-online","8":"product_tag-clx-samsung","9":"product_tag-samsung","10":"product_tag-samsung-galaxy-a11","12":"first","13":"instock","14":"shipping-taxable","15":"product-type-simple"},"yoast_head":"<!-- This site is optimized with the Yoast SEO Premium plugin v21.9 (Yoast SEO v27.5) - https:\/\/yoast.com\/product\/yoast-seo-premium-wordpress\/ -->\n<title>Samsung Galaxy A11 - CLX Online<\/title>\n<meta name=\"robots\" content=\"index, follow, max-snippet:-1, max-image-preview:large, max-video-preview:-1\" \/>\n<link rel=\"canonical\" href=\"https:\/\/www.clxonline.com\/es\/producto\/samsung-galaxy-a11\/\" \/>\n<meta property=\"og:locale\" content=\"es_ES\" \/>\n<meta property=\"og:type\" content=\"article\" \/>\n<meta property=\"og:title\" content=\"Samsung Galaxy A11\" \/>\n<meta property=\"og:description\" content=\"Una pantalla grande para tener una visi\u00f3n mas amplia  Un color muy elegante que te atraer\u00e1 las miradas  Triple c\u00e1mara para no perderte ni un solo momento\" \/>\n<meta property=\"og:url\" content=\"https:\/\/www.clxonline.com\/es\/producto\/samsung-galaxy-a11\/\" \/>\n<meta property=\"og:site_name\" content=\"CLX Online\" \/>\n<meta property=\"article:modified_time\" content=\"2022-05-06T23:16:37+00:00\" \/>\n<meta property=\"og:image\" content=\"https:\/\/www.clxonline.com\/wp-content\/uploads\/2020\/06\/Samsumg-a-11-1.jpg\" \/>\n\t<meta property=\"og:image:width\" content=\"1000\" \/>\n\t<meta property=\"og:image:height\" content=\"1000\" \/>\n\t<meta property=\"og:image:type\" content=\"image\/jpeg\" \/>\n<meta name=\"twitter:card\" content=\"summary_large_image\" \/>\n<script type=\"application\/ld+json\" class=\"yoast-schema-graph\">{\"@context\":\"https:\\\/\\\/schema.org\",\"@graph\":[{\"@type\":\"WebPage\",\"@id\":\"https:\\\/\\\/www.clxonline.com\\\/es\\\/producto\\\/samsung-galaxy-a11\\\/\",\"url\":\"https:\\\/\\\/www.clxonline.com\\\/es\\\/producto\\\/samsung-galaxy-a11\\\/\",\"name\":\"Samsung Galaxy A11 - CLX Online\",\"isPartOf\":{\"@id\":\"https:\\\/\\\/www.clxonline.com\\\/es\\\/#website\"},\"primaryImageOfPage\":{\"@id\":\"https:\\\/\\\/www.clxonline.com\\\/es\\\/producto\\\/samsung-galaxy-a11\\\/#primaryimage\"},\"image\":{\"@id\":\"https:\\\/\\\/www.clxonline.com\\\/es\\\/producto\\\/samsung-galaxy-a11\\\/#primaryimage\"},\"thumbnailUrl\":\"https:\\\/\\\/www.clxonline.com\\\/wp-content\\\/uploads\\\/2020\\\/06\\\/Samsumg-a-11-1.jpg\",\"datePublished\":\"2020-06-03T05:25:12+00:00\",\"dateModified\":\"2022-05-06T23:16:37+00:00\",\"breadcrumb\":{\"@id\":\"https:\\\/\\\/www.clxonline.com\\\/es\\\/producto\\\/samsung-galaxy-a11\\\/#breadcrumb\"},\"inLanguage\":\"es\",\"potentialAction\":[{\"@type\":\"ReadAction\",\"target\":[\"https:\\\/\\\/www.clxonline.com\\\/es\\\/producto\\\/samsung-galaxy-a11\\\/\"]}]},{\"@type\":\"ImageObject\",\"inLanguage\":\"es\",\"@id\":\"https:\\\/\\\/www.clxonline.com\\\/es\\\/producto\\\/samsung-galaxy-a11\\\/#primaryimage\",\"url\":\"https:\\\/\\\/www.clxonline.com\\\/wp-content\\\/uploads\\\/2020\\\/06\\\/Samsumg-a-11-1.jpg\",\"contentUrl\":\"https:\\\/\\\/www.clxonline.com\\\/wp-content\\\/uploads\\\/2020\\\/06\\\/Samsumg-a-11-1.jpg\",\"width\":1000,\"height\":1000},{\"@type\":\"BreadcrumbList\",\"@id\":\"https:\\\/\\\/www.clxonline.com\\\/es\\\/producto\\\/samsung-galaxy-a11\\\/#breadcrumb\",\"itemListElement\":[{\"@type\":\"ListItem\",\"position\":1,\"name\":\"Home\",\"item\":\"https:\\\/\\\/www.clxonline.com\\\/\"},{\"@type\":\"ListItem\",\"position\":2,\"name\":\"Shop\",\"item\":\"https:\\\/\\\/www.clxonline.com\\\/shop\\\/\"},{\"@type\":\"ListItem\",\"position\":3,\"name\":\"Samsung Galaxy A11\"}]},{\"@type\":\"WebSite\",\"@id\":\"https:\\\/\\\/www.clxonline.com\\\/es\\\/#website\",\"url\":\"https:\\\/\\\/www.clxonline.com\\\/es\\\/\",\"name\":\"CLX Online\",\"description\":\"Offical Partner\",\"potentialAction\":[{\"@type\":\"SearchAction\",\"target\":{\"@type\":\"EntryPoint\",\"urlTemplate\":\"https:\\\/\\\/www.clxonline.com\\\/es\\\/?s={search_term_string}\"},\"query-input\":{\"@type\":\"PropertyValueSpecification\",\"valueRequired\":true,\"valueName\":\"search_term_string\"}}],\"inLanguage\":\"es\"}]}<\/script>\n<!-- \/ Yoast SEO Premium plugin. -->","yoast_head_json":{"title":"Samsung Galaxy A11 - CLX Online","robots":{"index":"index","follow":"follow","max-snippet":"max-snippet:-1","max-image-preview":"max-image-preview:large","max-video-preview":"max-video-preview:-1"},"canonical":"https:\/\/www.clxonline.com\/es\/producto\/samsung-galaxy-a11\/","og_locale":"es_ES","og_type":"article","og_title":"Samsung Galaxy A11","og_description":"Una pantalla grande para tener una visi\u00f3n mas amplia  Un color muy elegante que te atraer\u00e1 las miradas  Triple c\u00e1mara para no perderte ni un solo momento","og_url":"https:\/\/www.clxonline.com\/es\/producto\/samsung-galaxy-a11\/","og_site_name":"CLX Online","article_modified_time":"2022-05-06T23:16:37+00:00","og_image":[{"width":1000,"height":1000,"url":"https:\/\/www.clxonline.com\/wp-content\/uploads\/2020\/06\/Samsumg-a-11-1.jpg","type":"image\/jpeg"}],"twitter_card":"summary_large_image","schema":{"@context":"https:\/\/schema.org","@graph":[{"@type":"WebPage","@id":"https:\/\/www.clxonline.com\/es\/producto\/samsung-galaxy-a11\/","url":"https:\/\/www.clxonline.com\/es\/producto\/samsung-galaxy-a11\/","name":"Samsung Galaxy A11 - CLX Online","isPartOf":{"@id":"https:\/\/www.clxonline.com\/es\/#website"},"primaryImageOfPage":{"@id":"https:\/\/www.clxonline.com\/es\/producto\/samsung-galaxy-a11\/#primaryimage"},"image":{"@id":"https:\/\/www.clxonline.com\/es\/producto\/samsung-galaxy-a11\/#primaryimage"},"thumbnailUrl":"https:\/\/www.clxonline.com\/wp-content\/uploads\/2020\/06\/Samsumg-a-11-1.jpg","datePublished":"2020-06-03T05:25:12+00:00","dateModified":"2022-05-06T23:16:37+00:00","breadcrumb":{"@id":"https:\/\/www.clxonline.com\/es\/producto\/samsung-galaxy-a11\/#breadcrumb"},"inLanguage":"es","potentialAction":[{"@type":"ReadAction","target":["https:\/\/www.clxonline.com\/es\/producto\/samsung-galaxy-a11\/"]}]},{"@type":"ImageObject","inLanguage":"es","@id":"https:\/\/www.clxonline.com\/es\/producto\/samsung-galaxy-a11\/#primaryimage","url":"https:\/\/www.clxonline.com\/wp-content\/uploads\/2020\/06\/Samsumg-a-11-1.jpg","contentUrl":"https:\/\/www.clxonline.com\/wp-content\/uploads\/2020\/06\/Samsumg-a-11-1.jpg","width":1000,"height":1000},{"@type":"BreadcrumbList","@id":"https:\/\/www.clxonline.com\/es\/producto\/samsung-galaxy-a11\/#breadcrumb","itemListElement":[{"@type":"ListItem","position":1,"name":"Home","item":"https:\/\/www.clxonline.com\/"},{"@type":"ListItem","position":2,"name":"Shop","item":"https:\/\/www.clxonline.com\/shop\/"},{"@type":"ListItem","position":3,"name":"Samsung Galaxy A11"}]},{"@type":"WebSite","@id":"https:\/\/www.clxonline.com\/es\/#website","url":"https:\/\/www.clxonline.com\/es\/","name":"CLX Online","description":"Offical Partner","potentialAction":[{"@type":"SearchAction","target":{"@type":"EntryPoint","urlTemplate":"https:\/\/www.clxonline.com\/es\/?s={search_term_string}"},"query-input":{"@type":"PropertyValueSpecification","valueRequired":true,"valueName":"search_term_string"}}],"inLanguage":"es"}]}},"_links":{"self":[{"href":"https:\/\/www.clxonline.com\/es\/wp-json\/wp\/v2\/product\/82","targetHints":{"allow":["GET"]}}],"collection":[{"href":"https:\/\/www.clxonline.com\/es\/wp-json\/wp\/v2\/product"}],"about":[{"href":"https:\/\/www.clxonline.com\/es\/wp-json\/wp\/v2\/types\/product"}],"replies":[{"embeddable":true,"href":"https:\/\/www.clxonline.com\/es\/wp-json\/wp\/v2\/comments?post=82"}],"wp:featuredmedia":[{"embeddable":true,"href":"https:\/\/www.clxonline.com\/es\/wp-json\/wp\/v2\/media\/87"}],"wp:attachment":[{"href":"https:\/\/www.clxonline.com\/es\/wp-json\/wp\/v2\/media?parent=82"}],"wp:term":[{"taxonomy":"product_brand","embeddable":true,"href":"https:\/\/www.clxonline.com\/es\/wp-json\/wp\/v2\/product_brand?post=82"},{"taxonomy":"product_cat","embeddable":true,"href":"https:\/\/www.clxonline.com\/es\/wp-json\/wp\/v2\/product_cat?post=82"},{"taxonomy":"product_tag","embeddable":true,"href":"https:\/\/www.clxonline.com\/es\/wp-json\/wp\/v2\/product_tag?post=82"}],"curies":[{"name":"wp","href":"https:\/\/api.w.org\/{rel}","templated":true}]}}