{"id":952,"date":"2021-03-25T13:05:46","date_gmt":"2021-03-25T17:05:46","guid":{"rendered":"https:\/\/www.clxonline.com\/?post_type=product&#038;p=952"},"modified":"2024-04-20T01:00:46","modified_gmt":"2024-04-20T05:00:46","slug":"secadora-electrica-smart-check-y-sensor-dry-20-kg","status":"publish","type":"product","link":"https:\/\/www.clxonline.com\/es\/producto\/secadora-electrica-smart-check-y-sensor-dry-20-kg\/","title":{"rendered":"Secadora electrica Smart Check y Sensor DRY, 20 Kg"},"content":{"rendered":"<div class=\"feature-benefit__text-wrap\">\n<div class=\"feature-benefit__text\">\n<div class=\"feature-benefit__desc-wrap\">\n<p class=\"feature-benefit__desc contrast-target\" data-font-size-mo=\"12\" data-font-size-pc=\"18\">Aseg\u00farate de que tu ropa est\u00e9 adecuadamente seca sin comprobarlo constantemente. La funci\u00f3n Sensor Dry optimiza autom\u00e1ticamente el tiempo y la temperatura del ciclo de secado. Por lo tanto, la ropa siempre queda completamente seca, sin da\u00f1arse. Los sensores de humedad evitan que el calor da\u00f1e la ropa y el uso excesivo de energ\u00eda.<\/p>\n<\/div>\n<\/div>\n<\/div>\n","protected":false},"excerpt":{"rendered":"<ul class=\"dot-list\">\n<li class=\"dot-list__item\"><strong><span class=\"usp-text\">Seca la ropa a la perfecci\u00f3n<\/span><\/strong><\/li>\n<li class=\"dot-list__item\"><strong><span class=\"usp-text\">Seca m\u00e1s prendas en un ciclo<\/span><\/strong><\/li>\n<li class=\"dot-list__item\"><strong><span class=\"usp-text\">Soluciones f\u00e1ciles<\/span><\/strong><\/li>\n<\/ul>\n","protected":false},"featured_media":953,"comment_status":"open","ping_status":"closed","template":"","meta":{"_et_pb_use_builder":"","_et_pb_old_content":"","_et_gb_content_width":""},"product_brand":[],"product_cat":[80,79],"product_tag":[],"class_list":{"0":"post-952","1":"product","2":"type-product","3":"status-publish","4":"has-post-thumbnail","6":"product_cat-lavadoras-y-secadoras","7":"product_cat-linea-blanca","9":"first","10":"instock","11":"shipping-taxable","12":"product-type-simple"},"yoast_head":"<!-- This site is optimized with the Yoast SEO Premium plugin v21.9 (Yoast SEO v27.2) - https:\/\/yoast.com\/product\/yoast-seo-premium-wordpress\/ -->\n<title>Secadora electrica Smart Check y Sensor DRY, 20 Kg - CLX Online<\/title>\n<meta name=\"robots\" content=\"index, follow, max-snippet:-1, max-image-preview:large, max-video-preview:-1\" \/>\n<link rel=\"canonical\" href=\"https:\/\/www.clxonline.com\/es\/producto\/secadora-electrica-smart-check-y-sensor-dry-20-kg\/\" \/>\n<meta property=\"og:locale\" content=\"es_ES\" \/>\n<meta property=\"og:type\" content=\"article\" \/>\n<meta property=\"og:title\" content=\"Secadora electrica Smart Check y Sensor DRY, 20 Kg\" \/>\n<meta property=\"og:description\" content=\"Seca la ropa a la perfecci\u00f3n  Seca m\u00e1s prendas en un ciclo  Soluciones f\u00e1ciles\" \/>\n<meta property=\"og:url\" content=\"https:\/\/www.clxonline.com\/es\/producto\/secadora-electrica-smart-check-y-sensor-dry-20-kg\/\" \/>\n<meta property=\"og:site_name\" content=\"CLX Online\" \/>\n<meta property=\"article:modified_time\" content=\"2024-04-20T05:00:46+00:00\" \/>\n<meta property=\"og:image\" content=\"https:\/\/www.clxonline.com\/wp-content\/uploads\/2021\/03\/latin-dryer-dve20t6000w-dve20t6000w-ap-frontwhite-310937712.jpg\" \/>\n\t<meta property=\"og:image:width\" content=\"684\" \/>\n\t<meta property=\"og:image:height\" content=\"547\" \/>\n\t<meta property=\"og:image:type\" content=\"image\/jpeg\" \/>\n<meta name=\"twitter:card\" content=\"summary_large_image\" \/>\n<script type=\"application\/ld+json\" class=\"yoast-schema-graph\">{\"@context\":\"https:\/\/schema.org\",\"@graph\":[{\"@type\":\"WebPage\",\"@id\":\"https:\/\/www.clxonline.com\/es\/producto\/secadora-electrica-smart-check-y-sensor-dry-20-kg\/\",\"url\":\"https:\/\/www.clxonline.com\/es\/producto\/secadora-electrica-smart-check-y-sensor-dry-20-kg\/\",\"name\":\"Secadora electrica Smart Check y Sensor DRY, 20 Kg - CLX Online\",\"isPartOf\":{\"@id\":\"https:\/\/www.clxonline.com\/es\/#website\"},\"primaryImageOfPage\":{\"@id\":\"https:\/\/www.clxonline.com\/es\/producto\/secadora-electrica-smart-check-y-sensor-dry-20-kg\/#primaryimage\"},\"image\":{\"@id\":\"https:\/\/www.clxonline.com\/es\/producto\/secadora-electrica-smart-check-y-sensor-dry-20-kg\/#primaryimage\"},\"thumbnailUrl\":\"https:\/\/www.clxonline.com\/wp-content\/uploads\/2021\/03\/latin-dryer-dve20t6000w-dve20t6000w-ap-frontwhite-310937712.jpg\",\"datePublished\":\"2021-03-25T17:05:46+00:00\",\"dateModified\":\"2024-04-20T05:00:46+00:00\",\"breadcrumb\":{\"@id\":\"https:\/\/www.clxonline.com\/es\/producto\/secadora-electrica-smart-check-y-sensor-dry-20-kg\/#breadcrumb\"},\"inLanguage\":\"es\",\"potentialAction\":[{\"@type\":\"ReadAction\",\"target\":[\"https:\/\/www.clxonline.com\/es\/producto\/secadora-electrica-smart-check-y-sensor-dry-20-kg\/\"]}]},{\"@type\":\"ImageObject\",\"inLanguage\":\"es\",\"@id\":\"https:\/\/www.clxonline.com\/es\/producto\/secadora-electrica-smart-check-y-sensor-dry-20-kg\/#primaryimage\",\"url\":\"https:\/\/www.clxonline.com\/wp-content\/uploads\/2021\/03\/latin-dryer-dve20t6000w-dve20t6000w-ap-frontwhite-310937712.jpg\",\"contentUrl\":\"https:\/\/www.clxonline.com\/wp-content\/uploads\/2021\/03\/latin-dryer-dve20t6000w-dve20t6000w-ap-frontwhite-310937712.jpg\",\"width\":684,\"height\":547},{\"@type\":\"BreadcrumbList\",\"@id\":\"https:\/\/www.clxonline.com\/es\/producto\/secadora-electrica-smart-check-y-sensor-dry-20-kg\/#breadcrumb\",\"itemListElement\":[{\"@type\":\"ListItem\",\"position\":1,\"name\":\"Home\",\"item\":\"https:\/\/www.clxonline.com\/\"},{\"@type\":\"ListItem\",\"position\":2,\"name\":\"Shop\",\"item\":\"https:\/\/www.clxonline.com\/shop\/\"},{\"@type\":\"ListItem\",\"position\":3,\"name\":\"Secadora electrica Smart Check y Sensor DRY, 20 Kg\"}]},{\"@type\":\"WebSite\",\"@id\":\"https:\/\/www.clxonline.com\/es\/#website\",\"url\":\"https:\/\/www.clxonline.com\/es\/\",\"name\":\"CLX Online\",\"description\":\"Offical Partner\",\"potentialAction\":[{\"@type\":\"SearchAction\",\"target\":{\"@type\":\"EntryPoint\",\"urlTemplate\":\"https:\/\/www.clxonline.com\/es\/?s={search_term_string}\"},\"query-input\":{\"@type\":\"PropertyValueSpecification\",\"valueRequired\":true,\"valueName\":\"search_term_string\"}}],\"inLanguage\":\"es\"}]}<\/script>\n<!-- \/ Yoast SEO Premium plugin. -->","yoast_head_json":{"title":"Secadora electrica Smart Check y Sensor DRY, 20 Kg - CLX Online","robots":{"index":"index","follow":"follow","max-snippet":"max-snippet:-1","max-image-preview":"max-image-preview:large","max-video-preview":"max-video-preview:-1"},"canonical":"https:\/\/www.clxonline.com\/es\/producto\/secadora-electrica-smart-check-y-sensor-dry-20-kg\/","og_locale":"es_ES","og_type":"article","og_title":"Secadora electrica Smart Check y Sensor DRY, 20 Kg","og_description":"Seca la ropa a la perfecci\u00f3n  Seca m\u00e1s prendas en un ciclo  Soluciones f\u00e1ciles","og_url":"https:\/\/www.clxonline.com\/es\/producto\/secadora-electrica-smart-check-y-sensor-dry-20-kg\/","og_site_name":"CLX Online","article_modified_time":"2024-04-20T05:00:46+00:00","og_image":[{"width":684,"height":547,"url":"https:\/\/www.clxonline.com\/wp-content\/uploads\/2021\/03\/latin-dryer-dve20t6000w-dve20t6000w-ap-frontwhite-310937712.jpg","type":"image\/jpeg"}],"twitter_card":"summary_large_image","schema":{"@context":"https:\/\/schema.org","@graph":[{"@type":"WebPage","@id":"https:\/\/www.clxonline.com\/es\/producto\/secadora-electrica-smart-check-y-sensor-dry-20-kg\/","url":"https:\/\/www.clxonline.com\/es\/producto\/secadora-electrica-smart-check-y-sensor-dry-20-kg\/","name":"Secadora electrica Smart Check y Sensor DRY, 20 Kg - CLX Online","isPartOf":{"@id":"https:\/\/www.clxonline.com\/es\/#website"},"primaryImageOfPage":{"@id":"https:\/\/www.clxonline.com\/es\/producto\/secadora-electrica-smart-check-y-sensor-dry-20-kg\/#primaryimage"},"image":{"@id":"https:\/\/www.clxonline.com\/es\/producto\/secadora-electrica-smart-check-y-sensor-dry-20-kg\/#primaryimage"},"thumbnailUrl":"https:\/\/www.clxonline.com\/wp-content\/uploads\/2021\/03\/latin-dryer-dve20t6000w-dve20t6000w-ap-frontwhite-310937712.jpg","datePublished":"2021-03-25T17:05:46+00:00","dateModified":"2024-04-20T05:00:46+00:00","breadcrumb":{"@id":"https:\/\/www.clxonline.com\/es\/producto\/secadora-electrica-smart-check-y-sensor-dry-20-kg\/#breadcrumb"},"inLanguage":"es","potentialAction":[{"@type":"ReadAction","target":["https:\/\/www.clxonline.com\/es\/producto\/secadora-electrica-smart-check-y-sensor-dry-20-kg\/"]}]},{"@type":"ImageObject","inLanguage":"es","@id":"https:\/\/www.clxonline.com\/es\/producto\/secadora-electrica-smart-check-y-sensor-dry-20-kg\/#primaryimage","url":"https:\/\/www.clxonline.com\/wp-content\/uploads\/2021\/03\/latin-dryer-dve20t6000w-dve20t6000w-ap-frontwhite-310937712.jpg","contentUrl":"https:\/\/www.clxonline.com\/wp-content\/uploads\/2021\/03\/latin-dryer-dve20t6000w-dve20t6000w-ap-frontwhite-310937712.jpg","width":684,"height":547},{"@type":"BreadcrumbList","@id":"https:\/\/www.clxonline.com\/es\/producto\/secadora-electrica-smart-check-y-sensor-dry-20-kg\/#breadcrumb","itemListElement":[{"@type":"ListItem","position":1,"name":"Home","item":"https:\/\/www.clxonline.com\/"},{"@type":"ListItem","position":2,"name":"Shop","item":"https:\/\/www.clxonline.com\/shop\/"},{"@type":"ListItem","position":3,"name":"Secadora electrica Smart Check y Sensor DRY, 20 Kg"}]},{"@type":"WebSite","@id":"https:\/\/www.clxonline.com\/es\/#website","url":"https:\/\/www.clxonline.com\/es\/","name":"CLX Online","description":"Offical Partner","potentialAction":[{"@type":"SearchAction","target":{"@type":"EntryPoint","urlTemplate":"https:\/\/www.clxonline.com\/es\/?s={search_term_string}"},"query-input":{"@type":"PropertyValueSpecification","valueRequired":true,"valueName":"search_term_string"}}],"inLanguage":"es"}]}},"_links":{"self":[{"href":"https:\/\/www.clxonline.com\/es\/wp-json\/wp\/v2\/product\/952","targetHints":{"allow":["GET"]}}],"collection":[{"href":"https:\/\/www.clxonline.com\/es\/wp-json\/wp\/v2\/product"}],"about":[{"href":"https:\/\/www.clxonline.com\/es\/wp-json\/wp\/v2\/types\/product"}],"replies":[{"embeddable":true,"href":"https:\/\/www.clxonline.com\/es\/wp-json\/wp\/v2\/comments?post=952"}],"wp:featuredmedia":[{"embeddable":true,"href":"https:\/\/www.clxonline.com\/es\/wp-json\/wp\/v2\/media\/953"}],"wp:attachment":[{"href":"https:\/\/www.clxonline.com\/es\/wp-json\/wp\/v2\/media?parent=952"}],"wp:term":[{"taxonomy":"product_brand","embeddable":true,"href":"https:\/\/www.clxonline.com\/es\/wp-json\/wp\/v2\/product_brand?post=952"},{"taxonomy":"product_cat","embeddable":true,"href":"https:\/\/www.clxonline.com\/es\/wp-json\/wp\/v2\/product_cat?post=952"},{"taxonomy":"product_tag","embeddable":true,"href":"https:\/\/www.clxonline.com\/es\/wp-json\/wp\/v2\/product_tag?post=952"}],"curies":[{"name":"wp","href":"https:\/\/api.w.org\/{rel}","templated":true}]}}