{"id":975,"date":"2021-03-25T13:12:15","date_gmt":"2021-03-25T17:12:15","guid":{"rendered":"https:\/\/www.clxonline.com\/?post_type=product&#038;p=975"},"modified":"2022-05-06T19:11:22","modified_gmt":"2022-05-06T23:11:22","slug":"refrigefador-french-door-inox-look-547-l","status":"publish","type":"product","link":"https:\/\/www.clxonline.com\/es\/producto\/refrigefador-french-door-inox-look-547-l\/","title":{"rendered":"Refrigefador French Door Inox Look, 547 L"},"content":{"rendered":"<div class=\"feature-benefit__text-wrap\">\n<div class=\"feature-benefit__text\">\n<div class=\"feature-benefit__desc-wrap\">\n<p class=\"feature-benefit__desc contrast-target\" data-font-size-mo=\"12\" data-font-size-pc=\"18\">Si le gusta comprar en cantidad, el refrigerador RF220 acomoda f\u00e1cilmente sus compras. Las funciones como la ayuda de luz LED aumentan el espacio de almacenamiento en sus compartimentos de refrigerador y congelador, y as\u00ed darle lugar suficiente para guardar 55 litros de leche extra. El espacio adicional tambi\u00e9n lo ayuda a organizar mejor sus alimentos, para que pueda encontrar f\u00e1cilmente ese tarro de mayonesa sin dejar la puerta abierta por mucho tiempo.<\/p>\n<\/div>\n<\/div>\n<\/div>\n","protected":false},"excerpt":{"rendered":"<ul class=\"dot-list\">\n<li class=\"dot-list__item\"><strong><span class=\"usp-text\">El refrigerador de tres puertas m\u00e1s espacioso de su clase<\/span><\/strong><\/li>\n<li class=\"dot-list__item\"><strong><span class=\"usp-text\">La combinaci\u00f3n de mayor flexibilidad y mayor capacidad<\/span><\/strong><\/li>\n<li class=\"dot-list__item\"><strong><span class=\"usp-text\">M\u00e1s brillante, suave, y con energ\u00eda m\u00e1s eficiente<\/span><\/strong><\/li>\n<\/ul>\n","protected":false},"featured_media":976,"comment_status":"open","ping_status":"closed","template":"","meta":{"_et_pb_use_builder":"","_et_pb_old_content":"","_et_gb_content_width":""},"product_brand":[],"product_cat":[79,82],"product_tag":[],"class_list":{"0":"post-975","1":"product","2":"type-product","3":"status-publish","4":"has-post-thumbnail","6":"product_cat-linea-blanca","7":"product_cat-refrigeradoras","9":"first","10":"instock","11":"shipping-taxable","12":"product-type-simple"},"yoast_head":"<!-- This site is optimized with the Yoast SEO Premium plugin v21.9 (Yoast SEO v27.2) - https:\/\/yoast.com\/product\/yoast-seo-premium-wordpress\/ -->\n<title>Refrigefador French Door Inox Look, 547 L - CLX Online<\/title>\n<meta name=\"robots\" content=\"index, follow, max-snippet:-1, max-image-preview:large, max-video-preview:-1\" \/>\n<link rel=\"canonical\" href=\"https:\/\/www.clxonline.com\/es\/producto\/refrigefador-french-door-inox-look-547-l\/\" \/>\n<meta property=\"og:locale\" content=\"es_ES\" \/>\n<meta property=\"og:type\" content=\"article\" \/>\n<meta property=\"og:title\" content=\"Refrigefador French Door Inox Look, 547 L\" \/>\n<meta property=\"og:description\" content=\"El refrigerador de tres puertas m\u00e1s espacioso de su clase  La combinaci\u00f3n de mayor flexibilidad y mayor capacidad  M\u00e1s brillante, suave, y con energ\u00eda m\u00e1s eficiente\" \/>\n<meta property=\"og:url\" content=\"https:\/\/www.clxonline.com\/es\/producto\/refrigefador-french-door-inox-look-547-l\/\" \/>\n<meta property=\"og:site_name\" content=\"CLX Online\" \/>\n<meta property=\"article:modified_time\" content=\"2022-05-06T23:11:22+00:00\" \/>\n<meta property=\"og:image\" content=\"https:\/\/www.clxonline.com\/wp-content\/uploads\/2021\/03\/latin-french-door-rf220fctas8ap-rf220fctas8-ap-frontsilver-153864173-1.jpg\" \/>\n\t<meta property=\"og:image:width\" content=\"684\" \/>\n\t<meta property=\"og:image:height\" content=\"547\" \/>\n\t<meta property=\"og:image:type\" content=\"image\/jpeg\" \/>\n<meta name=\"twitter:card\" content=\"summary_large_image\" \/>\n<script type=\"application\/ld+json\" class=\"yoast-schema-graph\">{\"@context\":\"https:\/\/schema.org\",\"@graph\":[{\"@type\":\"WebPage\",\"@id\":\"https:\/\/www.clxonline.com\/es\/producto\/refrigefador-french-door-inox-look-547-l\/\",\"url\":\"https:\/\/www.clxonline.com\/es\/producto\/refrigefador-french-door-inox-look-547-l\/\",\"name\":\"Refrigefador French Door Inox Look, 547 L - CLX Online\",\"isPartOf\":{\"@id\":\"https:\/\/www.clxonline.com\/es\/#website\"},\"primaryImageOfPage\":{\"@id\":\"https:\/\/www.clxonline.com\/es\/producto\/refrigefador-french-door-inox-look-547-l\/#primaryimage\"},\"image\":{\"@id\":\"https:\/\/www.clxonline.com\/es\/producto\/refrigefador-french-door-inox-look-547-l\/#primaryimage\"},\"thumbnailUrl\":\"https:\/\/www.clxonline.com\/wp-content\/uploads\/2021\/03\/latin-french-door-rf220fctas8ap-rf220fctas8-ap-frontsilver-153864173-1.jpg\",\"datePublished\":\"2021-03-25T17:12:15+00:00\",\"dateModified\":\"2022-05-06T23:11:22+00:00\",\"breadcrumb\":{\"@id\":\"https:\/\/www.clxonline.com\/es\/producto\/refrigefador-french-door-inox-look-547-l\/#breadcrumb\"},\"inLanguage\":\"es\",\"potentialAction\":[{\"@type\":\"ReadAction\",\"target\":[\"https:\/\/www.clxonline.com\/es\/producto\/refrigefador-french-door-inox-look-547-l\/\"]}]},{\"@type\":\"ImageObject\",\"inLanguage\":\"es\",\"@id\":\"https:\/\/www.clxonline.com\/es\/producto\/refrigefador-french-door-inox-look-547-l\/#primaryimage\",\"url\":\"https:\/\/www.clxonline.com\/wp-content\/uploads\/2021\/03\/latin-french-door-rf220fctas8ap-rf220fctas8-ap-frontsilver-153864173-1.jpg\",\"contentUrl\":\"https:\/\/www.clxonline.com\/wp-content\/uploads\/2021\/03\/latin-french-door-rf220fctas8ap-rf220fctas8-ap-frontsilver-153864173-1.jpg\",\"width\":684,\"height\":547},{\"@type\":\"BreadcrumbList\",\"@id\":\"https:\/\/www.clxonline.com\/es\/producto\/refrigefador-french-door-inox-look-547-l\/#breadcrumb\",\"itemListElement\":[{\"@type\":\"ListItem\",\"position\":1,\"name\":\"Home\",\"item\":\"https:\/\/www.clxonline.com\/\"},{\"@type\":\"ListItem\",\"position\":2,\"name\":\"Shop\",\"item\":\"https:\/\/www.clxonline.com\/shop\/\"},{\"@type\":\"ListItem\",\"position\":3,\"name\":\"Refrigefador French Door Inox Look, 547 L\"}]},{\"@type\":\"WebSite\",\"@id\":\"https:\/\/www.clxonline.com\/es\/#website\",\"url\":\"https:\/\/www.clxonline.com\/es\/\",\"name\":\"CLX Online\",\"description\":\"Offical Partner\",\"potentialAction\":[{\"@type\":\"SearchAction\",\"target\":{\"@type\":\"EntryPoint\",\"urlTemplate\":\"https:\/\/www.clxonline.com\/es\/?s={search_term_string}\"},\"query-input\":{\"@type\":\"PropertyValueSpecification\",\"valueRequired\":true,\"valueName\":\"search_term_string\"}}],\"inLanguage\":\"es\"}]}<\/script>\n<!-- \/ Yoast SEO Premium plugin. -->","yoast_head_json":{"title":"Refrigefador French Door Inox Look, 547 L - CLX Online","robots":{"index":"index","follow":"follow","max-snippet":"max-snippet:-1","max-image-preview":"max-image-preview:large","max-video-preview":"max-video-preview:-1"},"canonical":"https:\/\/www.clxonline.com\/es\/producto\/refrigefador-french-door-inox-look-547-l\/","og_locale":"es_ES","og_type":"article","og_title":"Refrigefador French Door Inox Look, 547 L","og_description":"El refrigerador de tres puertas m\u00e1s espacioso de su clase  La combinaci\u00f3n de mayor flexibilidad y mayor capacidad  M\u00e1s brillante, suave, y con energ\u00eda m\u00e1s eficiente","og_url":"https:\/\/www.clxonline.com\/es\/producto\/refrigefador-french-door-inox-look-547-l\/","og_site_name":"CLX Online","article_modified_time":"2022-05-06T23:11:22+00:00","og_image":[{"width":684,"height":547,"url":"https:\/\/www.clxonline.com\/wp-content\/uploads\/2021\/03\/latin-french-door-rf220fctas8ap-rf220fctas8-ap-frontsilver-153864173-1.jpg","type":"image\/jpeg"}],"twitter_card":"summary_large_image","schema":{"@context":"https:\/\/schema.org","@graph":[{"@type":"WebPage","@id":"https:\/\/www.clxonline.com\/es\/producto\/refrigefador-french-door-inox-look-547-l\/","url":"https:\/\/www.clxonline.com\/es\/producto\/refrigefador-french-door-inox-look-547-l\/","name":"Refrigefador French Door Inox Look, 547 L - CLX Online","isPartOf":{"@id":"https:\/\/www.clxonline.com\/es\/#website"},"primaryImageOfPage":{"@id":"https:\/\/www.clxonline.com\/es\/producto\/refrigefador-french-door-inox-look-547-l\/#primaryimage"},"image":{"@id":"https:\/\/www.clxonline.com\/es\/producto\/refrigefador-french-door-inox-look-547-l\/#primaryimage"},"thumbnailUrl":"https:\/\/www.clxonline.com\/wp-content\/uploads\/2021\/03\/latin-french-door-rf220fctas8ap-rf220fctas8-ap-frontsilver-153864173-1.jpg","datePublished":"2021-03-25T17:12:15+00:00","dateModified":"2022-05-06T23:11:22+00:00","breadcrumb":{"@id":"https:\/\/www.clxonline.com\/es\/producto\/refrigefador-french-door-inox-look-547-l\/#breadcrumb"},"inLanguage":"es","potentialAction":[{"@type":"ReadAction","target":["https:\/\/www.clxonline.com\/es\/producto\/refrigefador-french-door-inox-look-547-l\/"]}]},{"@type":"ImageObject","inLanguage":"es","@id":"https:\/\/www.clxonline.com\/es\/producto\/refrigefador-french-door-inox-look-547-l\/#primaryimage","url":"https:\/\/www.clxonline.com\/wp-content\/uploads\/2021\/03\/latin-french-door-rf220fctas8ap-rf220fctas8-ap-frontsilver-153864173-1.jpg","contentUrl":"https:\/\/www.clxonline.com\/wp-content\/uploads\/2021\/03\/latin-french-door-rf220fctas8ap-rf220fctas8-ap-frontsilver-153864173-1.jpg","width":684,"height":547},{"@type":"BreadcrumbList","@id":"https:\/\/www.clxonline.com\/es\/producto\/refrigefador-french-door-inox-look-547-l\/#breadcrumb","itemListElement":[{"@type":"ListItem","position":1,"name":"Home","item":"https:\/\/www.clxonline.com\/"},{"@type":"ListItem","position":2,"name":"Shop","item":"https:\/\/www.clxonline.com\/shop\/"},{"@type":"ListItem","position":3,"name":"Refrigefador French Door Inox Look, 547 L"}]},{"@type":"WebSite","@id":"https:\/\/www.clxonline.com\/es\/#website","url":"https:\/\/www.clxonline.com\/es\/","name":"CLX Online","description":"Offical Partner","potentialAction":[{"@type":"SearchAction","target":{"@type":"EntryPoint","urlTemplate":"https:\/\/www.clxonline.com\/es\/?s={search_term_string}"},"query-input":{"@type":"PropertyValueSpecification","valueRequired":true,"valueName":"search_term_string"}}],"inLanguage":"es"}]}},"_links":{"self":[{"href":"https:\/\/www.clxonline.com\/es\/wp-json\/wp\/v2\/product\/975","targetHints":{"allow":["GET"]}}],"collection":[{"href":"https:\/\/www.clxonline.com\/es\/wp-json\/wp\/v2\/product"}],"about":[{"href":"https:\/\/www.clxonline.com\/es\/wp-json\/wp\/v2\/types\/product"}],"replies":[{"embeddable":true,"href":"https:\/\/www.clxonline.com\/es\/wp-json\/wp\/v2\/comments?post=975"}],"wp:featuredmedia":[{"embeddable":true,"href":"https:\/\/www.clxonline.com\/es\/wp-json\/wp\/v2\/media\/976"}],"wp:attachment":[{"href":"https:\/\/www.clxonline.com\/es\/wp-json\/wp\/v2\/media?parent=975"}],"wp:term":[{"taxonomy":"product_brand","embeddable":true,"href":"https:\/\/www.clxonline.com\/es\/wp-json\/wp\/v2\/product_brand?post=975"},{"taxonomy":"product_cat","embeddable":true,"href":"https:\/\/www.clxonline.com\/es\/wp-json\/wp\/v2\/product_cat?post=975"},{"taxonomy":"product_tag","embeddable":true,"href":"https:\/\/www.clxonline.com\/es\/wp-json\/wp\/v2\/product_tag?post=975"}],"curies":[{"name":"wp","href":"https:\/\/api.w.org\/{rel}","templated":true}]}}